{"id":506,"date":"2022-11-23T02:35:19","date_gmt":"2022-11-23T02:35:19","guid":{"rendered":"https:\/\/yingmeipack.com\/?post_type=product&#038;p=506"},"modified":"2022-11-23T02:46:29","modified_gmt":"2022-11-23T02:46:29","slug":"24-400-aluminum-screw-cap-with-customizable-liner-options","status":"publish","type":"product","link":"https:\/\/yingmeipack.com\/fr\/product\/24-400-aluminum-screw-cap-with-customizable-liner-options\/","title":{"rendered":"24-400 Bouchon \u00e0 vis en aluminium avec options de rev\u00eatement personnalisables"},"content":{"rendered":"","protected":false},"excerpt":{"rendered":"<p>Bouchon \u00e0 vis en m\u00e9tal argent\u00e9 24-400 avec des options de doublure personnalisables, y compris mousse PE, joint en mousse, p\u00e2te et aluminium, joint thermique, feuille d'aluminium, joint sensible \u00e0 la pression, p\u00e2te et poly, et plastisol. Ces bouchons sont fabriqu\u00e9s en Chine sur commande. Veuillez pr\u00e9voir un d\u00e9lai de 1 \u00e0 2 semaines pour la fabrication et l'installation r\u00e9guli\u00e8re de la doublure. Pour les commandes de 5 cartons ou plus, veuillez nous contacter pour conna\u00eetre les d\u00e9lais de production avant de passer commande.<\/p>\n<div style=\"width: 1290px;\" class=\"wp-video\"><!--[if lt IE 9]><script>document.createElement('video');<\/script><![endif]--><br \/>\n<video class=\"wp-video-shortcode\" id=\"video-506-1\" width=\"1290\" height=\"726\" loop autoplay preload=\"metadata\" controls=\"controls\"><source type=\"video\/mp4\" src=\"http:\/\/yingmeipack.com\/wp-content\/uploads\/2022\/11\/Aluminum-Screw-Cap.mp4?_=1\" \/><a href=\"http:\/\/yingmeipack.com\/wp-content\/uploads\/2022\/11\/Aluminum-Screw-Cap.mp4\">http:\/\/yingmeipack.com\/wp-content\/uploads\/2022\/11\/Aluminum-Screw-Cap.mp4<\/a><\/video><\/div>","protected":false},"featured_media":507,"template":"","meta":{"_kad_post_transparent":"default","_kad_post_title":"","_kad_post_layout":"default","_kad_post_sidebar_id":"","_kad_post_content_style":"default","_kad_post_vertical_padding":"default","_kad_post_feature":"","_kad_post_feature_position":"","_kad_post_header":false,"_kad_post_footer":false,"jetpack_publicize_message":"","jetpack_publicize_feature_enabled":true,"jetpack_social_post_already_shared":false,"jetpack_social_options":{"image_generator_settings":{"template":"highway","default_image_id":0,"enabled":false},"version":2}},"product_brand":[],"product_cat":[34],"product_tag":[189],"class_list":{"0":"post-506","1":"product","2":"type-product","3":"status-publish","4":"has-post-thumbnail","6":"product_cat-caps","7":"product_tag-aluminum-screw-cap","9":"first","10":"instock","11":"shipping-taxable","12":"product-type-simple","13":"entry","14":"content-bg","15":"loop-entry"},"aioseo_notices":[],"jetpack_publicize_connections":[],"jetpack_sharing_enabled":true,"_links":{"self":[{"href":"https:\/\/yingmeipack.com\/fr\/wp-json\/wp\/v2\/product\/506","targetHints":{"allow":["GET"]}}],"collection":[{"href":"https:\/\/yingmeipack.com\/fr\/wp-json\/wp\/v2\/product"}],"about":[{"href":"https:\/\/yingmeipack.com\/fr\/wp-json\/wp\/v2\/types\/product"}],"version-history":[{"count":1,"href":"https:\/\/yingmeipack.com\/fr\/wp-json\/wp\/v2\/product\/506\/revisions"}],"predecessor-version":[{"id":514,"href":"https:\/\/yingmeipack.com\/fr\/wp-json\/wp\/v2\/product\/506\/revisions\/514"}],"wp:featuredmedia":[{"embeddable":true,"href":"https:\/\/yingmeipack.com\/fr\/wp-json\/wp\/v2\/media\/507"}],"wp:attachment":[{"href":"https:\/\/yingmeipack.com\/fr\/wp-json\/wp\/v2\/media?parent=506"}],"wp:term":[{"taxonomy":"product_brand","embeddable":true,"href":"https:\/\/yingmeipack.com\/fr\/wp-json\/wp\/v2\/product_brand?post=506"},{"taxonomy":"product_cat","embeddable":true,"href":"https:\/\/yingmeipack.com\/fr\/wp-json\/wp\/v2\/product_cat?post=506"},{"taxonomy":"product_tag","embeddable":true,"href":"https:\/\/yingmeipack.com\/fr\/wp-json\/wp\/v2\/product_tag?post=506"}],"curies":[{"name":"wp","href":"https:\/\/api.w.org\/{rel}","templated":true}]}}