{"id":498,"date":"2022-11-23T02:07:30","date_gmt":"2022-11-23T02:07:30","guid":{"rendered":"https:\/\/yingmeipack.com\/?post_type=product&#038;p=498"},"modified":"2025-06-05T09:28:06","modified_gmt":"2025-06-05T09:28:06","slug":"4-oz-aluminum-cans-120ml-screw-lid-storage-tins-containers","status":"publish","type":"product","link":"https:\/\/yingmeipack.com\/fr\/product\/4-oz-aluminum-cans-120ml-screw-lid-storage-tins-containers\/","title":{"rendered":"4 Oz Aluminum Cans 120ml Screw Lid Storage Tins Containers"},"content":{"rendered":"","protected":false},"excerpt":{"rendered":"<p>Ce pot en aluminium \u00e0 couvercle viss\u00e9 est fabriqu\u00e9 \u00e0 partir de mat\u00e9riaux de qualit\u00e9 alimentaire et ses dimensions sont de 83*30 mm. Le paquet comprend 24 bo\u00eetes de conserve rondes \u00e0 couvercle viss\u00e9 de couleur dor\u00e9e. L'emballage en vrac r\u00e9pond \u00e0 vos besoins multiples. La structure du couvercle \u00e0 vis est herm\u00e9tiquement scell\u00e9e et un tampon en mousse est plac\u00e9 sous le couvercle int\u00e9rieur, ce qui permet d'\u00e9viter efficacement les fuites. Fabriqu\u00e9es en aluminium, elles sont l\u00e9g\u00e8res mais durables et faciles \u00e0 transporter. Ces bo\u00eetes de conserve n'ont pas d'ar\u00eates vives, toutes les ar\u00eates sont arrondies et form\u00e9es sans couture. Le mat\u00e9riau peut \u00eatre recycl\u00e9 ou r\u00e9utilis\u00e9. Ces bo\u00eetes sont id\u00e9ales pour les baumes \u00e0 l\u00e8vres, les gloss, les cr\u00e8mes, les cosm\u00e9tiques, les pommades, les pilules, les perles, les vis, les bonbons, les boutons, les pi\u00e8ces de monnaie, les herbes, le th\u00e9, les bougies et bien d'autres choses encore. Ils conviennent \u00e9galement au stockage du slime, \u00e0 la fabrication de bougies et au bricolage.<\/p>\n<div style=\"width: 1280px;\" class=\"wp-video\"><!--[if lt IE 9]><script>document.createElement('video');<\/script><![endif]--><br \/>\n<video class=\"wp-video-shortcode\" id=\"video-498-1\" width=\"1280\" height=\"720\" loop autoplay preload=\"metadata\" controls=\"controls\"><source type=\"video\/mp4\" src=\"http:\/\/yingmeipack.com\/wp-content\/uploads\/2022\/11\/Aluminum-Cosmetics-Jar.mp4?_=1\" \/><a href=\"http:\/\/yingmeipack.com\/wp-content\/uploads\/2022\/11\/Aluminum-Cosmetics-Jar.mp4\">http:\/\/yingmeipack.com\/wp-content\/uploads\/2022\/11\/Aluminum-Cosmetics-Jar.mp4<\/a><\/video><\/div>","protected":false},"featured_media":499,"template":"","meta":{"_kad_post_transparent":"default","_kad_post_title":"","_kad_post_layout":"default","_kad_post_sidebar_id":"","_kad_post_content_style":"default","_kad_post_vertical_padding":"default","_kad_post_feature":"","_kad_post_feature_position":"","_kad_post_header":false,"_kad_post_footer":false,"jetpack_publicize_message":"","jetpack_publicize_feature_enabled":true,"jetpack_social_post_already_shared":false,"jetpack_social_options":{"image_generator_settings":{"template":"highway","default_image_id":0,"enabled":false},"version":2}},"product_brand":[],"product_cat":[28,24,27],"product_tag":[188,187,186],"class_list":{"0":"post-498","1":"product","2":"type-product","3":"status-publish","4":"has-post-thumbnail","6":"product_cat-aluminum-jars","7":"product_cat-jars","8":"product_cat-metal-jars","9":"product_tag-120ml-screw-lid-containers","10":"product_tag-120ml-screw-lid-tins","11":"product_tag-4-oz-aluminum-cans","13":"first","14":"instock","15":"shipping-taxable","16":"purchasable","17":"product-type-simple","18":"entry","19":"content-bg","20":"loop-entry"},"aioseo_notices":[],"jetpack_publicize_connections":[],"jetpack_sharing_enabled":true,"_links":{"self":[{"href":"https:\/\/yingmeipack.com\/fr\/wp-json\/wp\/v2\/product\/498","targetHints":{"allow":["GET"]}}],"collection":[{"href":"https:\/\/yingmeipack.com\/fr\/wp-json\/wp\/v2\/product"}],"about":[{"href":"https:\/\/yingmeipack.com\/fr\/wp-json\/wp\/v2\/types\/product"}],"version-history":[{"count":2,"href":"https:\/\/yingmeipack.com\/fr\/wp-json\/wp\/v2\/product\/498\/revisions"}],"predecessor-version":[{"id":505,"href":"https:\/\/yingmeipack.com\/fr\/wp-json\/wp\/v2\/product\/498\/revisions\/505"}],"wp:featuredmedia":[{"embeddable":true,"href":"https:\/\/yingmeipack.com\/fr\/wp-json\/wp\/v2\/media\/499"}],"wp:attachment":[{"href":"https:\/\/yingmeipack.com\/fr\/wp-json\/wp\/v2\/media?parent=498"}],"wp:term":[{"taxonomy":"product_brand","embeddable":true,"href":"https:\/\/yingmeipack.com\/fr\/wp-json\/wp\/v2\/product_brand?post=498"},{"taxonomy":"product_cat","embeddable":true,"href":"https:\/\/yingmeipack.com\/fr\/wp-json\/wp\/v2\/product_cat?post=498"},{"taxonomy":"product_tag","embeddable":true,"href":"https:\/\/yingmeipack.com\/fr\/wp-json\/wp\/v2\/product_tag?post=498"}],"curies":[{"name":"wp","href":"https:\/\/api.w.org\/{rel}","templated":true}]}}