{"id":474,"date":"2022-11-22T01:53:08","date_gmt":"2022-11-22T01:53:08","guid":{"rendered":"https:\/\/yingmeipack.com\/?post_type=product&#038;p=474"},"modified":"2022-11-22T02:04:36","modified_gmt":"2022-11-22T02:04:36","slug":"4oz-120ml-clear-plastic-straight-sided-round-plastic-jar","status":"publish","type":"product","link":"https:\/\/yingmeipack.com\/fr\/product\/4oz-120ml-clear-plastic-straight-sided-round-plastic-jar\/","title":{"rendered":"Bocal rond en plastique transparent \u00e0 c\u00f4t\u00e9s droits 4oz 120ml"},"content":{"rendered":"","protected":false},"excerpt":{"rendered":"<p>Ce pot en plastique transparent est muni d'un couvercle blanc. Sa dimension est de 50*62 mm et sa capacit\u00e9 est de 40oz\/120ml. Ces bocaux sont fabriqu\u00e9s \u00e0 partir de mat\u00e9riaux de qualit\u00e9 alimentaire et sans BPA. Ils sont s\u00fbrs, fiables, durables et r\u00e9utilisables, ne vous inqui\u00e9tez pas des effets nocifs des toxines. Il s'agit d'un excellent r\u00e9cipient pour le stockage \u00e0 domicile, la cuisine, le garde-manger. Vous pouvez l'utiliser pour stocker des aliments secs, des grains de caf\u00e9, de la poudre, du sel, du sucre, du beurre de cacahu\u00e8te, du miel, des biscuits, de la confiture, des snacks, du sel de bain, des produits cosm\u00e9tiques et de la lotion. L'ouverture large vous permet d'acc\u00e9der facilement \u00e0 vos produits. Les couvercles en plastique et la doublure int\u00e9rieure assurent une fermeture herm\u00e9tique pour \u00e9viter les fuites, ce qui permet \u00e9galement de stocker des produits liquides. Facile \u00e0 nettoyer, il n'est pas recommand\u00e9 de le passer au lave-vaisselle. Ne pas verser d'eau bouillante ou d'objets \u00e0 temp\u00e9rature trop \u00e9lev\u00e9e directement dans le bocal.<\/p>\n<div style=\"width: 1290px;\" class=\"wp-video\"><!--[if lt IE 9]><script>document.createElement('video');<\/script><![endif]--><br \/>\n<video class=\"wp-video-shortcode\" id=\"video-474-1\" width=\"1290\" height=\"726\" loop autoplay preload=\"auto\" controls=\"controls\"><source type=\"video\/mp4\" src=\"http:\/\/yingmeipack.com\/wp-content\/uploads\/2022\/11\/4oz-120ml-clear-plastic-straight-sided-round-plastic-jar.mp4?_=1\" \/><a href=\"http:\/\/yingmeipack.com\/wp-content\/uploads\/2022\/11\/4oz-120ml-clear-plastic-straight-sided-round-plastic-jar.mp4\">http:\/\/yingmeipack.com\/wp-content\/uploads\/2022\/11\/4oz-120ml-clear-plastic-straight-sided-round-plastic-jar.mp4<\/a><\/video><\/div>","protected":false},"featured_media":476,"template":"","meta":{"_kad_post_transparent":"default","_kad_post_title":"","_kad_post_layout":"default","_kad_post_sidebar_id":"","_kad_post_content_style":"default","_kad_post_vertical_padding":"default","_kad_post_feature":"","_kad_post_feature_position":"","_kad_post_header":false,"_kad_post_footer":false,"jetpack_publicize_message":"","jetpack_publicize_feature_enabled":true,"jetpack_social_post_already_shared":false,"jetpack_social_options":{"image_generator_settings":{"template":"highway","default_image_id":0,"enabled":false},"version":2}},"product_brand":[],"product_cat":[19,24,20,25],"product_tag":[175,174,176,177],"class_list":{"0":"post-474","1":"product","2":"type-product","3":"status-publish","4":"has-post-thumbnail","6":"product_cat-bottles","7":"product_cat-jars","8":"product_cat-plastic-bottles","9":"product_cat-plastic-jars","10":"product_tag-120ml-plastic-jar","11":"product_tag-4oz-plastic-jar","12":"product_tag-clear-plastic-jar","13":"product_tag-round-plastic-jar","15":"first","16":"instock","17":"shipping-taxable","18":"product-type-simple","19":"entry","20":"content-bg","21":"loop-entry"},"aioseo_notices":[],"jetpack_publicize_connections":[],"jetpack_sharing_enabled":true,"_links":{"self":[{"href":"https:\/\/yingmeipack.com\/fr\/wp-json\/wp\/v2\/product\/474","targetHints":{"allow":["GET"]}}],"collection":[{"href":"https:\/\/yingmeipack.com\/fr\/wp-json\/wp\/v2\/product"}],"about":[{"href":"https:\/\/yingmeipack.com\/fr\/wp-json\/wp\/v2\/types\/product"}],"version-history":[{"count":1,"href":"https:\/\/yingmeipack.com\/fr\/wp-json\/wp\/v2\/product\/474\/revisions"}],"predecessor-version":[{"id":481,"href":"https:\/\/yingmeipack.com\/fr\/wp-json\/wp\/v2\/product\/474\/revisions\/481"}],"wp:featuredmedia":[{"embeddable":true,"href":"https:\/\/yingmeipack.com\/fr\/wp-json\/wp\/v2\/media\/476"}],"wp:attachment":[{"href":"https:\/\/yingmeipack.com\/fr\/wp-json\/wp\/v2\/media?parent=474"}],"wp:term":[{"taxonomy":"product_brand","embeddable":true,"href":"https:\/\/yingmeipack.com\/fr\/wp-json\/wp\/v2\/product_brand?post=474"},{"taxonomy":"product_cat","embeddable":true,"href":"https:\/\/yingmeipack.com\/fr\/wp-json\/wp\/v2\/product_cat?post=474"},{"taxonomy":"product_tag","embeddable":true,"href":"https:\/\/yingmeipack.com\/fr\/wp-json\/wp\/v2\/product_tag?post=474"}],"curies":[{"name":"wp","href":"https:\/\/api.w.org\/{rel}","templated":true}]}}