{"id":457,"date":"2022-11-21T14:12:00","date_gmt":"2022-11-21T14:12:00","guid":{"rendered":"https:\/\/yingmeipack.com\/?post_type=product&#038;p=457"},"modified":"2022-11-21T14:27:22","modified_gmt":"2022-11-21T14:27:22","slug":"round-matte-black-aluminum-jars-travel-tins-containers-cans","status":"publish","type":"product","link":"https:\/\/yingmeipack.com\/fr\/product\/round-matte-black-aluminum-jars-travel-tins-containers-cans\/","title":{"rendered":"Bocaux de voyage en aluminium rond noir mat Bo\u00eetes de conserve Bo\u00eetes de conserve"},"content":{"rendered":"","protected":false},"excerpt":{"rendered":"<p>L'aluminium est un m\u00e9tal l\u00e9ger qui pr\u00e9sente une excellente r\u00e9sistance \u00e0 la rouille. Il convient donc parfaitement \u00e0 la fabrication de photophores. Ces photophores sont constitu\u00e9s d'une structure sans soudure recouverte d'un rev\u00eatement noir. Les bo\u00eetes rondes en aluminium sont estamp\u00e9es en une seule pi\u00e8ce et sans soudure, de sorte qu'il n'y a pas de fuites lat\u00e9rales. Le couvercle \u00e0 vis est facile \u00e0 fermer et \u00e0 ouvrir. Il est accompagn\u00e9 d'un tampon en mousse pour renforcer l'\u00e9tanch\u00e9it\u00e9. Ces bo\u00eetes \u00e0 bougies de 9 oz ont une hauteur de 101 mm et un diam\u00e8tre de 83 mm. Leur couvercle est plat, ce qui permet non seulement de les empiler proprement, mais aussi d'y apposer une jolie \u00e9tiquette. Nos bocaux en aluminium peuvent s'av\u00e9rer utiles pour de nombreuses occasions. Vous pouvez les utiliser non seulement comme contenants pour bougies, mais aussi comme pots de rangement pour les objets artisanaux, les baumes \u00e0 l\u00e8vres, les \u00e9chantillons, les vis et autres petites pi\u00e8ces, etc. Une fois que vous avez achet\u00e9 nos pots en fer blanc avec couvercles, vous avez droit \u00e0 un remboursement sans souci de 30 jours. Si vous avez des questions ou des doutes sur le produit, n'h\u00e9sitez pas \u00e0 nous envoyer un e-mail. Nous vous r\u00e9pondrons dans les plus brefs d\u00e9lais.<\/p>\n<div style=\"width: 1290px;\" class=\"wp-video\"><!--[if lt IE 9]><script>document.createElement('video');<\/script><![endif]--><br \/>\n<video class=\"wp-video-shortcode\" id=\"video-457-1\" width=\"1290\" height=\"726\" loop autoplay preload=\"auto\" controls=\"controls\"><source type=\"video\/mp4\" src=\"http:\/\/yingmeipack.com\/wp-content\/uploads\/2022\/11\/Matte-Black-Aluminum-Jars.mp4?_=1\" \/><a href=\"http:\/\/yingmeipack.com\/wp-content\/uploads\/2022\/11\/Matte-Black-Aluminum-Jars.mp4\">http:\/\/yingmeipack.com\/wp-content\/uploads\/2022\/11\/Matte-Black-Aluminum-Jars.mp4<\/a><\/video><\/div>","protected":false},"featured_media":458,"template":"","meta":{"_kad_post_transparent":"default","_kad_post_title":"","_kad_post_layout":"default","_kad_post_sidebar_id":"","_kad_post_content_style":"default","_kad_post_vertical_padding":"default","_kad_post_feature":"","_kad_post_feature_position":"","_kad_post_header":false,"_kad_post_footer":false,"jetpack_publicize_message":"","jetpack_publicize_feature_enabled":true,"jetpack_social_post_already_shared":false,"jetpack_social_options":{"image_generator_settings":{"template":"highway","default_image_id":0,"enabled":false},"version":2}},"product_brand":[],"product_cat":[28,24,27],"product_tag":[169,168,167,166,58],"class_list":{"0":"post-457","1":"product","2":"type-product","3":"status-publish","4":"has-post-thumbnail","6":"product_cat-aluminum-jars","7":"product_cat-jars","8":"product_cat-metal-jars","9":"product_tag-aluminum-travel-cans","10":"product_tag-aluminum-travel-containers","11":"product_tag-aluminum-travel-tins","12":"product_tag-matte-black-aluminum-jars","13":"product_tag-round-aluminum-jars","15":"first","16":"instock","17":"shipping-taxable","18":"product-type-simple","19":"entry","20":"content-bg","21":"loop-entry"},"aioseo_notices":[],"jetpack_publicize_connections":[],"jetpack_sharing_enabled":true,"_links":{"self":[{"href":"https:\/\/yingmeipack.com\/fr\/wp-json\/wp\/v2\/product\/457","targetHints":{"allow":["GET"]}}],"collection":[{"href":"https:\/\/yingmeipack.com\/fr\/wp-json\/wp\/v2\/product"}],"about":[{"href":"https:\/\/yingmeipack.com\/fr\/wp-json\/wp\/v2\/types\/product"}],"version-history":[{"count":1,"href":"https:\/\/yingmeipack.com\/fr\/wp-json\/wp\/v2\/product\/457\/revisions"}],"predecessor-version":[{"id":466,"href":"https:\/\/yingmeipack.com\/fr\/wp-json\/wp\/v2\/product\/457\/revisions\/466"}],"wp:featuredmedia":[{"embeddable":true,"href":"https:\/\/yingmeipack.com\/fr\/wp-json\/wp\/v2\/media\/458"}],"wp:attachment":[{"href":"https:\/\/yingmeipack.com\/fr\/wp-json\/wp\/v2\/media?parent=457"}],"wp:term":[{"taxonomy":"product_brand","embeddable":true,"href":"https:\/\/yingmeipack.com\/fr\/wp-json\/wp\/v2\/product_brand?post=457"},{"taxonomy":"product_cat","embeddable":true,"href":"https:\/\/yingmeipack.com\/fr\/wp-json\/wp\/v2\/product_cat?post=457"},{"taxonomy":"product_tag","embeddable":true,"href":"https:\/\/yingmeipack.com\/fr\/wp-json\/wp\/v2\/product_tag?post=457"}],"curies":[{"name":"wp","href":"https:\/\/api.w.org\/{rel}","templated":true}]}}