{"id":4470,"date":"2025-11-14T09:04:27","date_gmt":"2025-11-14T09:04:27","guid":{"rendered":"https:\/\/yingmeipack.com\/?post_type=product&#038;p=4470"},"modified":"2025-11-14T09:14:29","modified_gmt":"2025-11-14T09:14:29","slug":"high-quality-120ml-vibrant-green-aluminum-jar-cosmetic-jar","status":"publish","type":"product","link":"https:\/\/yingmeipack.com\/fr\/product\/high-quality-120ml-vibrant-green-aluminum-jar-cosmetic-jar\/","title":{"rendered":"High Quality 120ml Vibrant Green Aluminum Jar Cosmetic Jar"},"content":{"rendered":"","protected":false},"excerpt":{"rendered":"<p>Package: Includes 48 pieces of stylish green color screw top round tins and 48 pieces white round labels. Bulk pack meets your multipurpose uses.<br \/>\nSize: The round tin measures 83mm in diameter and 30mm height with a capacity of 4 oz. \/ 120 ml. The round labels measures 2-3\/8&#8243; in diameter.<br \/>\nMat\u00e9riau : Fabriqu\u00e9 en aluminium, l\u00e9ger mais durable, facile \u00e0 transporter.<br \/>\nCouvercle \u00e0 vis : Le couvercle \u00e0 vis \u00e9tanche \u00e9limine le risque de fuite ou de fonte et prot\u00e8ge vos produits de l'exposition \u00e0 la lumi\u00e8re et aux temp\u00e9ratures \u00e9lev\u00e9es.<br \/>\nUtilisations polyvalentes : Excellents contenants pour les baumes \u00e0 l\u00e8vres, les gloss, les cr\u00e8mes, les cosm\u00e9tiques, les pommades, les pilules, les perles, les vis, les bonbons, les boutons, les pi\u00e8ces de monnaie, les herbes, les bougies et bien d'autres choses encore.<\/p>","protected":false},"featured_media":4476,"template":"","meta":{"_kad_post_transparent":"default","_kad_post_title":"","_kad_post_layout":"default","_kad_post_sidebar_id":"","_kad_post_content_style":"default","_kad_post_vertical_padding":"default","_kad_post_feature":"","_kad_post_feature_position":"","_kad_post_header":false,"_kad_post_footer":false,"jetpack_publicize_message":"","jetpack_publicize_feature_enabled":true,"jetpack_social_post_already_shared":true,"jetpack_social_options":{"image_generator_settings":{"template":"highway","default_image_id":0,"enabled":false},"version":2}},"product_brand":[],"product_cat":[28,24,27],"product_tag":[861,282,464],"class_list":{"0":"post-4470","1":"product","2":"type-product","3":"status-publish","4":"has-post-thumbnail","6":"product_cat-aluminum-jars","7":"product_cat-jars","8":"product_cat-metal-jars","9":"product_tag-120ml-vibrant-green-aluminum-jar","10":"product_tag-aluminum-jar","11":"product_tag-cosmetic-jar","13":"first","14":"instock","15":"shipping-taxable","16":"purchasable","17":"product-type-simple","18":"entry","19":"content-bg","20":"loop-entry"},"aioseo_notices":[],"jetpack_publicize_connections":[],"jetpack_sharing_enabled":true,"_links":{"self":[{"href":"https:\/\/yingmeipack.com\/fr\/wp-json\/wp\/v2\/product\/4470","targetHints":{"allow":["GET"]}}],"collection":[{"href":"https:\/\/yingmeipack.com\/fr\/wp-json\/wp\/v2\/product"}],"about":[{"href":"https:\/\/yingmeipack.com\/fr\/wp-json\/wp\/v2\/types\/product"}],"version-history":[{"count":1,"href":"https:\/\/yingmeipack.com\/fr\/wp-json\/wp\/v2\/product\/4470\/revisions"}],"predecessor-version":[{"id":4477,"href":"https:\/\/yingmeipack.com\/fr\/wp-json\/wp\/v2\/product\/4470\/revisions\/4477"}],"wp:featuredmedia":[{"embeddable":true,"href":"https:\/\/yingmeipack.com\/fr\/wp-json\/wp\/v2\/media\/4476"}],"wp:attachment":[{"href":"https:\/\/yingmeipack.com\/fr\/wp-json\/wp\/v2\/media?parent=4470"}],"wp:term":[{"taxonomy":"product_brand","embeddable":true,"href":"https:\/\/yingmeipack.com\/fr\/wp-json\/wp\/v2\/product_brand?post=4470"},{"taxonomy":"product_cat","embeddable":true,"href":"https:\/\/yingmeipack.com\/fr\/wp-json\/wp\/v2\/product_cat?post=4470"},{"taxonomy":"product_tag","embeddable":true,"href":"https:\/\/yingmeipack.com\/fr\/wp-json\/wp\/v2\/product_tag?post=4470"}],"curies":[{"name":"wp","href":"https:\/\/api.w.org\/{rel}","templated":true}]}}