{"id":440,"date":"2022-11-21T13:22:32","date_gmt":"2022-11-21T13:22:32","guid":{"rendered":"https:\/\/yingmeipack.com\/?post_type=product&#038;p=440"},"modified":"2022-11-21T13:36:07","modified_gmt":"2022-11-21T13:36:07","slug":"80ml-refilled-colored-plastic-cosmetic-jar-container-with-lid","status":"publish","type":"product","link":"https:\/\/yingmeipack.com\/fr\/product\/80ml-refilled-colored-plastic-cosmetic-jar-container-with-lid\/","title":{"rendered":"Bocal cosm\u00e9tique en plastique color\u00e9 de 80ml avec couvercle"},"content":{"rendered":"","protected":false},"excerpt":{"rendered":"<p>Ce pot rond transparent de 80 ml avec couvercle \u00e0 vis est fabriqu\u00e9 en plastique de qualit\u00e9 alimentaire. La taille de ce pot cosm\u00e9tique en plastique est de 38*70 mm (diam\u00e8tre x hauteur). Les pots en plastique color\u00e9s ont des couvercles \u00e0 vis ronds s\u00e9curis\u00e9s. Le fond du pot est en plastique \u00e9pais \u00e0 double paroi, \u00e9tanche et sans BPA. R\u00e9sistant \u00e0 la rupture et \u00e0 l'emballage. Bocal \u00e0 large ouverture - Facile \u00e0 ouvrir et \u00e0 fermer pour le remplissage et le retrait. Stockage plus important et application plus large. Facile \u00e0 ouvrir et \u00e0 fermer gr\u00e2ce aux couvercles viss\u00e9s. R\u00e9utilisable pour une utilisation \u00e0 long terme. Peut \u00eatre utilis\u00e9 pour le stockage, l'affichage, le m\u00e9lange, le bricolage ou les cadeaux de f\u00eate pour les amis et la famille. Pots r\u00e9utilisables pour stocker des produits de beaut\u00e9, des cr\u00e8mes, des liquides, des pilules, des poudres, des petits accessoires, des articles de quincaillerie ou de cuisine. Facile \u00e0 reconna\u00eetre et \u00e0 organiser.<\/p>","protected":false},"featured_media":441,"template":"","meta":{"_kad_post_transparent":"default","_kad_post_title":"","_kad_post_layout":"default","_kad_post_sidebar_id":"","_kad_post_content_style":"default","_kad_post_vertical_padding":"default","_kad_post_feature":"","_kad_post_feature_position":"","_kad_post_header":false,"_kad_post_footer":false,"jetpack_publicize_message":"","jetpack_publicize_feature_enabled":true,"jetpack_social_post_already_shared":false,"jetpack_social_options":{"image_generator_settings":{"template":"highway","default_image_id":0,"enabled":false},"version":2}},"product_brand":[],"product_cat":[19,24,20,25],"product_tag":[158,159,103,160],"class_list":{"0":"post-440","1":"product","2":"type-product","3":"status-publish","4":"has-post-thumbnail","6":"product_cat-bottles","7":"product_cat-jars","8":"product_cat-plastic-bottles","9":"product_cat-plastic-jars","10":"product_tag-80ml-plastic-jar","11":"product_tag-colored-plastic-cosmetic-jar","12":"product_tag-plastic-cosmetic-jar","13":"product_tag-refilled-plastic-cosmetic-jar","15":"first","16":"instock","17":"shipping-taxable","18":"product-type-simple","19":"entry","20":"content-bg","21":"loop-entry"},"aioseo_notices":[],"jetpack_publicize_connections":[],"jetpack_sharing_enabled":true,"_links":{"self":[{"href":"https:\/\/yingmeipack.com\/fr\/wp-json\/wp\/v2\/product\/440","targetHints":{"allow":["GET"]}}],"collection":[{"href":"https:\/\/yingmeipack.com\/fr\/wp-json\/wp\/v2\/product"}],"about":[{"href":"https:\/\/yingmeipack.com\/fr\/wp-json\/wp\/v2\/types\/product"}],"version-history":[{"count":1,"href":"https:\/\/yingmeipack.com\/fr\/wp-json\/wp\/v2\/product\/440\/revisions"}],"predecessor-version":[{"id":447,"href":"https:\/\/yingmeipack.com\/fr\/wp-json\/wp\/v2\/product\/440\/revisions\/447"}],"wp:featuredmedia":[{"embeddable":true,"href":"https:\/\/yingmeipack.com\/fr\/wp-json\/wp\/v2\/media\/441"}],"wp:attachment":[{"href":"https:\/\/yingmeipack.com\/fr\/wp-json\/wp\/v2\/media?parent=440"}],"wp:term":[{"taxonomy":"product_brand","embeddable":true,"href":"https:\/\/yingmeipack.com\/fr\/wp-json\/wp\/v2\/product_brand?post=440"},{"taxonomy":"product_cat","embeddable":true,"href":"https:\/\/yingmeipack.com\/fr\/wp-json\/wp\/v2\/product_cat?post=440"},{"taxonomy":"product_tag","embeddable":true,"href":"https:\/\/yingmeipack.com\/fr\/wp-json\/wp\/v2\/product_tag?post=440"}],"curies":[{"name":"wp","href":"https:\/\/api.w.org\/{rel}","templated":true}]}}