{"id":423,"date":"2022-11-21T03:21:58","date_gmt":"2022-11-21T03:21:58","guid":{"rendered":"https:\/\/yingmeipack.com\/?post_type=product&#038;p=423"},"modified":"2025-06-05T09:45:36","modified_gmt":"2025-06-05T09:45:36","slug":"silver-solid-aluminum-cosmetics-jar-container-with-window-cap","status":"publish","type":"product","link":"https:\/\/yingmeipack.com\/fr\/product\/silver-solid-aluminum-cosmetics-jar-container-with-window-cap\/","title":{"rendered":"Pot \u00e0 cosm\u00e9tiques en aluminium massif argent\u00e9 avec bouchon \u00e0 fen\u00eatre"},"content":{"rendered":"","protected":false},"excerpt":{"rendered":"<p>Ajoutez une touche cr\u00e9ative \u00e0 votre occasion sp\u00e9ciale ! Ces \u00e9l\u00e9gantes bo\u00eetes \u00e0 drag\u00e9es sont de merveilleux accessoires de table et cadeaux pour les mariages, les f\u00eates de naissance, les anniversaires ou les f\u00eates de fin d'ann\u00e9e. Il vous suffit de les d\u00e9corer en fonction de votre th\u00e8me, puis de les remplir de vos friandises pr\u00e9f\u00e9r\u00e9es pour le plus grand plaisir de vos invit\u00e9s.<br \/>\nBo\u00eetes de conserve en aluminium argent\u00e9 avec couvercle \u00e0 vis, bo\u00eetes de conserve en m\u00e9tal avec couvercle transparent. R\u00e9utilisables, l\u00e9g\u00e8res et id\u00e9ales pour les voyages. Joint d'\u00e9tanch\u00e9it\u00e9 inclus.<br \/>\nLes bo\u00eetes sont fabriqu\u00e9es en aluminium de haute qualit\u00e9, durable et l\u00e9ger.<br \/>\nNos bo\u00eetes de rangement en aluminium peuvent \u00eatre utilis\u00e9es pour ranger une grande vari\u00e9t\u00e9 d'articles tels que des baume \u00e0 l\u00e8vres, des shampooings, des cosm\u00e9tiques, des bougies, des gloss et d'autres fournitures artistiques. Parfaites pour vos cr\u00e9ations artisanales.<br \/>\nLes couvercles \u00e0 vis permettent un serrage facile du couvercle, avec un joint d'\u00e9tanch\u00e9it\u00e9 suppl\u00e9mentaire \u00e0 l'int\u00e9rieur du couvercle.<\/p>\n<div style=\"width: 1280px;\" class=\"wp-video\"><!--[if lt IE 9]><script>document.createElement('video');<\/script><![endif]--><br \/>\n<video class=\"wp-video-shortcode\" id=\"video-423-1\" width=\"1280\" height=\"720\" loop autoplay preload=\"auto\" controls=\"controls\"><source type=\"video\/mp4\" src=\"http:\/\/yingmeipack.com\/wp-content\/uploads\/2022\/11\/Aluminum-Cosmetics-Jar.mp4?_=1\" \/><a href=\"http:\/\/yingmeipack.com\/wp-content\/uploads\/2022\/11\/Aluminum-Cosmetics-Jar.mp4\">http:\/\/yingmeipack.com\/wp-content\/uploads\/2022\/11\/Aluminum-Cosmetics-Jar.mp4<\/a><\/video><\/div>","protected":false},"featured_media":424,"template":"","meta":{"_kad_post_transparent":"default","_kad_post_title":"","_kad_post_layout":"default","_kad_post_sidebar_id":"","_kad_post_content_style":"default","_kad_post_vertical_padding":"default","_kad_post_feature":"","_kad_post_feature_position":"","_kad_post_header":false,"_kad_post_footer":false,"jetpack_publicize_message":"","jetpack_publicize_feature_enabled":true,"jetpack_social_post_already_shared":false,"jetpack_social_options":{"image_generator_settings":{"template":"highway","default_image_id":0,"enabled":false},"version":2}},"product_brand":[],"product_cat":[28,24,27],"product_tag":[154,155,153,156],"class_list":{"0":"post-423","1":"product","2":"type-product","3":"status-publish","4":"has-post-thumbnail","6":"product_cat-aluminum-jars","7":"product_cat-jars","8":"product_cat-metal-jars","9":"product_tag-aluminum-cosmetics-jar","10":"product_tag-silver-aluminum-container","11":"product_tag-silver-aluminum-jar","12":"product_tag-solid-aluminum-jar","14":"first","15":"instock","16":"shipping-taxable","17":"purchasable","18":"product-type-simple","19":"entry","20":"content-bg","21":"loop-entry"},"aioseo_notices":[],"jetpack_publicize_connections":[],"jetpack_sharing_enabled":true,"_links":{"self":[{"href":"https:\/\/yingmeipack.com\/fr\/wp-json\/wp\/v2\/product\/423","targetHints":{"allow":["GET"]}}],"collection":[{"href":"https:\/\/yingmeipack.com\/fr\/wp-json\/wp\/v2\/product"}],"about":[{"href":"https:\/\/yingmeipack.com\/fr\/wp-json\/wp\/v2\/types\/product"}],"version-history":[{"count":2,"href":"https:\/\/yingmeipack.com\/fr\/wp-json\/wp\/v2\/product\/423\/revisions"}],"predecessor-version":[{"id":432,"href":"https:\/\/yingmeipack.com\/fr\/wp-json\/wp\/v2\/product\/423\/revisions\/432"}],"wp:featuredmedia":[{"embeddable":true,"href":"https:\/\/yingmeipack.com\/fr\/wp-json\/wp\/v2\/media\/424"}],"wp:attachment":[{"href":"https:\/\/yingmeipack.com\/fr\/wp-json\/wp\/v2\/media?parent=423"}],"wp:term":[{"taxonomy":"product_brand","embeddable":true,"href":"https:\/\/yingmeipack.com\/fr\/wp-json\/wp\/v2\/product_brand?post=423"},{"taxonomy":"product_cat","embeddable":true,"href":"https:\/\/yingmeipack.com\/fr\/wp-json\/wp\/v2\/product_cat?post=423"},{"taxonomy":"product_tag","embeddable":true,"href":"https:\/\/yingmeipack.com\/fr\/wp-json\/wp\/v2\/product_tag?post=423"}],"curies":[{"name":"wp","href":"https:\/\/api.w.org\/{rel}","templated":true}]}}