{"id":416,"date":"2022-11-21T03:14:07","date_gmt":"2022-11-21T03:14:07","guid":{"rendered":"https:\/\/yingmeipack.com\/?post_type=product&#038;p=416"},"modified":"2022-11-21T03:21:16","modified_gmt":"2022-11-21T03:21:16","slug":"pp-plastic-fine-mist-fingertip-sprayers-with-clear-overcap","status":"publish","type":"product","link":"https:\/\/yingmeipack.com\/fr\/product\/pp-plastic-fine-mist-fingertip-sprayers-with-clear-overcap\/","title":{"rendered":"Pulv\u00e9risateurs au bout des doigts en plastique PP avec capuchon transparent"},"content":{"rendered":"","protected":false},"excerpt":{"rendered":"<p>Il s'agit d'un pulv\u00e9risateur au bout des doigts en plastique PP 20-410 \u00e0 jupe lisse, avec un capuchon transparent et un tube plongeur de 5,25 pouces (d\u00e9bit de 0,12 ml). Le pulv\u00e9risateur \u00e0 brouillard fin pour le bout des doigts est compos\u00e9 d'un certain nombre de pi\u00e8ces : le tube plongeur, le capuchon, la pompe \u00e0 ressort et le capuchon transparent. Le pulv\u00e9risateur est mont\u00e9 sur un r\u00e9cipient assorti, le tube plongeur se trouvant \u00e0 la base de la bouteille. Lorsque l'on appuie sur la pompe, le produit s'\u00e9coule en un fin brouillard. Ce pulv\u00e9risateur est livr\u00e9 avec un capuchon en plastique transparent pour \u00e9viter tout \u00e9coulement accidentel du produit. Le polypropyl\u00e8ne (PP) est marqu\u00e9 du code d'identification de la r\u00e9sine 5. Le PP est moins souple que le LDPE, un peu plus rigide que les autres plastiques, raisonnablement \u00e9conomique, et peut \u00eatre translucide, opaque ou de n'importe quelle couleur. Le PP a une tr\u00e8s bonne r\u00e9sistance \u00e0 la fatigue et un point de fusion extr\u00eamement \u00e9lev\u00e9 (320 degr\u00e9s Fahrenheit ou 160 degr\u00e9s Celsius). Ce bouchon s'adapte \u00e0 un conteneur avec une finition de col 20-410.<\/p>","protected":false},"featured_media":417,"template":"","meta":{"_kad_post_transparent":"default","_kad_post_title":"","_kad_post_layout":"default","_kad_post_sidebar_id":"","_kad_post_content_style":"default","_kad_post_vertical_padding":"default","_kad_post_feature":"","_kad_post_feature_position":"","_kad_post_header":false,"_kad_post_footer":false,"jetpack_publicize_message":"","jetpack_publicize_feature_enabled":true,"jetpack_social_post_already_shared":false,"jetpack_social_options":{"image_generator_settings":{"template":"highway","default_image_id":0,"enabled":false},"version":2}},"product_brand":[],"product_cat":[33],"product_tag":[151,152],"class_list":{"0":"post-416","1":"product","2":"type-product","3":"status-publish","4":"has-post-thumbnail","6":"product_cat-sprayers","7":"product_tag-fine-mist-sprayers","8":"product_tag-fingertip-sprayer","10":"first","11":"instock","12":"shipping-taxable","13":"product-type-simple","14":"entry","15":"content-bg","16":"loop-entry"},"aioseo_notices":[],"jetpack_publicize_connections":[],"jetpack_sharing_enabled":true,"_links":{"self":[{"href":"https:\/\/yingmeipack.com\/fr\/wp-json\/wp\/v2\/product\/416","targetHints":{"allow":["GET"]}}],"collection":[{"href":"https:\/\/yingmeipack.com\/fr\/wp-json\/wp\/v2\/product"}],"about":[{"href":"https:\/\/yingmeipack.com\/fr\/wp-json\/wp\/v2\/types\/product"}],"version-history":[{"count":1,"href":"https:\/\/yingmeipack.com\/fr\/wp-json\/wp\/v2\/product\/416\/revisions"}],"predecessor-version":[{"id":422,"href":"https:\/\/yingmeipack.com\/fr\/wp-json\/wp\/v2\/product\/416\/revisions\/422"}],"wp:featuredmedia":[{"embeddable":true,"href":"https:\/\/yingmeipack.com\/fr\/wp-json\/wp\/v2\/media\/417"}],"wp:attachment":[{"href":"https:\/\/yingmeipack.com\/fr\/wp-json\/wp\/v2\/media?parent=416"}],"wp:term":[{"taxonomy":"product_brand","embeddable":true,"href":"https:\/\/yingmeipack.com\/fr\/wp-json\/wp\/v2\/product_brand?post=416"},{"taxonomy":"product_cat","embeddable":true,"href":"https:\/\/yingmeipack.com\/fr\/wp-json\/wp\/v2\/product_cat?post=416"},{"taxonomy":"product_tag","embeddable":true,"href":"https:\/\/yingmeipack.com\/fr\/wp-json\/wp\/v2\/product_tag?post=416"}],"curies":[{"name":"wp","href":"https:\/\/api.w.org\/{rel}","templated":true}]}}