{"id":408,"date":"2022-11-21T02:46:29","date_gmt":"2022-11-21T02:46:29","guid":{"rendered":"https:\/\/yingmeipack.com\/?post_type=product&#038;p=408"},"modified":"2025-07-31T01:41:50","modified_gmt":"2025-07-31T01:41:50","slug":"gold-aluminum-blank-square-solid-storage-tins-box-container","status":"publish","type":"product","link":"https:\/\/yingmeipack.com\/fr\/product\/gold-aluminum-blank-square-solid-storage-tins-box-container\/","title":{"rendered":"120ml Gold Aluminum Blank Square Storage Tins Container"},"content":{"rendered":"","protected":false},"excerpt":{"rendered":"<p>Emballage:15 bo\u00eetes carr\u00e9es en argent au total avec un couvercle carr\u00e9, une quantit\u00e9 abondante peut r\u00e9pondre \u00e0 vos besoins de stockage, suffisamment de r\u00e9cipients de stockage de rechange pour r\u00e9pondre \u00e0 vos besoins r\u00e9els.<br \/>\nCouvercle \u00e0 fen\u00eatre transparente, facile \u00e0 ouvrir et \u00e0 fermer, vous pouvez voir directement l'article stock\u00e9 \u00e0 l'int\u00e9rieur.<br \/>\nFabriqu\u00e9es en fer blanc durable, elles sont difficiles \u00e0 plier avec les mains. La surface argent\u00e9e est \u00e9l\u00e9gante et r\u00e9sistante aux chocs. Chaque bo\u00eete de 4 oz mesure 84*62*26 (L x L x H).<br \/>\nAdorable et charmante forme carr\u00e9e argent\u00e9e, avec un couvercle transparent, vous pouvez directement voir ce qui se trouve \u00e0 l'int\u00e9rieur, ce qui vous permet d'\u00e9conomiser du temps et des efforts sans ouvrir le couvercle.<br \/>\nMultiples applications de bricolage : Parfait pour les projets de bricolage, la fabrication de bougies sans fuite, les pilules, les faveurs de f\u00eate, les bonbons, les bijoux, les bo\u00eetes \u00e0 tr\u00e9sors, les fournitures de bureau ou pour inclure dans les cadeaux.<\/p>","protected":false},"featured_media":3198,"template":"","meta":{"_kad_post_transparent":"default","_kad_post_title":"","_kad_post_layout":"default","_kad_post_sidebar_id":"","_kad_post_content_style":"default","_kad_post_vertical_padding":"default","_kad_post_feature":"","_kad_post_feature_position":"","_kad_post_header":false,"_kad_post_footer":false,"jetpack_publicize_message":"","jetpack_publicize_feature_enabled":true,"jetpack_social_post_already_shared":false,"jetpack_social_options":{"image_generator_settings":{"template":"highway","default_image_id":0,"enabled":false},"version":2}},"product_brand":[],"product_cat":[48],"product_tag":[148,149,146,147,150],"class_list":{"0":"post-408","1":"product","2":"type-product","3":"status-publish","4":"has-post-thumbnail","6":"product_cat-box","7":"product_tag-aluminum-storage-box","8":"product_tag-blank-aluminum-tins","9":"product_tag-gold-solid-tins","10":"product_tag-gold-storage-tins","11":"product_tag-square-aluminum-tins","13":"first","14":"instock","15":"shipping-taxable","16":"product-type-simple","17":"entry","18":"content-bg","19":"loop-entry"},"aioseo_notices":[],"jetpack_publicize_connections":[],"jetpack_sharing_enabled":true,"_links":{"self":[{"href":"https:\/\/yingmeipack.com\/fr\/wp-json\/wp\/v2\/product\/408","targetHints":{"allow":["GET"]}}],"collection":[{"href":"https:\/\/yingmeipack.com\/fr\/wp-json\/wp\/v2\/product"}],"about":[{"href":"https:\/\/yingmeipack.com\/fr\/wp-json\/wp\/v2\/types\/product"}],"version-history":[{"count":3,"href":"https:\/\/yingmeipack.com\/fr\/wp-json\/wp\/v2\/product\/408\/revisions"}],"predecessor-version":[{"id":3200,"href":"https:\/\/yingmeipack.com\/fr\/wp-json\/wp\/v2\/product\/408\/revisions\/3200"}],"wp:featuredmedia":[{"embeddable":true,"href":"https:\/\/yingmeipack.com\/fr\/wp-json\/wp\/v2\/media\/3198"}],"wp:attachment":[{"href":"https:\/\/yingmeipack.com\/fr\/wp-json\/wp\/v2\/media?parent=408"}],"wp:term":[{"taxonomy":"product_brand","embeddable":true,"href":"https:\/\/yingmeipack.com\/fr\/wp-json\/wp\/v2\/product_brand?post=408"},{"taxonomy":"product_cat","embeddable":true,"href":"https:\/\/yingmeipack.com\/fr\/wp-json\/wp\/v2\/product_cat?post=408"},{"taxonomy":"product_tag","embeddable":true,"href":"https:\/\/yingmeipack.com\/fr\/wp-json\/wp\/v2\/product_tag?post=408"}],"curies":[{"name":"wp","href":"https:\/\/api.w.org\/{rel}","templated":true}]}}