{"id":4012,"date":"2025-09-09T00:55:14","date_gmt":"2025-09-09T00:55:14","guid":{"rendered":"https:\/\/yingmeipack.com\/?post_type=product&#038;p=4012"},"modified":"2025-09-09T01:25:41","modified_gmt":"2025-09-09T01:25:41","slug":"250ml-airtight-transparent-pet-jar-with-gold-aluminum-cap","status":"publish","type":"product","link":"https:\/\/yingmeipack.com\/fr\/product\/250ml-airtight-transparent-pet-jar-with-gold-aluminum-cap\/","title":{"rendered":"250ml Airtight Transparent PET Jar with Gold Aluminum Cap"},"content":{"rendered":"","protected":false},"excerpt":{"rendered":"<p>Size: dia85mm*h63mm<\/p>\n<p>\u3010High Quality Material\u3011This plastic jars with lids are made of high quality food grade PET plastic,BPA-Free,sturdy,durable,reusable,transparent and lightweight.You can safely use these empty jars to fill your food without worrying about the effects of the jars,these food jars will meet your needs for your food storage,just put your favourite food in it.<br \/>\n\u3010Leak Proof Design\u3011The plastic jars with gold aluminum lids adopt leak proof design,there have screw thread and gasket seals on the top of the slime container,possessing good airtightness can effectively prevent leakage and prevent the moisture in the clear jars from contacting the air, resulting in dry and wet items.<br \/>\n\u3010Width Use\u3011These food jars are very suitable for jam,dried-food,nuts,spices,flour,sugar and variety food storage,but also the ideal cosmetic container for scrubs,body butter,lotion,bath salt,perfect for you to make your own DIY body or hair care production.Of course you can use these slime containers to storage your slime or other small part like screw or nail,as a gift to a friend is also a good choice.<br \/>\n\u3010WORRY-FREE AFTER-SALES\u3011Si vous avez des probl\u00e8mes d'utilisation de nos pots avec couvercles qui ne peuvent pas \u00eatre r\u00e9solus, n'h\u00e9sitez pas \u00e0 nous contacter pour obtenir de l'aide.La satisfaction du client avec nos pots en plastique avec couvercles est la premi\u00e8re pour nous. Nous vous r\u00e9pondrons imm\u00e9diatement pour r\u00e9soudre votre probl\u00e8me et vous donner une r\u00e9ponse satisfaisante, afin de vous fournir un excellent service avec nos pots en plastique.<\/p>","protected":false},"featured_media":4013,"template":"","meta":{"_kad_post_transparent":"default","_kad_post_title":"","_kad_post_layout":"default","_kad_post_sidebar_id":"","_kad_post_content_style":"default","_kad_post_vertical_padding":"default","_kad_post_feature":"","_kad_post_feature_position":"","_kad_post_header":false,"_kad_post_footer":false,"jetpack_publicize_message":"","jetpack_publicize_feature_enabled":true,"jetpack_social_post_already_shared":true,"jetpack_social_options":{"image_generator_settings":{"template":"highway","default_image_id":0,"enabled":false},"version":2}},"product_brand":[],"product_cat":[19,24,20,25],"product_tag":[215,217,762],"class_list":{"0":"post-4012","1":"product","2":"type-product","3":"status-publish","4":"has-post-thumbnail","6":"product_cat-bottles","7":"product_cat-jars","8":"product_cat-plastic-bottles","9":"product_cat-plastic-jars","10":"product_tag-bpa-free-pet-plastic-jars","11":"product_tag-plastic-jar-with-gold-lid","12":"product_tag-transparent-pet-jar","14":"first","15":"instock","16":"shipping-taxable","17":"product-type-simple","18":"entry","19":"content-bg","20":"loop-entry"},"aioseo_notices":[],"jetpack_publicize_connections":[],"jetpack_sharing_enabled":true,"_links":{"self":[{"href":"https:\/\/yingmeipack.com\/fr\/wp-json\/wp\/v2\/product\/4012","targetHints":{"allow":["GET"]}}],"collection":[{"href":"https:\/\/yingmeipack.com\/fr\/wp-json\/wp\/v2\/product"}],"about":[{"href":"https:\/\/yingmeipack.com\/fr\/wp-json\/wp\/v2\/types\/product"}],"version-history":[{"count":1,"href":"https:\/\/yingmeipack.com\/fr\/wp-json\/wp\/v2\/product\/4012\/revisions"}],"predecessor-version":[{"id":4019,"href":"https:\/\/yingmeipack.com\/fr\/wp-json\/wp\/v2\/product\/4012\/revisions\/4019"}],"wp:featuredmedia":[{"embeddable":true,"href":"https:\/\/yingmeipack.com\/fr\/wp-json\/wp\/v2\/media\/4013"}],"wp:attachment":[{"href":"https:\/\/yingmeipack.com\/fr\/wp-json\/wp\/v2\/media?parent=4012"}],"wp:term":[{"taxonomy":"product_brand","embeddable":true,"href":"https:\/\/yingmeipack.com\/fr\/wp-json\/wp\/v2\/product_brand?post=4012"},{"taxonomy":"product_cat","embeddable":true,"href":"https:\/\/yingmeipack.com\/fr\/wp-json\/wp\/v2\/product_cat?post=4012"},{"taxonomy":"product_tag","embeddable":true,"href":"https:\/\/yingmeipack.com\/fr\/wp-json\/wp\/v2\/product_tag?post=4012"}],"curies":[{"name":"wp","href":"https:\/\/api.w.org\/{rel}","templated":true}]}}