{"id":400,"date":"2022-11-21T02:30:29","date_gmt":"2022-11-21T02:30:29","guid":{"rendered":"https:\/\/yingmeipack.com\/?post_type=product&#038;p=400"},"modified":"2025-06-05T09:53:44","modified_gmt":"2025-06-05T09:53:44","slug":"200g-screw-aluminum-jar-shallow-round-screw-top-seamless-tin","status":"publish","type":"product","link":"https:\/\/yingmeipack.com\/fr\/product\/200g-screw-aluminum-jar-shallow-round-screw-top-seamless-tin\/","title":{"rendered":"Jarre \u00e0 vis en aluminium 200g Shallow Round Screw Top Seamless Tin"},"content":{"rendered":"","protected":false},"excerpt":{"rendered":"<p>Le paquet comprend : Paquet de 20. Les couvercles \u00e0 vis des r\u00e9cipients n'ont pas d'ar\u00eates vives, tous les bords sont arrondis pour \u00e9viter de rayer votre main.<br \/>\nMat\u00e9riau de haute qualit\u00e9 : Ces bo\u00eetes rondes en aluminium sont fabriqu\u00e9es en aluminium \u00e9tam\u00e9 durable, l\u00e9ger et r\u00e9sistant \u00e0 la corrosion. Elles sont dot\u00e9es d'un couvercle \u00e0 vis facile \u00e0 ouvrir et \u00e0 fermer et prot\u00e8gent vos articles de la lumi\u00e8re directe du soleil et des temp\u00e9ratures \u00e9lev\u00e9es.<br \/>\nTaille : 92 mm de diam\u00e8tre x 45 mm de hauteur, capacit\u00e9 : 200 grammes. Pratique \u00e0 transporter : ces pots se glissent parfaitement dans votre poche, votre sac \u00e0 main, votre sac \u00e0 dos ou vos bagages.<br \/>\nLes bo\u00eetes polyvalentes peuvent \u00eatre utilis\u00e9es pour stocker des bougies en tant que cadeaux de f\u00eate, de plus, c'est un cadeau id\u00e9al, utilis\u00e9 pour stocker une grande vari\u00e9t\u00e9 d'articles tels que des baumes \u00e0 l\u00e8vres, des cosm\u00e9tiques, des pots d'\u00e9chantillons, du gloss et d'autres fournitures d'art.<br \/>\nEfficacit\u00e9 de la qualit\u00e9 : chaque produit a \u00e9t\u00e9 soigneusement s\u00e9lectionn\u00e9 et inspect\u00e9. Si vous rencontrez des raisons d\u00e9sagr\u00e9ables, veuillez nous contacter \u00e0 temps.<\/p>","protected":false},"featured_media":401,"template":"","meta":{"_kad_post_transparent":"default","_kad_post_title":"","_kad_post_layout":"default","_kad_post_sidebar_id":"","_kad_post_content_style":"default","_kad_post_vertical_padding":"default","_kad_post_feature":"","_kad_post_feature_position":"","_kad_post_header":false,"_kad_post_footer":false,"jetpack_publicize_message":"","jetpack_publicize_feature_enabled":true,"jetpack_social_post_already_shared":false,"jetpack_social_options":{"image_generator_settings":{"template":"highway","default_image_id":0,"enabled":false},"version":2}},"product_brand":[],"product_cat":[28,24,27],"product_tag":[85,143,144,145],"class_list":{"0":"post-400","1":"product","2":"type-product","3":"status-publish","4":"has-post-thumbnail","6":"product_cat-aluminum-jars","7":"product_cat-jars","8":"product_cat-metal-jars","9":"product_tag-round-aluminum-jar","10":"product_tag-screw-aluminum-jar","11":"product_tag-screw-top-seamless-tin","12":"product_tag-shallow-aluminum-jar","14":"first","15":"instock","16":"shipping-taxable","17":"purchasable","18":"product-type-simple","19":"entry","20":"content-bg","21":"loop-entry"},"aioseo_notices":[],"jetpack_publicize_connections":[],"jetpack_sharing_enabled":true,"_links":{"self":[{"href":"https:\/\/yingmeipack.com\/fr\/wp-json\/wp\/v2\/product\/400","targetHints":{"allow":["GET"]}}],"collection":[{"href":"https:\/\/yingmeipack.com\/fr\/wp-json\/wp\/v2\/product"}],"about":[{"href":"https:\/\/yingmeipack.com\/fr\/wp-json\/wp\/v2\/types\/product"}],"version-history":[{"count":1,"href":"https:\/\/yingmeipack.com\/fr\/wp-json\/wp\/v2\/product\/400\/revisions"}],"predecessor-version":[{"id":407,"href":"https:\/\/yingmeipack.com\/fr\/wp-json\/wp\/v2\/product\/400\/revisions\/407"}],"wp:featuredmedia":[{"embeddable":true,"href":"https:\/\/yingmeipack.com\/fr\/wp-json\/wp\/v2\/media\/401"}],"wp:attachment":[{"href":"https:\/\/yingmeipack.com\/fr\/wp-json\/wp\/v2\/media?parent=400"}],"wp:term":[{"taxonomy":"product_brand","embeddable":true,"href":"https:\/\/yingmeipack.com\/fr\/wp-json\/wp\/v2\/product_brand?post=400"},{"taxonomy":"product_cat","embeddable":true,"href":"https:\/\/yingmeipack.com\/fr\/wp-json\/wp\/v2\/product_cat?post=400"},{"taxonomy":"product_tag","embeddable":true,"href":"https:\/\/yingmeipack.com\/fr\/wp-json\/wp\/v2\/product_tag?post=400"}],"curies":[{"name":"wp","href":"https:\/\/api.w.org\/{rel}","templated":true}]}}