{"id":3949,"date":"2025-09-06T01:41:20","date_gmt":"2025-09-06T01:41:20","guid":{"rendered":"https:\/\/yingmeipack.com\/?post_type=product&#038;p=3949"},"modified":"2025-09-06T03:32:38","modified_gmt":"2025-09-06T03:32:38","slug":"25ml-silver-lip-balm-aluminum-can-with-view-window-cap","status":"publish","type":"product","link":"https:\/\/yingmeipack.com\/fr\/product\/25ml-silver-lip-balm-aluminum-can-with-view-window-cap\/","title":{"rendered":"25ml Silver Lip Balm Aluminum Can with View Window Cap"},"content":{"rendered":"","protected":false},"excerpt":{"rendered":"<p>Ajoutez une touche cr\u00e9ative \u00e0 votre occasion sp\u00e9ciale ! Ces \u00e9l\u00e9gantes bo\u00eetes \u00e0 drag\u00e9es sont de merveilleux accessoires de table et cadeaux pour les mariages, les f\u00eates de naissance, les anniversaires ou les f\u00eates de fin d'ann\u00e9e. Il vous suffit de les d\u00e9corer en fonction de votre th\u00e8me, puis de les remplir de vos friandises pr\u00e9f\u00e9r\u00e9es pour le plus grand plaisir de vos invit\u00e9s.<br \/>\nCustom lip balm containers with window. Reusable, lightweight and ideal for travel.<br \/>\nLes bo\u00eetes sont fabriqu\u00e9es en aluminium de haute qualit\u00e9, durable et l\u00e9ger.<br \/>\nNos bo\u00eetes de rangement en aluminium peuvent \u00eatre utilis\u00e9es pour ranger une grande vari\u00e9t\u00e9 d'articles tels que des baume \u00e0 l\u00e8vres, des shampooings, des cosm\u00e9tiques, des bougies, des gloss et d'autres fournitures artistiques. Parfaites pour vos cr\u00e9ations artisanales.<br \/>\nSlip-on style lids, don&#8217;t screw, easy to open with single hand operating.<\/p>\n<div style=\"width: 1280px;\" class=\"wp-video\"><!--[if lt IE 9]><script>document.createElement('video');<\/script><![endif]--><br \/>\n<video class=\"wp-video-shortcode\" id=\"video-3949-1\" width=\"1280\" height=\"720\" loop autoplay preload=\"auto\" controls=\"controls\"><source type=\"video\/mp4\" src=\"http:\/\/yingmeipack.com\/wp-content\/uploads\/2022\/11\/Aluminum-Cosmetics-Jar.mp4?_=1\" \/><a href=\"http:\/\/yingmeipack.com\/wp-content\/uploads\/2022\/11\/Aluminum-Cosmetics-Jar.mp4\">http:\/\/yingmeipack.com\/wp-content\/uploads\/2022\/11\/Aluminum-Cosmetics-Jar.mp4<\/a><\/video><\/div>","protected":false},"featured_media":3952,"template":"","meta":{"_kad_post_transparent":"default","_kad_post_title":"","_kad_post_layout":"default","_kad_post_sidebar_id":"","_kad_post_content_style":"default","_kad_post_vertical_padding":"default","_kad_post_feature":"","_kad_post_feature_position":"","_kad_post_header":false,"_kad_post_footer":false,"jetpack_publicize_message":"","jetpack_publicize_feature_enabled":true,"jetpack_social_post_already_shared":true,"jetpack_social_options":{"image_generator_settings":{"template":"highway","default_image_id":0,"enabled":false},"version":2}},"product_brand":[],"product_cat":[28,24,27],"product_tag":[747,748,746,749],"class_list":{"0":"post-3949","1":"product","2":"type-product","3":"status-publish","4":"has-post-thumbnail","6":"product_cat-aluminum-jars","7":"product_cat-jars","8":"product_cat-metal-jars","9":"product_tag-custom-lip-balm-containers-with-window","10":"product_tag-empty-aluminum-cosmetic-cans-silver","11":"product_tag-lip-balm-packaging-jars-wholesale","12":"product_tag-refillable-lip-gloss-container-with-lid","14":"first","15":"instock","16":"shipping-taxable","17":"purchasable","18":"product-type-simple","19":"entry","20":"content-bg","21":"loop-entry"},"aioseo_notices":[],"jetpack_publicize_connections":[],"jetpack_sharing_enabled":true,"_links":{"self":[{"href":"https:\/\/yingmeipack.com\/fr\/wp-json\/wp\/v2\/product\/3949","targetHints":{"allow":["GET"]}}],"collection":[{"href":"https:\/\/yingmeipack.com\/fr\/wp-json\/wp\/v2\/product"}],"about":[{"href":"https:\/\/yingmeipack.com\/fr\/wp-json\/wp\/v2\/types\/product"}],"version-history":[{"count":1,"href":"https:\/\/yingmeipack.com\/fr\/wp-json\/wp\/v2\/product\/3949\/revisions"}],"predecessor-version":[{"id":3958,"href":"https:\/\/yingmeipack.com\/fr\/wp-json\/wp\/v2\/product\/3949\/revisions\/3958"}],"wp:featuredmedia":[{"embeddable":true,"href":"https:\/\/yingmeipack.com\/fr\/wp-json\/wp\/v2\/media\/3952"}],"wp:attachment":[{"href":"https:\/\/yingmeipack.com\/fr\/wp-json\/wp\/v2\/media?parent=3949"}],"wp:term":[{"taxonomy":"product_brand","embeddable":true,"href":"https:\/\/yingmeipack.com\/fr\/wp-json\/wp\/v2\/product_brand?post=3949"},{"taxonomy":"product_cat","embeddable":true,"href":"https:\/\/yingmeipack.com\/fr\/wp-json\/wp\/v2\/product_cat?post=3949"},{"taxonomy":"product_tag","embeddable":true,"href":"https:\/\/yingmeipack.com\/fr\/wp-json\/wp\/v2\/product_tag?post=3949"}],"curies":[{"name":"wp","href":"https:\/\/api.w.org\/{rel}","templated":true}]}}