{"id":391,"date":"2022-11-20T14:30:03","date_gmt":"2022-11-20T14:30:03","guid":{"rendered":"https:\/\/yingmeipack.com\/?post_type=product&#038;p=391"},"modified":"2022-11-20T14:38:21","modified_gmt":"2022-11-20T14:38:21","slug":"custom-empty-mascara-tube-container-bottle-with-eyelash-wand","status":"publish","type":"product","link":"https:\/\/yingmeipack.com\/fr\/product\/custom-empty-mascara-tube-container-bottle-with-eyelash-wand\/","title":{"rendered":"Tube de mascara vide personnalis\u00e9 Bouteille avec baguette pour cils"},"content":{"rendered":"","protected":false},"excerpt":{"rendered":"<p>Nous pouvons fournir une gamme de contenants de mascara, de baguettes et de brosses de formes, de couleurs, de mat\u00e9riaux et de profils diff\u00e9rents. Nos emballages vides pour mascaras sont fabriqu\u00e9s \u00e0 partir de mat\u00e9riaux de haute qualit\u00e9, notamment l'AS, l'ABS, le PETG et le PCTG. Chaque article est con\u00e7u pour fonctionner avec du maquillage pour l'industrie de la beaut\u00e9 et des cosm\u00e9tiques. Les emballages de mascara que nous fabriquons et fournissons sont garantis d'une excellente qualit\u00e9 de finition et d'un prix comp\u00e9titif. Notre \u00e9quipe s'enorgueillit d'un calendrier de livraison ponctuel afin de respecter les d\u00e9lais de livraison de vos produits. Les clients peuvent en outre personnaliser tous les d\u00e9tails en fonction de leurs propres exigences en mati\u00e8re de cr\u00e9ation de marque.<\/p>","protected":false},"featured_media":392,"template":"","meta":{"_kad_post_transparent":"default","_kad_post_title":"","_kad_post_layout":"default","_kad_post_sidebar_id":"","_kad_post_content_style":"default","_kad_post_vertical_padding":"default","_kad_post_feature":"","_kad_post_feature_position":"","_kad_post_header":false,"_kad_post_footer":false,"jetpack_publicize_message":"","jetpack_publicize_feature_enabled":true,"jetpack_social_post_already_shared":false,"jetpack_social_options":{"image_generator_settings":{"template":"highway","default_image_id":0,"enabled":false},"version":2}},"product_brand":[],"product_cat":[46],"product_tag":[142,140,139,141],"class_list":{"0":"post-391","1":"product","2":"type-product","3":"status-publish","4":"has-post-thumbnail","6":"product_cat-mascara","7":"product_tag-empty-mascara-bottle","8":"product_tag-empty-mascara-container","9":"product_tag-empty-mascara-tube","10":"product_tag-mascara-tube-with-eyelash-wand","12":"first","13":"instock","14":"shipping-taxable","15":"product-type-simple","16":"entry","17":"content-bg","18":"loop-entry"},"aioseo_notices":[],"jetpack_publicize_connections":[],"jetpack_sharing_enabled":true,"_links":{"self":[{"href":"https:\/\/yingmeipack.com\/fr\/wp-json\/wp\/v2\/product\/391","targetHints":{"allow":["GET"]}}],"collection":[{"href":"https:\/\/yingmeipack.com\/fr\/wp-json\/wp\/v2\/product"}],"about":[{"href":"https:\/\/yingmeipack.com\/fr\/wp-json\/wp\/v2\/types\/product"}],"version-history":[{"count":2,"href":"https:\/\/yingmeipack.com\/fr\/wp-json\/wp\/v2\/product\/391\/revisions"}],"predecessor-version":[{"id":398,"href":"https:\/\/yingmeipack.com\/fr\/wp-json\/wp\/v2\/product\/391\/revisions\/398"}],"wp:featuredmedia":[{"embeddable":true,"href":"https:\/\/yingmeipack.com\/fr\/wp-json\/wp\/v2\/media\/392"}],"wp:attachment":[{"href":"https:\/\/yingmeipack.com\/fr\/wp-json\/wp\/v2\/media?parent=391"}],"wp:term":[{"taxonomy":"product_brand","embeddable":true,"href":"https:\/\/yingmeipack.com\/fr\/wp-json\/wp\/v2\/product_brand?post=391"},{"taxonomy":"product_cat","embeddable":true,"href":"https:\/\/yingmeipack.com\/fr\/wp-json\/wp\/v2\/product_cat?post=391"},{"taxonomy":"product_tag","embeddable":true,"href":"https:\/\/yingmeipack.com\/fr\/wp-json\/wp\/v2\/product_tag?post=391"}],"curies":[{"name":"wp","href":"https:\/\/api.w.org\/{rel}","templated":true}]}}