{"id":3908,"date":"2025-09-05T03:07:53","date_gmt":"2025-09-05T03:07:53","guid":{"rendered":"https:\/\/yingmeipack.com\/?post_type=product&#038;p=3908"},"modified":"2025-09-05T03:42:32","modified_gmt":"2025-09-05T03:42:32","slug":"flip-top-350ml-black-aluminum-can-bulk-multipurpose-storage","status":"publish","type":"product","link":"https:\/\/yingmeipack.com\/fr\/product\/flip-top-350ml-black-aluminum-can-bulk-multipurpose-storage\/","title":{"rendered":"Flip top 350ml black aluminum can bulk multipurpose storage"},"content":{"rendered":"","protected":false},"excerpt":{"rendered":"<p>350 Gram Aluminum Silver Tin Metal Storage Containers with Flip Top Lids<br \/>\nCapacity: 350G\/350ML<br \/>\nTous les pots comprennent un fond et un couvercle (ex : 12 pots = 12 fonds et 12 couvercles).<br \/>\nDimensions: 108mm*47mm<br \/>\nL\u00e9ger et compact, parfait pour les voyages<br \/>\nCan be Used to Store a Wide Variety of Items \u2013 From Cosmetics to Jewelry to Art Supplies and Hardware<br \/>\nPots en aluminium r\u00e9utilisables pour ranger les cr\u00e8mes, lotions, maquillage, cosm\u00e9tiques, baume \u00e0 l\u00e8vres, gommages, pommades, accessoires pour les ongles, breloques, perles, petits bijoux, etc.<br \/>\nPeut \u00eatre utilis\u00e9 pour m\u00e9langer ou \u00e9chantillonner des produits de beaut\u00e9 ou de sant\u00e9<br \/>\nId\u00e9al pour un usage professionnel ou personnel<\/p>","protected":false},"featured_media":3910,"template":"","meta":{"_kad_post_transparent":"default","_kad_post_title":"","_kad_post_layout":"default","_kad_post_sidebar_id":"","_kad_post_content_style":"default","_kad_post_vertical_padding":"default","_kad_post_feature":"","_kad_post_feature_position":"","_kad_post_header":false,"_kad_post_footer":false,"jetpack_publicize_message":"","jetpack_publicize_feature_enabled":true,"jetpack_social_post_already_shared":true,"jetpack_social_options":{"image_generator_settings":{"template":"highway","default_image_id":0,"enabled":false},"version":2}},"product_brand":[],"product_cat":[28,24,27],"product_tag":[737,738,569],"class_list":{"0":"post-3908","1":"product","2":"type-product","3":"status-publish","4":"has-post-thumbnail","6":"product_cat-aluminum-jars","7":"product_cat-jars","8":"product_cat-metal-jars","9":"product_tag-350ml-black-aluminum-can","10":"product_tag-bulk-multipurpose-storage","11":"product_tag-flip-top","13":"first","14":"instock","15":"shipping-taxable","16":"purchasable","17":"product-type-simple","18":"entry","19":"content-bg","20":"loop-entry"},"aioseo_notices":[],"jetpack_publicize_connections":[],"jetpack_sharing_enabled":true,"_links":{"self":[{"href":"https:\/\/yingmeipack.com\/fr\/wp-json\/wp\/v2\/product\/3908","targetHints":{"allow":["GET"]}}],"collection":[{"href":"https:\/\/yingmeipack.com\/fr\/wp-json\/wp\/v2\/product"}],"about":[{"href":"https:\/\/yingmeipack.com\/fr\/wp-json\/wp\/v2\/types\/product"}],"version-history":[{"count":1,"href":"https:\/\/yingmeipack.com\/fr\/wp-json\/wp\/v2\/product\/3908\/revisions"}],"predecessor-version":[{"id":3916,"href":"https:\/\/yingmeipack.com\/fr\/wp-json\/wp\/v2\/product\/3908\/revisions\/3916"}],"wp:featuredmedia":[{"embeddable":true,"href":"https:\/\/yingmeipack.com\/fr\/wp-json\/wp\/v2\/media\/3910"}],"wp:attachment":[{"href":"https:\/\/yingmeipack.com\/fr\/wp-json\/wp\/v2\/media?parent=3908"}],"wp:term":[{"taxonomy":"product_brand","embeddable":true,"href":"https:\/\/yingmeipack.com\/fr\/wp-json\/wp\/v2\/product_brand?post=3908"},{"taxonomy":"product_cat","embeddable":true,"href":"https:\/\/yingmeipack.com\/fr\/wp-json\/wp\/v2\/product_cat?post=3908"},{"taxonomy":"product_tag","embeddable":true,"href":"https:\/\/yingmeipack.com\/fr\/wp-json\/wp\/v2\/product_tag?post=3908"}],"curies":[{"name":"wp","href":"https:\/\/api.w.org\/{rel}","templated":true}]}}