{"id":3874,"date":"2025-09-04T03:29:45","date_gmt":"2025-09-04T03:29:45","guid":{"rendered":"https:\/\/yingmeipack.com\/?post_type=product&#038;p=3874"},"modified":"2025-09-04T03:49:59","modified_gmt":"2025-09-04T03:49:59","slug":"150ml-black-flip-top-aluminum-jar-bulk-blank-boutique-can","status":"publish","type":"product","link":"https:\/\/yingmeipack.com\/fr\/product\/150ml-black-flip-top-aluminum-jar-bulk-blank-boutique-can\/","title":{"rendered":"150ml Black Flip Top Aluminum jar Bulk blank boutique can"},"content":{"rendered":"","protected":false},"excerpt":{"rendered":"<p>150 Gram Aluminum Silver Tin Metal Storage Containers with Flip Top Lids<br \/>\nCapacity: 150G\/150ML<br \/>\nTous les pots comprennent un fond et un couvercle (ex : 12 pots = 12 fonds et 12 couvercles).<br \/>\nDimensions: 95mm*23mm<br \/>\nL\u00e9ger et compact, parfait pour les voyages<br \/>\nCan be Used to Store a Wide Variety of Items \u2013 From Cosmetics to Jewelry to Art Supplies and Hardware<br \/>\nPots en aluminium r\u00e9utilisables pour ranger les cr\u00e8mes, lotions, maquillage, cosm\u00e9tiques, baume \u00e0 l\u00e8vres, gommages, pommades, accessoires pour les ongles, breloques, perles, petits bijoux, etc.<br \/>\nPeut \u00eatre utilis\u00e9 pour m\u00e9langer ou \u00e9chantillonner des produits de beaut\u00e9 ou de sant\u00e9<br \/>\nId\u00e9al pour un usage professionnel ou personnel<\/p>","protected":false},"featured_media":3877,"template":"","meta":{"_kad_post_transparent":"default","_kad_post_title":"","_kad_post_layout":"default","_kad_post_sidebar_id":"","_kad_post_content_style":"default","_kad_post_vertical_padding":"default","_kad_post_feature":"","_kad_post_feature_position":"","_kad_post_header":false,"_kad_post_footer":false,"jetpack_publicize_message":"","jetpack_publicize_feature_enabled":true,"jetpack_social_post_already_shared":true,"jetpack_social_options":{"image_generator_settings":{"template":"highway","default_image_id":0,"enabled":false},"version":2}},"product_brand":[],"product_cat":[28,24,27],"product_tag":[730,729,728,727],"class_list":{"0":"post-3874","1":"product","2":"type-product","3":"status-publish","4":"has-post-thumbnail","6":"product_cat-aluminum-jars","7":"product_cat-jars","8":"product_cat-metal-jars","9":"product_tag-150ml-flip-top-can-wholesale","10":"product_tag-black-aluminum-bottles-bulk-empty","11":"product_tag-blank-flip-top-cans-for-boutique-beverages","12":"product_tag-bulk-blank-aluminum-cans","14":"first","15":"instock","16":"shipping-taxable","17":"purchasable","18":"product-type-simple","19":"entry","20":"content-bg","21":"loop-entry"},"aioseo_notices":[],"jetpack_publicize_connections":[],"jetpack_sharing_enabled":true,"_links":{"self":[{"href":"https:\/\/yingmeipack.com\/fr\/wp-json\/wp\/v2\/product\/3874","targetHints":{"allow":["GET"]}}],"collection":[{"href":"https:\/\/yingmeipack.com\/fr\/wp-json\/wp\/v2\/product"}],"about":[{"href":"https:\/\/yingmeipack.com\/fr\/wp-json\/wp\/v2\/types\/product"}],"version-history":[{"count":1,"href":"https:\/\/yingmeipack.com\/fr\/wp-json\/wp\/v2\/product\/3874\/revisions"}],"predecessor-version":[{"id":3881,"href":"https:\/\/yingmeipack.com\/fr\/wp-json\/wp\/v2\/product\/3874\/revisions\/3881"}],"wp:featuredmedia":[{"embeddable":true,"href":"https:\/\/yingmeipack.com\/fr\/wp-json\/wp\/v2\/media\/3877"}],"wp:attachment":[{"href":"https:\/\/yingmeipack.com\/fr\/wp-json\/wp\/v2\/media?parent=3874"}],"wp:term":[{"taxonomy":"product_brand","embeddable":true,"href":"https:\/\/yingmeipack.com\/fr\/wp-json\/wp\/v2\/product_brand?post=3874"},{"taxonomy":"product_cat","embeddable":true,"href":"https:\/\/yingmeipack.com\/fr\/wp-json\/wp\/v2\/product_cat?post=3874"},{"taxonomy":"product_tag","embeddable":true,"href":"https:\/\/yingmeipack.com\/fr\/wp-json\/wp\/v2\/product_tag?post=3874"}],"curies":[{"name":"wp","href":"https:\/\/api.w.org\/{rel}","templated":true}]}}