{"id":383,"date":"2022-11-20T09:10:18","date_gmt":"2022-11-20T09:10:18","guid":{"rendered":"https:\/\/yingmeipack.com\/?post_type=product&#038;p=383"},"modified":"2022-11-20T14:28:26","modified_gmt":"2022-11-20T14:28:26","slug":"1000ml-airtight-portable-silver-aluminum-storage-jars-tins","status":"publish","type":"product","link":"https:\/\/yingmeipack.com\/fr\/product\/1000ml-airtight-portable-silver-aluminum-storage-jars-tins\/","title":{"rendered":"1000ml Airtight Portable Silver Aluminum Storage Jars Tins Tins"},"content":{"rendered":"","protected":false},"excerpt":{"rendered":"<p>Si vous \u00eates \u00e0 la recherche d'un grand pot en aluminium, ne cherchez plus. Avec un volume de 1000 ml et une taille de 83 x 195 mm, cette beaut\u00e9 est la plus grande bouteille en m\u00e9tal de notre assortiment. Bien qu'elle soit de grande taille, elle pr\u00e9sente un design extr\u00eamement \u00e9l\u00e9gant et l\u00e9ger. La bouteille est en outre sans soudure, ce qui lui conf\u00e8re une finition haut de gamme. Avec son aspect m\u00e9tallique lisse, cette magnifique bouteille est garantie d'ajouter une touche de classe et d'\u00e9l\u00e9gance \u00e0 votre ligne de produits. Malgr\u00e9 sa l\u00e9g\u00e8ret\u00e9, la bouteille est tr\u00e8s r\u00e9sistante. Elle convient donc aussi bien aux emballages commerciaux qu'aux emballages industriels. La bouteille est fabriqu\u00e9e en aluminium inoxydable, ce qui vous permet de l'utiliser en toute s\u00e9curit\u00e9 dans la salle de bain et dans tout autre type d'environnement humide. Si vous \u00eates \u00e0 la recherche d'une grande unit\u00e9 pour conserver de la nourriture, des cosm\u00e9tiques ou des m\u00e9dicaments, notre bocal en aluminium de 1000 ml est un choix parfait pour vous.<\/p>","protected":false},"featured_media":384,"template":"","meta":{"_kad_post_transparent":"default","_kad_post_title":"","_kad_post_layout":"default","_kad_post_sidebar_id":"","_kad_post_content_style":"default","_kad_post_vertical_padding":"default","_kad_post_feature":"","_kad_post_feature_position":"","_kad_post_header":false,"_kad_post_footer":false,"jetpack_publicize_message":"","jetpack_publicize_feature_enabled":true,"jetpack_social_post_already_shared":false,"jetpack_social_options":{"image_generator_settings":{"template":"highway","default_image_id":0,"enabled":false},"version":2}},"product_brand":[],"product_cat":[28,24,27],"product_tag":[138,136,134,135,137],"class_list":{"0":"post-383","1":"product","2":"type-product","3":"status-publish","4":"has-post-thumbnail","6":"product_cat-aluminum-jars","7":"product_cat-jars","8":"product_cat-metal-jars","9":"product_tag-1000ml-aluminum-jars","10":"product_tag-airtight-aluminum-jars","11":"product_tag-aluminum-storage-jar","12":"product_tag-aluminum-storage-tins","13":"product_tag-portable-aluminum-jars","15":"first","16":"instock","17":"shipping-taxable","18":"product-type-simple","19":"entry","20":"content-bg","21":"loop-entry"},"aioseo_notices":[],"jetpack_publicize_connections":[],"jetpack_sharing_enabled":true,"_links":{"self":[{"href":"https:\/\/yingmeipack.com\/fr\/wp-json\/wp\/v2\/product\/383","targetHints":{"allow":["GET"]}}],"collection":[{"href":"https:\/\/yingmeipack.com\/fr\/wp-json\/wp\/v2\/product"}],"about":[{"href":"https:\/\/yingmeipack.com\/fr\/wp-json\/wp\/v2\/types\/product"}],"version-history":[{"count":2,"href":"https:\/\/yingmeipack.com\/fr\/wp-json\/wp\/v2\/product\/383\/revisions"}],"predecessor-version":[{"id":390,"href":"https:\/\/yingmeipack.com\/fr\/wp-json\/wp\/v2\/product\/383\/revisions\/390"}],"wp:featuredmedia":[{"embeddable":true,"href":"https:\/\/yingmeipack.com\/fr\/wp-json\/wp\/v2\/media\/384"}],"wp:attachment":[{"href":"https:\/\/yingmeipack.com\/fr\/wp-json\/wp\/v2\/media?parent=383"}],"wp:term":[{"taxonomy":"product_brand","embeddable":true,"href":"https:\/\/yingmeipack.com\/fr\/wp-json\/wp\/v2\/product_brand?post=383"},{"taxonomy":"product_cat","embeddable":true,"href":"https:\/\/yingmeipack.com\/fr\/wp-json\/wp\/v2\/product_cat?post=383"},{"taxonomy":"product_tag","embeddable":true,"href":"https:\/\/yingmeipack.com\/fr\/wp-json\/wp\/v2\/product_tag?post=383"}],"curies":[{"name":"wp","href":"https:\/\/api.w.org\/{rel}","templated":true}]}}