{"id":376,"date":"2022-11-20T08:57:22","date_gmt":"2022-11-20T08:57:22","guid":{"rendered":"https:\/\/yingmeipack.com\/?post_type=product&#038;p=376"},"modified":"2022-11-20T09:07:56","modified_gmt":"2022-11-20T09:07:56","slug":"smooth-metal-aluminum-plastic-screw-cover-cap-lid-for-jars","status":"publish","type":"product","link":"https:\/\/yingmeipack.com\/fr\/product\/smooth-metal-aluminum-plastic-screw-cover-cap-lid-for-jars\/","title":{"rendered":"Couvercle \u00e0 vis en m\u00e9tal lisse aluminium plastique pour bocaux"},"content":{"rendered":"","protected":false},"excerpt":{"rendered":"<p>Nous proposons une grande vari\u00e9t\u00e9 de bouchons en m\u00e9tal et en plastique compatibles avec les bouteilles, pots et carafes en verre. Ces fermetures m\u00e9talliques sont approuv\u00e9es par la FDA et disponibles en aluminium ou en fer-blanc \u00e9lectrolytique (acier recouvert d'\u00e9tain). Les couleurs comprennent l'argent, l'\u00e9tain, l'aluminium, l'or, le noir, le blanc, le jaune et le rouge. Diff\u00e9rents rev\u00eatements sont disponibles : p\u00e2te et poly\u00e9thyl\u00e8ne, p\u00e2te et polyvinyle, F-217, p\u00e2te et feuille d'aluminium et plastisol.<br \/>\nNos bouchons m\u00e9talliques sont des bouchons jetables en fer-blanc. Un dispositif manuel ou des lignes de production automatiques affectent le processus de fermeture. Les bouchons conviennent \u00e0 tous les remplissages \u00e0 chaud et \u00e0 froid pour les produits secs, aqueux et gras dans le cadre de processus de pasteurisation et de st\u00e9rilisation. Largement utilis\u00e9 pour les fruits, les l\u00e9gumes, la viande, les sauces et les petites portions de sp\u00e9cialit\u00e9s, ce bouchon est un choix optimal pour tout type de produit alimentaire.<\/p>","protected":false},"featured_media":377,"template":"","meta":{"_kad_post_transparent":"default","_kad_post_title":"","_kad_post_layout":"default","_kad_post_sidebar_id":"","_kad_post_content_style":"default","_kad_post_vertical_padding":"default","_kad_post_feature":"","_kad_post_feature_position":"","_kad_post_header":false,"_kad_post_footer":false,"jetpack_publicize_message":"","jetpack_publicize_feature_enabled":true,"jetpack_social_post_already_shared":false,"jetpack_social_options":{"image_generator_settings":{"template":"highway","default_image_id":0,"enabled":false},"version":2}},"product_brand":[],"product_cat":[34],"product_tag":[132,133,131,130],"class_list":{"0":"post-376","1":"product","2":"type-product","3":"status-publish","4":"has-post-thumbnail","6":"product_cat-caps","7":"product_tag-plastic-screw-cap","8":"product_tag-plastic-screw-lid","9":"product_tag-screw-cover","10":"product_tag-screw-cover-cap","12":"first","13":"instock","14":"shipping-taxable","15":"product-type-simple","16":"entry","17":"content-bg","18":"loop-entry"},"aioseo_notices":[],"jetpack_publicize_connections":[],"jetpack_sharing_enabled":true,"_links":{"self":[{"href":"https:\/\/yingmeipack.com\/fr\/wp-json\/wp\/v2\/product\/376","targetHints":{"allow":["GET"]}}],"collection":[{"href":"https:\/\/yingmeipack.com\/fr\/wp-json\/wp\/v2\/product"}],"about":[{"href":"https:\/\/yingmeipack.com\/fr\/wp-json\/wp\/v2\/types\/product"}],"version-history":[{"count":1,"href":"https:\/\/yingmeipack.com\/fr\/wp-json\/wp\/v2\/product\/376\/revisions"}],"predecessor-version":[{"id":382,"href":"https:\/\/yingmeipack.com\/fr\/wp-json\/wp\/v2\/product\/376\/revisions\/382"}],"wp:featuredmedia":[{"embeddable":true,"href":"https:\/\/yingmeipack.com\/fr\/wp-json\/wp\/v2\/media\/377"}],"wp:attachment":[{"href":"https:\/\/yingmeipack.com\/fr\/wp-json\/wp\/v2\/media?parent=376"}],"wp:term":[{"taxonomy":"product_brand","embeddable":true,"href":"https:\/\/yingmeipack.com\/fr\/wp-json\/wp\/v2\/product_brand?post=376"},{"taxonomy":"product_cat","embeddable":true,"href":"https:\/\/yingmeipack.com\/fr\/wp-json\/wp\/v2\/product_cat?post=376"},{"taxonomy":"product_tag","embeddable":true,"href":"https:\/\/yingmeipack.com\/fr\/wp-json\/wp\/v2\/product_tag?post=376"}],"curies":[{"name":"wp","href":"https:\/\/api.w.org\/{rel}","templated":true}]}}