{"id":367,"date":"2022-11-20T07:22:24","date_gmt":"2022-11-20T07:22:24","guid":{"rendered":"https:\/\/yingmeipack.com\/?post_type=product&#038;p=367"},"modified":"2022-11-20T07:35:13","modified_gmt":"2022-11-20T07:35:13","slug":"eco-friendly-plastic-candle-jars-container-with-screw-lid","status":"publish","type":"product","link":"https:\/\/yingmeipack.com\/fr\/product\/eco-friendly-plastic-candle-jars-container-with-screw-lid\/","title":{"rendered":"Pots de bougie en plastique \u00e9cologique avec couvercle \u00e0 vis"},"content":{"rendered":"","protected":false},"excerpt":{"rendered":"<p>Notre s\u00e9lection de photophores et de votives en plastique est parfaite pour les amateurs de bougies et les professionnels de la fabrication de bougies. Nous proposons une grande vari\u00e9t\u00e9 de photophores en PET, disponibles en plusieurs tailles, formes et couleurs. Les pots en PET sont propos\u00e9s en transparent, givr\u00e9 et ambr\u00e9, et peuvent \u00eatre assortis d'une grande vari\u00e9t\u00e9 de bouchons diff\u00e9rents. Les bougies votives en plastique sont disponibles dans des finitions transparentes et givr\u00e9es et sont de forme ronde ou carr\u00e9e. Gr\u00e2ce \u00e0 la vari\u00e9t\u00e9 des options de d\u00e9coration telles que les \u00e9tiquettes, les pierres pr\u00e9cieuses, les peintures d\u00e9coratives ou la gravure, vous pouvez transformer personnellement votre contenant en une id\u00e9e de cadeau ou une ligne de produits unique et sp\u00e9ciale. Quel que soit votre m\u00e9tier, nous avons le contenant qu'il vous faut. Comme toujours, vous devez tester la compatibilit\u00e9 de vos contenants \u00e0 bougies avec le produit et toujours faire preuve de prudence lorsque vous fabriquez ou br\u00fblez des bougies. Nous ne pr\u00e9tendons pas que ces contenants sont adapt\u00e9s \u00e0 un usage particulier. Vous pouvez personnaliser ce que vous voulez en fonction de vos besoins en mati\u00e8re d'emballage de bougies.<\/p>","protected":false},"featured_media":368,"template":"","meta":{"_kad_post_transparent":"default","_kad_post_title":"","_kad_post_layout":"default","_kad_post_sidebar_id":"","_kad_post_content_style":"default","_kad_post_vertical_padding":"default","_kad_post_feature":"","_kad_post_feature_position":"","_kad_post_header":false,"_kad_post_footer":false,"jetpack_publicize_message":"","jetpack_publicize_feature_enabled":true,"jetpack_social_post_already_shared":false,"jetpack_social_options":{"image_generator_settings":{"template":"highway","default_image_id":0,"enabled":false},"version":2}},"product_brand":[],"product_cat":[19,24,20,25],"product_tag":[128,126,129,127],"class_list":{"0":"post-367","1":"product","2":"type-product","3":"status-publish","4":"has-post-thumbnail","6":"product_cat-bottles","7":"product_cat-jars","8":"product_cat-plastic-bottles","9":"product_cat-plastic-jars","10":"product_tag-eco-friendly-candle-container","11":"product_tag-eco-friendly-candle-jars","12":"product_tag-plastic-candle-container","13":"product_tag-plastic-candle-jars","15":"first","16":"instock","17":"shipping-taxable","18":"product-type-simple","19":"entry","20":"content-bg","21":"loop-entry"},"aioseo_notices":[],"jetpack_publicize_connections":[],"jetpack_sharing_enabled":true,"_links":{"self":[{"href":"https:\/\/yingmeipack.com\/fr\/wp-json\/wp\/v2\/product\/367","targetHints":{"allow":["GET"]}}],"collection":[{"href":"https:\/\/yingmeipack.com\/fr\/wp-json\/wp\/v2\/product"}],"about":[{"href":"https:\/\/yingmeipack.com\/fr\/wp-json\/wp\/v2\/types\/product"}],"version-history":[{"count":2,"href":"https:\/\/yingmeipack.com\/fr\/wp-json\/wp\/v2\/product\/367\/revisions"}],"predecessor-version":[{"id":375,"href":"https:\/\/yingmeipack.com\/fr\/wp-json\/wp\/v2\/product\/367\/revisions\/375"}],"wp:featuredmedia":[{"embeddable":true,"href":"https:\/\/yingmeipack.com\/fr\/wp-json\/wp\/v2\/media\/368"}],"wp:attachment":[{"href":"https:\/\/yingmeipack.com\/fr\/wp-json\/wp\/v2\/media?parent=367"}],"wp:term":[{"taxonomy":"product_brand","embeddable":true,"href":"https:\/\/yingmeipack.com\/fr\/wp-json\/wp\/v2\/product_brand?post=367"},{"taxonomy":"product_cat","embeddable":true,"href":"https:\/\/yingmeipack.com\/fr\/wp-json\/wp\/v2\/product_cat?post=367"},{"taxonomy":"product_tag","embeddable":true,"href":"https:\/\/yingmeipack.com\/fr\/wp-json\/wp\/v2\/product_tag?post=367"}],"curies":[{"name":"wp","href":"https:\/\/api.w.org\/{rel}","templated":true}]}}