{"id":348,"date":"2022-11-20T02:54:18","date_gmt":"2022-11-20T02:54:18","guid":{"rendered":"https:\/\/yingmeipack.com\/?post_type=product&#038;p=348"},"modified":"2022-11-20T07:04:00","modified_gmt":"2022-11-20T07:04:00","slug":"100ml-custom-printing-luxury-square-perfume-glass-bottle","status":"publish","type":"product","link":"https:\/\/yingmeipack.com\/fr\/product\/100ml-custom-printing-luxury-square-perfume-glass-bottle\/","title":{"rendered":"100ml Impression personnalis\u00e9e Bouteille de parfum carr\u00e9e de luxe en verre"},"content":{"rendered":"","protected":false},"excerpt":{"rendered":"<p>Ce flacon carr\u00e9 de parfum en verre color\u00e9 est personnalis\u00e9 par notre client actuel, la capacit\u00e9 de ce flacon est de 100ml. Il est tr\u00e8s poli et tr\u00e8s beau. Chaque flacon est emball\u00e9 dans une bo\u00eete individuelle pour \u00e9viter qu'il ne se brise. Il est portable et rechargeable avec un pulv\u00e9risateur de fine brume en m\u00e9tal argent\u00e9 brillant avec un capuchon assorti, un atomiseur de fine brume \u00e9l\u00e9gant pour le parfum, avec un pulv\u00e9risateur de fine brume en m\u00e9tal fournissant une pulv\u00e9risation de fine brume. Suffisamment grand pour vaporiser directement dans l'embouchure du flacon \u00e0 remplir. Paille en plastique qui s'\u00e9tend jusqu'\u00e0 la base du flacon pour garantir l'acc\u00e8s \u00e0 votre contenu jusqu'\u00e0 la derni\u00e8re goutte.<\/p>\n<p>&nbsp;<\/p>","protected":false},"featured_media":349,"template":"","meta":{"_kad_post_transparent":"default","_kad_post_title":"","_kad_post_layout":"default","_kad_post_sidebar_id":"","_kad_post_content_style":"default","_kad_post_vertical_padding":"default","_kad_post_feature":"","_kad_post_feature_position":"","_kad_post_header":false,"_kad_post_footer":false,"jetpack_publicize_message":"","jetpack_publicize_feature_enabled":true,"jetpack_social_post_already_shared":false,"jetpack_social_options":{"image_generator_settings":{"template":"highway","default_image_id":0,"enabled":false},"version":2}},"product_brand":[],"product_cat":[19,21,23],"product_tag":[120,121,118,122],"class_list":{"0":"post-348","1":"product","2":"type-product","3":"status-publish","4":"has-post-thumbnail","6":"product_cat-bottles","7":"product_cat-glass-bottles","8":"product_cat-square-glass-bottles","9":"product_tag-100ml-perfume-bottle","10":"product_tag-custom-perfume-bottle","11":"product_tag-perfume-glass-bottle","12":"product_tag-square-perfume-bottle","14":"first","15":"instock","16":"shipping-taxable","17":"product-type-simple","18":"entry","19":"content-bg","20":"loop-entry"},"aioseo_notices":[],"jetpack_publicize_connections":[],"jetpack_sharing_enabled":true,"_links":{"self":[{"href":"https:\/\/yingmeipack.com\/fr\/wp-json\/wp\/v2\/product\/348","targetHints":{"allow":["GET"]}}],"collection":[{"href":"https:\/\/yingmeipack.com\/fr\/wp-json\/wp\/v2\/product"}],"about":[{"href":"https:\/\/yingmeipack.com\/fr\/wp-json\/wp\/v2\/types\/product"}],"version-history":[{"count":3,"href":"https:\/\/yingmeipack.com\/fr\/wp-json\/wp\/v2\/product\/348\/revisions"}],"predecessor-version":[{"id":358,"href":"https:\/\/yingmeipack.com\/fr\/wp-json\/wp\/v2\/product\/348\/revisions\/358"}],"wp:featuredmedia":[{"embeddable":true,"href":"https:\/\/yingmeipack.com\/fr\/wp-json\/wp\/v2\/media\/349"}],"wp:attachment":[{"href":"https:\/\/yingmeipack.com\/fr\/wp-json\/wp\/v2\/media?parent=348"}],"wp:term":[{"taxonomy":"product_brand","embeddable":true,"href":"https:\/\/yingmeipack.com\/fr\/wp-json\/wp\/v2\/product_brand?post=348"},{"taxonomy":"product_cat","embeddable":true,"href":"https:\/\/yingmeipack.com\/fr\/wp-json\/wp\/v2\/product_cat?post=348"},{"taxonomy":"product_tag","embeddable":true,"href":"https:\/\/yingmeipack.com\/fr\/wp-json\/wp\/v2\/product_tag?post=348"}],"curies":[{"name":"wp","href":"https:\/\/api.w.org\/{rel}","templated":true}]}}