{"id":3420,"date":"2025-08-22T06:30:11","date_gmt":"2025-08-22T06:30:11","guid":{"rendered":"https:\/\/yingmeipack.com\/?post_type=product&#038;p=3420"},"modified":"2025-08-22T06:39:27","modified_gmt":"2025-08-22T06:39:27","slug":"silver-aluminum-slider-box-15ml-refillable-metal-container","status":"publish","type":"product","link":"https:\/\/yingmeipack.com\/fr\/product\/silver-aluminum-slider-box-15ml-refillable-metal-container\/","title":{"rendered":"Silver Aluminum Slider Box 15ml &#8211; Refillable Metal Container"},"content":{"rendered":"","protected":false},"excerpt":{"rendered":"<ul>\n<li>Makeup Ruond Cream Container: These gift boxes are durable, wear-resistant and fall-resistant. A packing box for Christmas, birthday, wedding.<\/li>\n<li>Bo\u00eete ronde en aluminium pour bougies : La bo\u00eete en fer blanc est un r\u00e9cipient vide de forme ronde, ce qui r\u00e9duit le risque de blesser les gens avec les bougies. Elle est facile \u00e0 ouvrir et \u00e0 fermer en toute s\u00e9curit\u00e9.<\/li>\n<li>Round Metal Tins: They can be for packaging boxes such as tea boxes, candy boxes, jewelry boxes.<\/li>\n<li>Bo\u00eetes de feuilles de th\u00e9 : Fabriqu\u00e9es en aluminium, elles ne se cassent pas facilement et vous serviront pendant longtemps. Elles ont une surface lisse et peuvent \u00eatre plac\u00e9es les unes \u00e0 c\u00f4t\u00e9 des autres pour une utilisation pratique.<\/li>\n<li>R\u00e9cipients pour \u00e9chantillons de produits cosm\u00e9tiques : Construction sans couture, durable, facile \u00e0 transporter et \u00e0 utiliser. Projets de fabrication de bougies.<\/li>\n<\/ul>\n<p>This slip Lid aluminum jar is made from food grade materials, and the dimension is 45*18*0.3 mm. Made of aluminium, lightweight but durable, easy to carry. These tin cans have no sharp edges, all edges are rounded and are seamlessly formed. The material can be recycled or re-used making. Great containers for lip balms, lip gloss, creams, cosmetics, salve, pills, beads, screws, candies, buttons, coins, herbs, tea, candles and much more. They are also suitable for slime storage, making candles and DIY craft.<\/p>","protected":false},"featured_media":3425,"template":"","meta":{"_kad_post_transparent":"default","_kad_post_title":"","_kad_post_layout":"default","_kad_post_sidebar_id":"","_kad_post_content_style":"default","_kad_post_vertical_padding":"default","_kad_post_feature":"","_kad_post_feature_position":"","_kad_post_header":false,"_kad_post_footer":false,"jetpack_publicize_message":"","jetpack_publicize_feature_enabled":true,"jetpack_social_post_already_shared":true,"jetpack_social_options":{"image_generator_settings":{"template":"highway","default_image_id":0,"enabled":false},"version":2}},"product_brand":[],"product_cat":[28,24,27],"product_tag":[614,613,615,612],"class_list":{"0":"post-3420","1":"product","2":"type-product","3":"status-publish","4":"has-post-thumbnail","6":"product_cat-aluminum-jars","7":"product_cat-jars","8":"product_cat-metal-jars","9":"product_tag-15ml-silver-tin","10":"product_tag-aluminum-slider-box","11":"product_tag-cosmetic-sample-box","12":"product_tag-refillable-metal-container","14":"first","15":"instock","16":"shipping-taxable","17":"purchasable","18":"product-type-simple","19":"entry","20":"content-bg","21":"loop-entry"},"aioseo_notices":[],"jetpack_publicize_connections":[],"jetpack_sharing_enabled":true,"_links":{"self":[{"href":"https:\/\/yingmeipack.com\/fr\/wp-json\/wp\/v2\/product\/3420","targetHints":{"allow":["GET"]}}],"collection":[{"href":"https:\/\/yingmeipack.com\/fr\/wp-json\/wp\/v2\/product"}],"about":[{"href":"https:\/\/yingmeipack.com\/fr\/wp-json\/wp\/v2\/types\/product"}],"version-history":[{"count":3,"href":"https:\/\/yingmeipack.com\/fr\/wp-json\/wp\/v2\/product\/3420\/revisions"}],"predecessor-version":[{"id":3429,"href":"https:\/\/yingmeipack.com\/fr\/wp-json\/wp\/v2\/product\/3420\/revisions\/3429"}],"wp:featuredmedia":[{"embeddable":true,"href":"https:\/\/yingmeipack.com\/fr\/wp-json\/wp\/v2\/media\/3425"}],"wp:attachment":[{"href":"https:\/\/yingmeipack.com\/fr\/wp-json\/wp\/v2\/media?parent=3420"}],"wp:term":[{"taxonomy":"product_brand","embeddable":true,"href":"https:\/\/yingmeipack.com\/fr\/wp-json\/wp\/v2\/product_brand?post=3420"},{"taxonomy":"product_cat","embeddable":true,"href":"https:\/\/yingmeipack.com\/fr\/wp-json\/wp\/v2\/product_cat?post=3420"},{"taxonomy":"product_tag","embeddable":true,"href":"https:\/\/yingmeipack.com\/fr\/wp-json\/wp\/v2\/product_tag?post=3420"}],"curies":[{"name":"wp","href":"https:\/\/api.w.org\/{rel}","templated":true}]}}