{"id":3287,"date":"2025-08-19T03:28:09","date_gmt":"2025-08-19T03:28:09","guid":{"rendered":"https:\/\/yingmeipack.com\/?post_type=product&#038;p=3287"},"modified":"2025-08-19T03:38:26","modified_gmt":"2025-08-19T03:38:26","slug":"60ml-white-aluminum-cosmetic-jar-airless-pump-refillable","status":"publish","type":"product","link":"https:\/\/yingmeipack.com\/fr\/product\/60ml-white-aluminum-cosmetic-jar-airless-pump-refillable\/","title":{"rendered":"60ml White Aluminum Cosmetic Jar Airless Pump Refillable"},"content":{"rendered":"","protected":false},"excerpt":{"rendered":"<p>La taille de ce pot en aluminium est de 68*25 mm. Il est fabriqu\u00e9 en aluminium de premi\u00e8re qualit\u00e9, l\u00e9ger mais durable, facile \u00e0 transporter en voyage. Le couvercle \u00e0 vis herm\u00e9tiquement ferm\u00e9 et l'insert int\u00e9rieur en mousse \u00e9liminent tout risque de fuite ou de fonte et prot\u00e8gent vos produits de l'exposition \u00e0 la lumi\u00e8re et aux temp\u00e9ratures \u00e9lev\u00e9es. Tous les bords sont arrondis et parfaitement form\u00e9s. Id\u00e9al pour les baumes \u00e0 l\u00e8vres, les d\u00e9odorants en cr\u00e8me, les comprim\u00e9s de dentifrice, les pilules, les pi\u00e8ces de monnaie, les herbes et bien d'autres choses encore. Les clients peuvent personnaliser tous les d\u00e9tails en fonction de leurs propres besoins.<\/p>\n<p>&nbsp;<\/p>","protected":false},"featured_media":3293,"template":"","meta":{"_kad_post_transparent":"default","_kad_post_title":"","_kad_post_layout":"default","_kad_post_sidebar_id":"","_kad_post_content_style":"default","_kad_post_vertical_padding":"default","_kad_post_feature":"","_kad_post_feature_position":"","_kad_post_header":false,"_kad_post_footer":false,"jetpack_publicize_message":"","jetpack_publicize_feature_enabled":true,"jetpack_social_post_already_shared":true,"jetpack_social_options":{"image_generator_settings":{"template":"highway","default_image_id":0,"enabled":false},"version":2}},"product_brand":[],"product_cat":[28,24,27],"product_tag":[545,572,574,573],"class_list":{"0":"post-3287","1":"product","2":"type-product","3":"status-publish","4":"has-post-thumbnail","6":"product_cat-aluminum-jars","7":"product_cat-jars","8":"product_cat-metal-jars","9":"product_tag-60ml-aluminum-jar","10":"product_tag-airless-cosmetic-jar","11":"product_tag-pump-protected-cream","12":"product_tag-white-makeup-container","14":"first","15":"instock","16":"shipping-taxable","17":"purchasable","18":"product-type-simple","19":"entry","20":"content-bg","21":"loop-entry"},"aioseo_notices":[],"jetpack_publicize_connections":[],"jetpack_sharing_enabled":true,"_links":{"self":[{"href":"https:\/\/yingmeipack.com\/fr\/wp-json\/wp\/v2\/product\/3287","targetHints":{"allow":["GET"]}}],"collection":[{"href":"https:\/\/yingmeipack.com\/fr\/wp-json\/wp\/v2\/product"}],"about":[{"href":"https:\/\/yingmeipack.com\/fr\/wp-json\/wp\/v2\/types\/product"}],"version-history":[{"count":1,"href":"https:\/\/yingmeipack.com\/fr\/wp-json\/wp\/v2\/product\/3287\/revisions"}],"predecessor-version":[{"id":3295,"href":"https:\/\/yingmeipack.com\/fr\/wp-json\/wp\/v2\/product\/3287\/revisions\/3295"}],"wp:featuredmedia":[{"embeddable":true,"href":"https:\/\/yingmeipack.com\/fr\/wp-json\/wp\/v2\/media\/3293"}],"wp:attachment":[{"href":"https:\/\/yingmeipack.com\/fr\/wp-json\/wp\/v2\/media?parent=3287"}],"wp:term":[{"taxonomy":"product_brand","embeddable":true,"href":"https:\/\/yingmeipack.com\/fr\/wp-json\/wp\/v2\/product_brand?post=3287"},{"taxonomy":"product_cat","embeddable":true,"href":"https:\/\/yingmeipack.com\/fr\/wp-json\/wp\/v2\/product_cat?post=3287"},{"taxonomy":"product_tag","embeddable":true,"href":"https:\/\/yingmeipack.com\/fr\/wp-json\/wp\/v2\/product_tag?post=3287"}],"curies":[{"name":"wp","href":"https:\/\/api.w.org\/{rel}","templated":true}]}}