{"id":3070,"date":"2025-07-22T07:41:07","date_gmt":"2025-07-22T07:41:07","guid":{"rendered":"https:\/\/yingmeipack.com\/?post_type=product&#038;p=3070"},"modified":"2025-11-17T09:27:29","modified_gmt":"2025-11-17T09:27:29","slug":"wholesale-10ml-rose-gold-printed-aluminum-lipstick-tubes","status":"publish","type":"product","link":"https:\/\/yingmeipack.com\/fr\/product\/wholesale-10ml-rose-gold-printed-aluminum-lipstick-tubes\/","title":{"rendered":"Wholesale 10ml Rose Gold Printed Aluminum Lipstick Tubes"},"content":{"rendered":"","protected":false},"excerpt":{"rendered":"<p>Un pot en aluminium de 10 ml - tr\u00e8s l\u00e9ger et durable. Les r\u00e9cipients sont recouverts d'une r\u00e9sine sp\u00e9ciale EPA (Epoxy Ph\u00e9nolique*) \u00e0 l'int\u00e9rieur, de sorte que l'aluminium n'entre pas en contact direct avec votre produit et qu'il n'y a donc aucun risque de r\u00e9action ou d'oxydation avec votre produit. Nos conteneurs en aluminium sont totalement r\u00e9utilisables et recyclables et peuvent \u00eatre recycl\u00e9s dans les installations de recyclage standard. Le rev\u00eatement EP de l'aluminium rend le pot en aluminium adapt\u00e9 \u00e0 la plupart des types de produits, y compris les produits \u00e0 base d'eau, d'huile et de solvant. Ce pot en aluminium est fourni avec un couvercle en aluminium, sp\u00e9cialement con\u00e7u pour ce pot afin d'assurer une fermeture herm\u00e9tique. L'aluminium est enti\u00e8rement recyclable et d\u00e9gage peu de chaleur. Son faible poids en fait un mat\u00e9riau id\u00e9al pour le transport. L'aluminium n'est pas lixivi\u00e9 s'il est mis en d\u00e9charge.<\/p>","protected":false},"featured_media":4521,"template":"","meta":{"_kad_post_transparent":"default","_kad_post_title":"","_kad_post_layout":"default","_kad_post_sidebar_id":"","_kad_post_content_style":"default","_kad_post_vertical_padding":"default","_kad_post_feature":"","_kad_post_feature_position":"","_kad_post_header":false,"_kad_post_footer":false,"jetpack_publicize_message":"","jetpack_publicize_feature_enabled":true,"jetpack_social_post_already_shared":true,"jetpack_social_options":{"image_generator_settings":{"template":"highway","default_image_id":0,"enabled":false},"version":2}},"product_brand":[],"product_cat":[28,24,27],"product_tag":[487,498,499,500],"class_list":{"0":"post-3070","1":"product","2":"type-product","3":"status-publish","4":"has-post-thumbnail","6":"product_cat-aluminum-jars","7":"product_cat-jars","8":"product_cat-metal-jars","9":"product_tag-10ml-aluminum-packaging","10":"product_tag-cosmetic-packaging-wholesale","11":"product_tag-printed-lipstick-tube-suppliers","12":"product_tag-rose-gold-lipstick-tubes-wholesale","14":"first","15":"instock","16":"shipping-taxable","17":"purchasable","18":"product-type-simple","19":"entry","20":"content-bg","21":"loop-entry"},"aioseo_notices":[],"jetpack_publicize_connections":[],"jetpack_sharing_enabled":true,"_links":{"self":[{"href":"https:\/\/yingmeipack.com\/fr\/wp-json\/wp\/v2\/product\/3070","targetHints":{"allow":["GET"]}}],"collection":[{"href":"https:\/\/yingmeipack.com\/fr\/wp-json\/wp\/v2\/product"}],"about":[{"href":"https:\/\/yingmeipack.com\/fr\/wp-json\/wp\/v2\/types\/product"}],"version-history":[{"count":1,"href":"https:\/\/yingmeipack.com\/fr\/wp-json\/wp\/v2\/product\/3070\/revisions"}],"predecessor-version":[{"id":3077,"href":"https:\/\/yingmeipack.com\/fr\/wp-json\/wp\/v2\/product\/3070\/revisions\/3077"}],"wp:featuredmedia":[{"embeddable":true,"href":"https:\/\/yingmeipack.com\/fr\/wp-json\/wp\/v2\/media\/4521"}],"wp:attachment":[{"href":"https:\/\/yingmeipack.com\/fr\/wp-json\/wp\/v2\/media?parent=3070"}],"wp:term":[{"taxonomy":"product_brand","embeddable":true,"href":"https:\/\/yingmeipack.com\/fr\/wp-json\/wp\/v2\/product_brand?post=3070"},{"taxonomy":"product_cat","embeddable":true,"href":"https:\/\/yingmeipack.com\/fr\/wp-json\/wp\/v2\/product_cat?post=3070"},{"taxonomy":"product_tag","embeddable":true,"href":"https:\/\/yingmeipack.com\/fr\/wp-json\/wp\/v2\/product_tag?post=3070"}],"curies":[{"name":"wp","href":"https:\/\/api.w.org\/{rel}","templated":true}]}}