{"id":2983,"date":"2025-07-17T03:41:14","date_gmt":"2025-07-17T03:41:14","guid":{"rendered":"https:\/\/yingmeipack.com\/?post_type=product&#038;p=2983"},"modified":"2025-11-18T09:25:02","modified_gmt":"2025-11-18T09:25:02","slug":"15ml-black-embossed-aluminium-tin-can-with-clear-window","status":"publish","type":"product","link":"https:\/\/yingmeipack.com\/fr\/product\/15ml-black-embossed-aluminium-tin-can-with-clear-window\/","title":{"rendered":"15ml Black Embossed Aluminium Tin Can with Clear Window"},"content":{"rendered":"","protected":false},"excerpt":{"rendered":"<p>CONTENANTS \u00c0 GLISSE - Un bon contenant pour ranger les fournitures de bricolage et les petits articles tels que les bougies, la cr\u00e8me de maquillage, les bonbons, etc.<\/p>\n<p>ALUMINUM ROUND CANDLE TIN&#8211;Seamless construction, durable, easy to carry and use. Perfect for DIY candle making projects.The size is 15ml, 40*17mm.<br \/>\nBo\u00eetes de conserve rondes en aluminium Avec des fen\u00eatres transparentes sur le couvercle, vous pouvez v\u00e9rifier les articles \u00e0 l'int\u00e9rieur de fa\u00e7on pratique et sans ouvrir le couvercle.<br \/>\nMAKEUP RUOND CREAM CONTAINER- TRAVEL CREAM CONTAINERS- Fabriqu\u00e9s en aluminium, ils ne se cassent pas facilement et vous serviront longtemps. Ils ont une surface lisse et peuvent \u00eatre plac\u00e9s les uns \u00e0 c\u00f4t\u00e9 des autres pour une utilisation pratique.<br \/>\nPORTE-BOUTEAUX TEALIGHT - Ces bo\u00eetes cadeaux sont durables, r\u00e9sistantes \u00e0 l'usure et aux chutes. Un emballage cadeau id\u00e9al pour No\u00ebl, les anniversaires, les mariages, etc.<\/p>","protected":false},"featured_media":4671,"template":"","meta":{"_kad_post_transparent":"default","_kad_post_title":"","_kad_post_layout":"default","_kad_post_sidebar_id":"","_kad_post_content_style":"default","_kad_post_vertical_padding":"default","_kad_post_feature":"","_kad_post_feature_position":"","_kad_post_header":false,"_kad_post_footer":false,"jetpack_publicize_message":"","jetpack_publicize_feature_enabled":true,"jetpack_social_post_already_shared":true,"jetpack_social_options":{"image_generator_settings":{"template":"highway","default_image_id":0,"enabled":false},"version":2}},"product_brand":[],"product_cat":[28,24,27],"product_tag":[254,387,461,462],"class_list":{"0":"post-2983","1":"product","2":"type-product","3":"status-publish","4":"has-post-thumbnail","6":"product_cat-aluminum-jars","7":"product_cat-jars","8":"product_cat-metal-jars","9":"product_tag-aluminum-jar-with-clear-window","10":"product_tag-embossed-cosmetic-container","11":"product_tag-sample-size-tin-wholesale","12":"product_tag-travel-size-tin-can","14":"first","15":"instock","16":"shipping-taxable","17":"purchasable","18":"product-type-simple","19":"entry","20":"content-bg","21":"loop-entry"},"aioseo_notices":[],"jetpack_publicize_connections":[],"jetpack_sharing_enabled":true,"_links":{"self":[{"href":"https:\/\/yingmeipack.com\/fr\/wp-json\/wp\/v2\/product\/2983","targetHints":{"allow":["GET"]}}],"collection":[{"href":"https:\/\/yingmeipack.com\/fr\/wp-json\/wp\/v2\/product"}],"about":[{"href":"https:\/\/yingmeipack.com\/fr\/wp-json\/wp\/v2\/types\/product"}],"version-history":[{"count":2,"href":"https:\/\/yingmeipack.com\/fr\/wp-json\/wp\/v2\/product\/2983\/revisions"}],"predecessor-version":[{"id":3338,"href":"https:\/\/yingmeipack.com\/fr\/wp-json\/wp\/v2\/product\/2983\/revisions\/3338"}],"wp:featuredmedia":[{"embeddable":true,"href":"https:\/\/yingmeipack.com\/fr\/wp-json\/wp\/v2\/media\/4671"}],"wp:attachment":[{"href":"https:\/\/yingmeipack.com\/fr\/wp-json\/wp\/v2\/media?parent=2983"}],"wp:term":[{"taxonomy":"product_brand","embeddable":true,"href":"https:\/\/yingmeipack.com\/fr\/wp-json\/wp\/v2\/product_brand?post=2983"},{"taxonomy":"product_cat","embeddable":true,"href":"https:\/\/yingmeipack.com\/fr\/wp-json\/wp\/v2\/product_cat?post=2983"},{"taxonomy":"product_tag","embeddable":true,"href":"https:\/\/yingmeipack.com\/fr\/wp-json\/wp\/v2\/product_tag?post=2983"}],"curies":[{"name":"wp","href":"https:\/\/api.w.org\/{rel}","templated":true}]}}