{"id":282,"date":"2022-11-17T01:54:46","date_gmt":"2022-11-17T01:54:46","guid":{"rendered":"https:\/\/yingmeipack.com\/?post_type=product&#038;p=282"},"modified":"2022-11-17T02:04:47","modified_gmt":"2022-11-17T02:04:47","slug":"custom-square-aluminium-metal-packaging-tins-containers-jars","status":"publish","type":"product","link":"https:\/\/yingmeipack.com\/fr\/product\/custom-square-aluminium-metal-packaging-tins-containers-jars\/","title":{"rendered":"Bo\u00eetes m\u00e9talliques carr\u00e9es en aluminium sur mesure Bo\u00eetes de conserve Bocaux"},"content":{"rendered":"","protected":false},"excerpt":{"rendered":"<p>La taille de la bo\u00eete \u00e0 pots carr\u00e9e en aluminium est de 45*61*24 mm. Elle est tr\u00e8s pratique \u00e0 transporter et constitue le meilleur choix pour les voyages. Elle est fabriqu\u00e9e en aluminium, qui est plus durable que le plastique et ne rouille pas facilement ! Nos petites bo\u00eetes de conserve sont con\u00e7ues avec un couvercle, qui peut \u00eatre bien scell\u00e9 et ne fuit pas, imperm\u00e9able \u00e0 l'eau, appropri\u00e9 pour les sorties ! Le r\u00e9cipient en m\u00e9tal avec couvercle est con\u00e7u de mani\u00e8re simple, adapt\u00e9 \u00e0 tout style de d\u00e9coration int\u00e9rieure, pour vous fournir un service \u00e0 long terme ! Ce r\u00e9cipient ne convient pas au savon, mais \u00e9galement \u00e0 la conservation de divers petits objets, tels que le baume \u00e0 l\u00e8vres, les mini-bougies, les bonbons, les cosm\u00e9tiques, les bijoux, etc.<\/p>\n<div style=\"width: 1280px;\" class=\"wp-video\"><!--[if lt IE 9]><script>document.createElement('video');<\/script><![endif]--><br \/>\n<video class=\"wp-video-shortcode\" id=\"video-282-1\" width=\"1280\" height=\"720\" loop autoplay preload=\"auto\" controls=\"controls\"><source type=\"video\/mp4\" src=\"http:\/\/yingmeipack.com\/wp-content\/uploads\/2022\/11\/Square-Aluminium-Jars.mp4?_=1\" \/><a href=\"http:\/\/yingmeipack.com\/wp-content\/uploads\/2022\/11\/Square-Aluminium-Jars.mp4\">http:\/\/yingmeipack.com\/wp-content\/uploads\/2022\/11\/Square-Aluminium-Jars.mp4<\/a><\/video><\/div>","protected":false},"featured_media":283,"template":"","meta":{"_kad_post_transparent":"default","_kad_post_title":"","_kad_post_layout":"default","_kad_post_sidebar_id":"","_kad_post_content_style":"default","_kad_post_vertical_padding":"default","_kad_post_feature":"","_kad_post_feature_position":"","_kad_post_header":false,"_kad_post_footer":false,"jetpack_publicize_message":"","jetpack_publicize_feature_enabled":true,"jetpack_social_post_already_shared":false,"jetpack_social_options":{"image_generator_settings":{"template":"highway","default_image_id":0,"enabled":false},"version":2}},"product_brand":[],"product_cat":[48],"product_tag":[96,98,95,97],"class_list":{"0":"post-282","1":"product","2":"type-product","3":"status-publish","4":"has-post-thumbnail","6":"product_cat-box","7":"product_tag-custom-square-aluminium-jars","8":"product_tag-square-aluminium-containers","9":"product_tag-square-aluminium-jars","10":"product_tag-square-aluminium-tins","12":"first","13":"instock","14":"shipping-taxable","15":"product-type-simple","16":"entry","17":"content-bg","18":"loop-entry"},"aioseo_notices":[],"jetpack_publicize_connections":[],"jetpack_sharing_enabled":true,"_links":{"self":[{"href":"https:\/\/yingmeipack.com\/fr\/wp-json\/wp\/v2\/product\/282","targetHints":{"allow":["GET"]}}],"collection":[{"href":"https:\/\/yingmeipack.com\/fr\/wp-json\/wp\/v2\/product"}],"about":[{"href":"https:\/\/yingmeipack.com\/fr\/wp-json\/wp\/v2\/types\/product"}],"version-history":[{"count":1,"href":"https:\/\/yingmeipack.com\/fr\/wp-json\/wp\/v2\/product\/282\/revisions"}],"predecessor-version":[{"id":292,"href":"https:\/\/yingmeipack.com\/fr\/wp-json\/wp\/v2\/product\/282\/revisions\/292"}],"wp:featuredmedia":[{"embeddable":true,"href":"https:\/\/yingmeipack.com\/fr\/wp-json\/wp\/v2\/media\/283"}],"wp:attachment":[{"href":"https:\/\/yingmeipack.com\/fr\/wp-json\/wp\/v2\/media?parent=282"}],"wp:term":[{"taxonomy":"product_brand","embeddable":true,"href":"https:\/\/yingmeipack.com\/fr\/wp-json\/wp\/v2\/product_brand?post=282"},{"taxonomy":"product_cat","embeddable":true,"href":"https:\/\/yingmeipack.com\/fr\/wp-json\/wp\/v2\/product_cat?post=282"},{"taxonomy":"product_tag","embeddable":true,"href":"https:\/\/yingmeipack.com\/fr\/wp-json\/wp\/v2\/product_tag?post=282"}],"curies":[{"name":"wp","href":"https:\/\/api.w.org\/{rel}","templated":true}]}}