{"id":2615,"date":"2025-06-28T06:30:58","date_gmt":"2025-06-28T06:30:58","guid":{"rendered":"https:\/\/yingmeipack.com\/?post_type=product&#038;p=2615"},"modified":"2025-11-11T01:57:27","modified_gmt":"2025-11-11T01:57:27","slug":"80ml-bright-red-aluminum-candy-jar-christmas-gift-packaging","status":"publish","type":"product","link":"https:\/\/yingmeipack.com\/fr\/product\/80ml-bright-red-aluminum-candy-jar-christmas-gift-packaging\/","title":{"rendered":"80ml Bright Red Aluminum Candy Jar Christmas Gift Packaging"},"content":{"rendered":"","protected":false},"excerpt":{"rendered":"<p>Notre technologie de surface permet de r\u00e9aliser des s\u00e9rigraphies, des impressions en couleur, des gaufrages, des \u00e9videments, des ouvertures de fen\u00eatres et d'autres processus, et la couleur et la taille peuvent \u00eatre personnalis\u00e9es.<\/p>\n<p>Capacity: 80ml, 52*63mm<br \/>\nScoop pour produits secs - Les bords lisses ne blessent pas les mains et sont faciles \u00e0 entretenir. Vous pouvez l'utiliser sans crainte.<br \/>\nCuill\u00e8re \u00e0 glace en m\u00e9tal - Fabriqu\u00e9e en plastique transparent, elle est durable et s\u00fbre. Partagez-la avec votre famille et vos amis car elle est pratique.<br \/>\nScoop \u00e0 bonbons - Les bords lisses ne blessent pas les mains. Id\u00e9al pour les \u00e9v\u00e9nements sp\u00e9ciaux ou pour un usage quotidien.<br \/>\nCuill\u00e8res de bain - Tenir la cuill\u00e8re dans votre main vous procurera une exp\u00e9rience confortable. Elle vous apportera \u00e9galement beaucoup de commodit\u00e9.<br \/>\n100% Garantie de satisfaction : Pour vous assurer une exp\u00e9rience d'achat satisfaisante, n'h\u00e9sitez pas \u00e0 nous contacter si vous avez des questions ou des pr\u00e9occupations.<\/p>","protected":false},"featured_media":4416,"template":"","meta":{"_kad_post_transparent":"default","_kad_post_title":"","_kad_post_layout":"default","_kad_post_sidebar_id":"","_kad_post_content_style":"default","_kad_post_vertical_padding":"default","_kad_post_feature":"","_kad_post_feature_position":"","_kad_post_header":false,"_kad_post_footer":false,"jetpack_publicize_message":"","jetpack_publicize_feature_enabled":true,"jetpack_social_post_already_shared":false,"jetpack_social_options":{"image_generator_settings":{"template":"highway","default_image_id":0,"enabled":false},"version":2}},"product_brand":[],"product_cat":[28,24,27],"product_tag":[282,850,281,333],"class_list":{"0":"post-2615","1":"product","2":"type-product","3":"status-publish","4":"has-post-thumbnail","6":"product_cat-aluminum-jars","7":"product_cat-jars","8":"product_cat-metal-jars","9":"product_tag-aluminum-jar","10":"product_tag-bright-red-aluminum-candy-jar","11":"product_tag-empty-metal-cans","12":"product_tag-portable-jar","14":"first","15":"instock","16":"shipping-taxable","17":"purchasable","18":"product-type-simple","19":"entry","20":"content-bg","21":"loop-entry"},"aioseo_notices":[],"jetpack_publicize_connections":[],"jetpack_sharing_enabled":true,"_links":{"self":[{"href":"https:\/\/yingmeipack.com\/fr\/wp-json\/wp\/v2\/product\/2615","targetHints":{"allow":["GET"]}}],"collection":[{"href":"https:\/\/yingmeipack.com\/fr\/wp-json\/wp\/v2\/product"}],"about":[{"href":"https:\/\/yingmeipack.com\/fr\/wp-json\/wp\/v2\/types\/product"}],"version-history":[{"count":3,"href":"https:\/\/yingmeipack.com\/fr\/wp-json\/wp\/v2\/product\/2615\/revisions"}],"predecessor-version":[{"id":4423,"href":"https:\/\/yingmeipack.com\/fr\/wp-json\/wp\/v2\/product\/2615\/revisions\/4423"}],"wp:featuredmedia":[{"embeddable":true,"href":"https:\/\/yingmeipack.com\/fr\/wp-json\/wp\/v2\/media\/4416"}],"wp:attachment":[{"href":"https:\/\/yingmeipack.com\/fr\/wp-json\/wp\/v2\/media?parent=2615"}],"wp:term":[{"taxonomy":"product_brand","embeddable":true,"href":"https:\/\/yingmeipack.com\/fr\/wp-json\/wp\/v2\/product_brand?post=2615"},{"taxonomy":"product_cat","embeddable":true,"href":"https:\/\/yingmeipack.com\/fr\/wp-json\/wp\/v2\/product_cat?post=2615"},{"taxonomy":"product_tag","embeddable":true,"href":"https:\/\/yingmeipack.com\/fr\/wp-json\/wp\/v2\/product_tag?post=2615"}],"curies":[{"name":"wp","href":"https:\/\/api.w.org\/{rel}","templated":true}]}}