{"id":2595,"date":"2025-06-27T03:30:02","date_gmt":"2025-06-27T03:30:02","guid":{"rendered":"https:\/\/yingmeipack.com\/?post_type=product&#038;p=2595"},"modified":"2025-06-27T03:44:41","modified_gmt":"2025-06-27T03:44:41","slug":"180ml-custom-embossed-black-round-aluminum-can-hair-wax","status":"publish","type":"product","link":"https:\/\/yingmeipack.com\/fr\/product\/180ml-custom-embossed-black-round-aluminum-can-hair-wax\/","title":{"rendered":"180ml custom embossed black round aluminum can hair wax"},"content":{"rendered":"","protected":false},"excerpt":{"rendered":"<p>La dimension de ce pot noir mat est de 83*35 cm. Fabriqu\u00e9 en aluminium durable, durable et l\u00e9ger, il pr\u00e9sente les caract\u00e9ristiques suivantes : brillant, imperm\u00e9able, r\u00e9sistant \u00e0 la corrosion, respectueux de l'environnement, l\u00e9ger et pratique \u00e0 transporter. R\u00e9cipient en aluminium noir mat avec un couvercle qui prot\u00e8ge parfaitement le contenu \u00e0 l'int\u00e9rieur. Convient pour les cr\u00e8mes, les gels, les cires et autres produits cosm\u00e9tiques. Les r\u00e9cipients sont fabriqu\u00e9s conform\u00e9ment aux normes europ\u00e9ennes les plus strictes et contiennent un rev\u00eatement interne BPA-NI.<\/p>","protected":false},"featured_media":2596,"template":"","meta":{"_kad_post_transparent":"default","_kad_post_title":"","_kad_post_layout":"default","_kad_post_sidebar_id":"","_kad_post_content_style":"default","_kad_post_vertical_padding":"default","_kad_post_feature":"","_kad_post_feature_position":"","_kad_post_header":false,"_kad_post_footer":false,"jetpack_publicize_message":"","jetpack_publicize_feature_enabled":true,"jetpack_social_post_already_shared":false,"jetpack_social_options":{"image_generator_settings":{"template":"highway","default_image_id":0,"enabled":false},"version":2}},"product_brand":[],"product_cat":[28,24,27],"product_tag":[65,369,82,85],"class_list":{"0":"post-2595","1":"product","2":"type-product","3":"status-publish","4":"has-post-thumbnail","6":"product_cat-aluminum-jars","7":"product_cat-jars","8":"product_cat-metal-jars","9":"product_tag-custom-aluminum-jar","10":"product_tag-embossed-packaging","11":"product_tag-matte-black-aluminum-jar","12":"product_tag-round-aluminum-jar","14":"first","15":"instock","16":"shipping-taxable","17":"purchasable","18":"product-type-simple","19":"entry","20":"content-bg","21":"loop-entry"},"aioseo_notices":[],"jetpack_publicize_connections":[],"jetpack_sharing_enabled":true,"_links":{"self":[{"href":"https:\/\/yingmeipack.com\/fr\/wp-json\/wp\/v2\/product\/2595","targetHints":{"allow":["GET"]}}],"collection":[{"href":"https:\/\/yingmeipack.com\/fr\/wp-json\/wp\/v2\/product"}],"about":[{"href":"https:\/\/yingmeipack.com\/fr\/wp-json\/wp\/v2\/types\/product"}],"version-history":[{"count":3,"href":"https:\/\/yingmeipack.com\/fr\/wp-json\/wp\/v2\/product\/2595\/revisions"}],"predecessor-version":[{"id":2605,"href":"https:\/\/yingmeipack.com\/fr\/wp-json\/wp\/v2\/product\/2595\/revisions\/2605"}],"wp:featuredmedia":[{"embeddable":true,"href":"https:\/\/yingmeipack.com\/fr\/wp-json\/wp\/v2\/media\/2596"}],"wp:attachment":[{"href":"https:\/\/yingmeipack.com\/fr\/wp-json\/wp\/v2\/media?parent=2595"}],"wp:term":[{"taxonomy":"product_brand","embeddable":true,"href":"https:\/\/yingmeipack.com\/fr\/wp-json\/wp\/v2\/product_brand?post=2595"},{"taxonomy":"product_cat","embeddable":true,"href":"https:\/\/yingmeipack.com\/fr\/wp-json\/wp\/v2\/product_cat?post=2595"},{"taxonomy":"product_tag","embeddable":true,"href":"https:\/\/yingmeipack.com\/fr\/wp-json\/wp\/v2\/product_tag?post=2595"}],"curies":[{"name":"wp","href":"https:\/\/api.w.org\/{rel}","templated":true}]}}