{"id":259,"date":"2022-11-17T01:08:22","date_gmt":"2022-11-17T01:08:22","guid":{"rendered":"https:\/\/yingmeipack.com\/?post_type=product&#038;p=259"},"modified":"2022-11-17T01:25:49","modified_gmt":"2022-11-17T01:25:49","slug":"100ml-green-pet-plastic-cosmetics-jar-with-aluminum-lid","status":"publish","type":"product","link":"https:\/\/yingmeipack.com\/fr\/product\/100ml-green-pet-plastic-cosmetics-jar-with-aluminum-lid\/","title":{"rendered":"Pot \u00e0 cosm\u00e9tiques en plastique PET vert de 100ml avec couvercle en aluminium"},"content":{"rendered":"","protected":false},"excerpt":{"rendered":"<p>Ce pot en plastique PET est muni d'un bouchon \u00e0 vis en aluminium. La capacit\u00e9 de ce pot est de 100ml, et sa dimension est de 41*70 mm. Vous pouvez remplir ce pot en plastique de 100 ml avec couvercle en aluminium avec une vari\u00e9t\u00e9 de produits diff\u00e9rents, y compris des cr\u00e8mes pour le visage, des beurres pour le corps, des baumes et du maquillage. Il est fabriqu\u00e9 en plastique PET (poly\u00e9thyl\u00e8ne t\u00e9r\u00e9phtalate) transparent, ce qui lui conf\u00e8re l'aspect du verre, mais sans son prix ! Le large col de ce pot vous permet de le remplir tr\u00e8s facilement et permet \u00e0 vos clients de le distribuer tr\u00e8s facilement. Le plastique PET est r\u00e9put\u00e9 pour sa l\u00e9g\u00e8ret\u00e9, son caract\u00e8re incassable et sa r\u00e9sistance aux chocs, ce qui le rend id\u00e9al pour l'envoi de produits par la poste et leur protection pendant le transport. Le plastique transparent met en valeur vos produits avec une grande clart\u00e9.<\/p>\n<div style=\"width: 1290px;\" class=\"wp-video\"><!--[if lt IE 9]><script>document.createElement('video');<\/script><![endif]--><br \/>\n<video class=\"wp-video-shortcode\" id=\"video-259-1\" width=\"1290\" height=\"726\" loop autoplay preload=\"auto\" controls=\"controls\"><source type=\"video\/mp4\" src=\"http:\/\/yingmeipack.com\/wp-content\/uploads\/2022\/11\/Plastic-Jars.mp4?_=1\" \/><a href=\"http:\/\/yingmeipack.com\/wp-content\/uploads\/2022\/11\/Plastic-Jars.mp4\">http:\/\/yingmeipack.com\/wp-content\/uploads\/2022\/11\/Plastic-Jars.mp4<\/a><\/video><\/div>","protected":false},"featured_media":260,"template":"","meta":{"_kad_post_transparent":"default","_kad_post_title":"","_kad_post_layout":"default","_kad_post_sidebar_id":"","_kad_post_content_style":"default","_kad_post_vertical_padding":"default","_kad_post_feature":"","_kad_post_feature_position":"","_kad_post_header":false,"_kad_post_footer":false,"jetpack_publicize_message":"","jetpack_publicize_feature_enabled":true,"jetpack_social_post_already_shared":false,"jetpack_social_options":{"image_generator_settings":{"template":"highway","default_image_id":0,"enabled":false},"version":2}},"product_brand":[],"product_cat":[24,25],"product_tag":[88,87,89,86,90],"class_list":{"0":"post-259","1":"product","2":"type-product","3":"status-publish","4":"has-post-thumbnail","6":"product_cat-jars","7":"product_cat-plastic-jars","8":"product_tag-100ml-pet-jar","9":"product_tag-100ml-plastic-jar","10":"product_tag-green-plastic-jar","11":"product_tag-plastic-cosmetics-jar","12":"product_tag-plastic-jar-with-aluminum-lid","14":"first","15":"instock","16":"shipping-taxable","17":"product-type-simple","18":"entry","19":"content-bg","20":"loop-entry"},"aioseo_notices":[],"jetpack_publicize_connections":[],"jetpack_sharing_enabled":true,"_links":{"self":[{"href":"https:\/\/yingmeipack.com\/fr\/wp-json\/wp\/v2\/product\/259","targetHints":{"allow":["GET"]}}],"collection":[{"href":"https:\/\/yingmeipack.com\/fr\/wp-json\/wp\/v2\/product"}],"about":[{"href":"https:\/\/yingmeipack.com\/fr\/wp-json\/wp\/v2\/types\/product"}],"version-history":[{"count":2,"href":"https:\/\/yingmeipack.com\/fr\/wp-json\/wp\/v2\/product\/259\/revisions"}],"predecessor-version":[{"id":271,"href":"https:\/\/yingmeipack.com\/fr\/wp-json\/wp\/v2\/product\/259\/revisions\/271"}],"wp:featuredmedia":[{"embeddable":true,"href":"https:\/\/yingmeipack.com\/fr\/wp-json\/wp\/v2\/media\/260"}],"wp:attachment":[{"href":"https:\/\/yingmeipack.com\/fr\/wp-json\/wp\/v2\/media?parent=259"}],"wp:term":[{"taxonomy":"product_brand","embeddable":true,"href":"https:\/\/yingmeipack.com\/fr\/wp-json\/wp\/v2\/product_brand?post=259"},{"taxonomy":"product_cat","embeddable":true,"href":"https:\/\/yingmeipack.com\/fr\/wp-json\/wp\/v2\/product_cat?post=259"},{"taxonomy":"product_tag","embeddable":true,"href":"https:\/\/yingmeipack.com\/fr\/wp-json\/wp\/v2\/product_tag?post=259"}],"curies":[{"name":"wp","href":"https:\/\/api.w.org\/{rel}","templated":true}]}}