{"id":2537,"date":"2025-06-25T03:35:41","date_gmt":"2025-06-25T03:35:41","guid":{"rendered":"https:\/\/yingmeipack.com\/?post_type=product&#038;p=2537"},"modified":"2025-06-25T03:46:40","modified_gmt":"2025-06-25T03:46:40","slug":"70ml-glossy-black-embossed-logo-aluminium-jar-with-screw-cap","status":"publish","type":"product","link":"https:\/\/yingmeipack.com\/fr\/product\/70ml-glossy-black-embossed-logo-aluminium-jar-with-screw-cap\/","title":{"rendered":"70ml glossy black embossed logo aluminium jar with screw cap"},"content":{"rendered":"","protected":false},"excerpt":{"rendered":"<p>1.\u2714QUALITY DESIGN: Made of Durable Aluminum, 3oz Screw Top Round Steel Tin Cans,Comes with Screw Top Covers.Each container has a round lid and inner liners to create a tight seal that will not leak. Dimensions: 70mm diameter &amp; 28mm depth &amp; 0.3MM thickness<br \/>\n2.\u2714ELIMITE LE RISQUE DE FUITE OU DE FUSION : R\u00e9cipients peu profonds avec couvercle \u00e0 pression en acier \u00e9tam\u00e9 avec couvercles filet\u00e9s. Une fois appliqu\u00e9 \u00e0 la base de l'\u00e9tain, le plomb garde une prise s\u00fbre, \u00e9liminant le risque de toute fuite d\u00e9sordonn\u00e9e au cours de vos nombreux voyages. Cet article est id\u00e9al pour les bagages \u00e0 main.<br \/>\n3.\u2714COMPACT SIZE ALLOWS THEM TO ANWHERE:Ces pots s'adaptent parfaitement \u00e0 votre poche, votre sac \u00e0 main, votre sac \u00e0 dos ou vos bagages. Ils sont particuli\u00e8rement utiles en avion, car la taille des flacons de cr\u00e8mes et de lotions \u00e0 emporter est tr\u00e8s limit\u00e9e.<br \/>\n4.\u2714COSMETICS,COOKING AND MUCH MORE:Ces pots sont parfaits pour conserver le maquillage min\u00e9ralis\u00e9, les ombres \u00e0 paupi\u00e8res, les lotions, les baumes \u00e0 l\u00e8vres, les toniques, les cr\u00e8mes, les onguents, la poudre acrylique et d'autres produits de beaut\u00e9. Ils conviennent \u00e9galement \u00e0 la conservation d'\u00e9chantillons de th\u00e9s en feuilles, d'\u00e9pices, d'huiles de cuisson, d'herbes, de m\u00e9dicaments, de peintures, de petits bijoux, et bien d'autres choses encore.<br \/>\n5.\u2714\u2606Great to decorate and use as party favors, gift giving, store spices, candies inside<\/p>\n<p>&nbsp;<\/p>","protected":false},"featured_media":2543,"template":"","meta":{"_kad_post_transparent":"default","_kad_post_title":"","_kad_post_layout":"default","_kad_post_sidebar_id":"","_kad_post_content_style":"default","_kad_post_vertical_padding":"default","_kad_post_feature":"","_kad_post_feature_position":"","_kad_post_header":false,"_kad_post_footer":false,"jetpack_publicize_message":"","jetpack_publicize_feature_enabled":true,"jetpack_social_post_already_shared":false,"jetpack_social_options":{"image_generator_settings":{"template":"highway","default_image_id":0,"enabled":false},"version":2}},"product_brand":[],"product_cat":[28,24,27],"product_tag":[101,107,362,338],"class_list":{"0":"post-2537","1":"product","2":"type-product","3":"status-publish","4":"has-post-thumbnail","6":"product_cat-aluminum-jars","7":"product_cat-jars","8":"product_cat-metal-jars","9":"product_tag-aluminum-jar-with-screw-lid","10":"product_tag-aluminum-tin-with-screw-lid","11":"product_tag-black-aluminum-box","12":"product_tag-premium-packaging","14":"first","15":"instock","16":"shipping-taxable","17":"purchasable","18":"product-type-simple","19":"entry","20":"content-bg","21":"loop-entry"},"aioseo_notices":[],"jetpack_publicize_connections":[],"jetpack_sharing_enabled":true,"_links":{"self":[{"href":"https:\/\/yingmeipack.com\/fr\/wp-json\/wp\/v2\/product\/2537","targetHints":{"allow":["GET"]}}],"collection":[{"href":"https:\/\/yingmeipack.com\/fr\/wp-json\/wp\/v2\/product"}],"about":[{"href":"https:\/\/yingmeipack.com\/fr\/wp-json\/wp\/v2\/types\/product"}],"version-history":[{"count":1,"href":"https:\/\/yingmeipack.com\/fr\/wp-json\/wp\/v2\/product\/2537\/revisions"}],"predecessor-version":[{"id":2544,"href":"https:\/\/yingmeipack.com\/fr\/wp-json\/wp\/v2\/product\/2537\/revisions\/2544"}],"wp:featuredmedia":[{"embeddable":true,"href":"https:\/\/yingmeipack.com\/fr\/wp-json\/wp\/v2\/media\/2543"}],"wp:attachment":[{"href":"https:\/\/yingmeipack.com\/fr\/wp-json\/wp\/v2\/media?parent=2537"}],"wp:term":[{"taxonomy":"product_brand","embeddable":true,"href":"https:\/\/yingmeipack.com\/fr\/wp-json\/wp\/v2\/product_brand?post=2537"},{"taxonomy":"product_cat","embeddable":true,"href":"https:\/\/yingmeipack.com\/fr\/wp-json\/wp\/v2\/product_cat?post=2537"},{"taxonomy":"product_tag","embeddable":true,"href":"https:\/\/yingmeipack.com\/fr\/wp-json\/wp\/v2\/product_tag?post=2537"}],"curies":[{"name":"wp","href":"https:\/\/api.w.org\/{rel}","templated":true}]}}