{"id":2505,"date":"2025-06-24T00:53:20","date_gmt":"2025-06-24T00:53:20","guid":{"rendered":"https:\/\/yingmeipack.com\/?post_type=product&#038;p=2505"},"modified":"2025-06-24T01:54:53","modified_gmt":"2025-06-24T01:54:53","slug":"100ml-black-half-hollow-lid-air-freshener-aluminum-box","status":"publish","type":"product","link":"https:\/\/yingmeipack.com\/fr\/product\/100ml-black-half-hollow-lid-air-freshener-aluminum-box\/","title":{"rendered":"100ml black half-hollow lid air freshener aluminum box"},"content":{"rendered":"","protected":false},"excerpt":{"rendered":"<p>Facilit\u00e9 d'utilisation : ils fonctionnent bien et s'adaptent aux joints plats du couvercle et les maintiennent en place. Couvercle d\u00e9coratif \u00e0 trou ouvert qui laisse le parfum s'\u00e9chapper du pot. Parfait pour faire des pots parfum\u00e9s pour les cadeaux de No\u00ebl. Vous pouvez \u00e9galement les utiliser pour d\u00e9corer une table avec des fleurs.<br \/>\nLarge utilisation : Ces couvercles polyvalents sont parfaits pour les bougies, les pots-pourris parfum\u00e9s, l'artisanat, la d\u00e9coration int\u00e9rieure, les diffuseurs d'huile faits maison, les sels de bain, les d\u00e9sodorisants. Vous souhaitez ajouter un peu de piquant \u00e0 votre d\u00e9coration int\u00e9rieure ?<\/p>","protected":false},"featured_media":2514,"template":"","meta":{"_kad_post_transparent":"default","_kad_post_title":"","_kad_post_layout":"default","_kad_post_sidebar_id":"","_kad_post_content_style":"default","_kad_post_vertical_padding":"default","_kad_post_feature":"","_kad_post_feature_position":"","_kad_post_header":false,"_kad_post_footer":false,"jetpack_publicize_message":"","jetpack_publicize_feature_enabled":true,"jetpack_social_post_already_shared":false,"jetpack_social_options":{"image_generator_settings":{"template":"highway","default_image_id":0,"enabled":false},"version":2}},"product_brand":[],"product_cat":[28,24,27],"product_tag":[320,101,362,321],"class_list":{"0":"post-2505","1":"product","2":"type-product","3":"status-publish","4":"has-post-thumbnail","6":"product_cat-aluminum-jars","7":"product_cat-jars","8":"product_cat-metal-jars","9":"product_tag-aluminum-jar-for-air-freshener","10":"product_tag-aluminum-jar-with-screw-lid","11":"product_tag-black-aluminum-box","12":"product_tag-hollow-aluminum-jar","14":"first","15":"instock","16":"shipping-taxable","17":"purchasable","18":"product-type-simple","19":"entry","20":"content-bg","21":"loop-entry"},"aioseo_notices":[],"jetpack_publicize_connections":[],"jetpack_sharing_enabled":true,"_links":{"self":[{"href":"https:\/\/yingmeipack.com\/fr\/wp-json\/wp\/v2\/product\/2505","targetHints":{"allow":["GET"]}}],"collection":[{"href":"https:\/\/yingmeipack.com\/fr\/wp-json\/wp\/v2\/product"}],"about":[{"href":"https:\/\/yingmeipack.com\/fr\/wp-json\/wp\/v2\/types\/product"}],"version-history":[{"count":2,"href":"https:\/\/yingmeipack.com\/fr\/wp-json\/wp\/v2\/product\/2505\/revisions"}],"predecessor-version":[{"id":2516,"href":"https:\/\/yingmeipack.com\/fr\/wp-json\/wp\/v2\/product\/2505\/revisions\/2516"}],"wp:featuredmedia":[{"embeddable":true,"href":"https:\/\/yingmeipack.com\/fr\/wp-json\/wp\/v2\/media\/2514"}],"wp:attachment":[{"href":"https:\/\/yingmeipack.com\/fr\/wp-json\/wp\/v2\/media?parent=2505"}],"wp:term":[{"taxonomy":"product_brand","embeddable":true,"href":"https:\/\/yingmeipack.com\/fr\/wp-json\/wp\/v2\/product_brand?post=2505"},{"taxonomy":"product_cat","embeddable":true,"href":"https:\/\/yingmeipack.com\/fr\/wp-json\/wp\/v2\/product_cat?post=2505"},{"taxonomy":"product_tag","embeddable":true,"href":"https:\/\/yingmeipack.com\/fr\/wp-json\/wp\/v2\/product_tag?post=2505"}],"curies":[{"name":"wp","href":"https:\/\/api.w.org\/{rel}","templated":true}]}}