{"id":2422,"date":"2025-06-19T07:37:27","date_gmt":"2025-06-19T07:37:27","guid":{"rendered":"https:\/\/yingmeipack.com\/?post_type=product&#038;p=2422"},"modified":"2025-06-19T07:46:50","modified_gmt":"2025-06-19T07:46:50","slug":"50g-customizable-red-square-metal-aluminum-box-gift-box","status":"publish","type":"product","link":"https:\/\/yingmeipack.com\/fr\/product\/50g-customizable-red-square-metal-aluminum-box-gift-box\/","title":{"rendered":"50g customizable red square metal aluminum box gift box"},"content":{"rendered":"","protected":false},"excerpt":{"rendered":"<p>La taille de la bo\u00eete \u00e0 pots carr\u00e9e en aluminium est de 45*60*20 mm. Elle est tr\u00e8s pratique \u00e0 transporter et constitue le meilleur choix pour les voyages. Elle est fabriqu\u00e9e en aluminium, qui est plus durable que le plastique et ne rouille pas facilement ! Nos petites bo\u00eetes de conserve sont con\u00e7ues avec un couvercle, qui peut \u00eatre bien scell\u00e9 et ne fuit pas, imperm\u00e9able \u00e0 l'eau, appropri\u00e9 pour les sorties ! Le r\u00e9cipient en m\u00e9tal avec couvercle est con\u00e7u de mani\u00e8re simple, adapt\u00e9 \u00e0 tout style de d\u00e9coration int\u00e9rieure, pour vous fournir un service \u00e0 long terme ! Ce r\u00e9cipient ne convient pas au savon, mais \u00e9galement \u00e0 la conservation de divers petits objets, tels que le baume \u00e0 l\u00e8vres, les mini-bougies, les bonbons, les cosm\u00e9tiques, les bijoux, etc.<\/p>","protected":false},"featured_media":2423,"template":"","meta":{"_kad_post_transparent":"default","_kad_post_title":"","_kad_post_layout":"default","_kad_post_sidebar_id":"","_kad_post_content_style":"default","_kad_post_vertical_padding":"default","_kad_post_feature":"","_kad_post_feature_position":"","_kad_post_header":false,"_kad_post_footer":false,"jetpack_publicize_message":"","jetpack_publicize_feature_enabled":true,"jetpack_social_post_already_shared":false,"jetpack_social_options":{"image_generator_settings":{"template":"highway","default_image_id":0,"enabled":false},"version":2}},"product_brand":[],"product_cat":[28,24,27],"product_tag":[96,335,356,95],"class_list":{"0":"post-2422","1":"product","2":"type-product","3":"status-publish","4":"has-post-thumbnail","6":"product_cat-aluminum-jars","7":"product_cat-jars","8":"product_cat-metal-jars","9":"product_tag-custom-square-aluminium-jars","10":"product_tag-customized-packaging","11":"product_tag-gift-box","12":"product_tag-square-aluminium-jars","14":"first","15":"instock","16":"shipping-taxable","17":"purchasable","18":"product-type-simple","19":"entry","20":"content-bg","21":"loop-entry"},"aioseo_notices":[],"jetpack_publicize_connections":[],"jetpack_sharing_enabled":true,"_links":{"self":[{"href":"https:\/\/yingmeipack.com\/fr\/wp-json\/wp\/v2\/product\/2422","targetHints":{"allow":["GET"]}}],"collection":[{"href":"https:\/\/yingmeipack.com\/fr\/wp-json\/wp\/v2\/product"}],"about":[{"href":"https:\/\/yingmeipack.com\/fr\/wp-json\/wp\/v2\/types\/product"}],"version-history":[{"count":1,"href":"https:\/\/yingmeipack.com\/fr\/wp-json\/wp\/v2\/product\/2422\/revisions"}],"predecessor-version":[{"id":2429,"href":"https:\/\/yingmeipack.com\/fr\/wp-json\/wp\/v2\/product\/2422\/revisions\/2429"}],"wp:featuredmedia":[{"embeddable":true,"href":"https:\/\/yingmeipack.com\/fr\/wp-json\/wp\/v2\/media\/2423"}],"wp:attachment":[{"href":"https:\/\/yingmeipack.com\/fr\/wp-json\/wp\/v2\/media?parent=2422"}],"wp:term":[{"taxonomy":"product_brand","embeddable":true,"href":"https:\/\/yingmeipack.com\/fr\/wp-json\/wp\/v2\/product_brand?post=2422"},{"taxonomy":"product_cat","embeddable":true,"href":"https:\/\/yingmeipack.com\/fr\/wp-json\/wp\/v2\/product_cat?post=2422"},{"taxonomy":"product_tag","embeddable":true,"href":"https:\/\/yingmeipack.com\/fr\/wp-json\/wp\/v2\/product_tag?post=2422"}],"curies":[{"name":"wp","href":"https:\/\/api.w.org\/{rel}","templated":true}]}}