{"id":234,"date":"2022-11-16T12:56:02","date_gmt":"2022-11-16T12:56:02","guid":{"rendered":"https:\/\/yingmeipack.com\/?post_type=product&#038;p=234"},"modified":"2022-11-16T13:23:15","modified_gmt":"2022-11-16T13:23:15","slug":"3816-silver-brushed-aluminum-screw-top-caps-with-foam-liner","status":"publish","type":"product","link":"https:\/\/yingmeipack.com\/fr\/product\/3816-silver-brushed-aluminum-screw-top-caps-with-foam-liner\/","title":{"rendered":"38\u00d716 bouchons \u00e0 vis en aluminium bross\u00e9 argent\u00e9 avec doublure en mousse"},"content":{"rendered":"","protected":false},"excerpt":{"rendered":"<p>Nos bouchons en aluminium argent\u00e9 \u00e0 col nervur\u00e9 donneront \u00e0 votre contenant un aspect unique qui distinguera votre marque sur les \u00e9tag\u00e8res des d\u00e9taillants. Chaque bouchon en aluminium est livr\u00e9 avec une doublure en mousse PE. La dimension du bouchon en aluminium argent\u00e9 est de 38*16 cm. Il est fabriqu\u00e9 \u00e0 partir d'aluminium argent\u00e9 de qualit\u00e9 alimentaire. Ils sont couramment utilis\u00e9s sur les bouteilles ou bocaux en verre et les carafes. Ils peuvent \u00e9galement \u00eatre utilis\u00e9s pour les lotions, les savons, les cr\u00e8mes et les articles de soins personnels. Les bouchons \u00e0 filetage continu sont populaires dans un large \u00e9ventail d'industries de gros, de l'alimentation, des soins personnels, des soins pour animaux, des produits m\u00e9nagers, des produits industriels, de la sant\u00e9 et de la beaut\u00e9, de l'art, de l'artisanat, des loisirs et dans presque tous les autres segments de march\u00e9. Les clients peuvent personnaliser tous les d\u00e9tails en fonction de leurs propres demandes.<\/p>\n<div style=\"width: 1290px;\" class=\"wp-video\"><!--[if lt IE 9]><script>document.createElement('video');<\/script><![endif]--><br \/>\n<video class=\"wp-video-shortcode\" id=\"video-234-1\" width=\"1290\" height=\"726\" loop autoplay preload=\"auto\" controls=\"controls\"><source type=\"video\/mp4\" src=\"http:\/\/yingmeipack.com\/wp-content\/uploads\/2022\/11\/Aluminum-Caps.mp4?_=1\" \/><a href=\"http:\/\/yingmeipack.com\/wp-content\/uploads\/2022\/11\/Aluminum-Caps.mp4\">http:\/\/yingmeipack.com\/wp-content\/uploads\/2022\/11\/Aluminum-Caps.mp4<\/a><\/video><\/div>","protected":false},"featured_media":235,"template":"","meta":{"_kad_post_transparent":"default","_kad_post_title":"","_kad_post_layout":"default","_kad_post_sidebar_id":"","_kad_post_content_style":"default","_kad_post_vertical_padding":"default","_kad_post_feature":"","_kad_post_feature_position":"","_kad_post_header":false,"_kad_post_footer":false,"jetpack_publicize_message":"","jetpack_publicize_feature_enabled":true,"jetpack_social_post_already_shared":false,"jetpack_social_options":{"image_generator_settings":{"template":"highway","default_image_id":0,"enabled":false},"version":2}},"product_brand":[],"product_cat":[34],"product_tag":[80,79,78,81],"class_list":{"0":"post-234","1":"product","2":"type-product","3":"status-publish","4":"has-post-thumbnail","6":"product_cat-caps","7":"product_tag-aluminum-caps","8":"product_tag-aluminum-screw-caps","9":"product_tag-silver-aluminum-caps","10":"product_tag-silver-brushed-aluminum-caps","12":"first","13":"instock","14":"shipping-taxable","15":"product-type-simple","16":"entry","17":"content-bg","18":"loop-entry"},"aioseo_notices":[],"jetpack_publicize_connections":[],"jetpack_sharing_enabled":true,"_links":{"self":[{"href":"https:\/\/yingmeipack.com\/fr\/wp-json\/wp\/v2\/product\/234","targetHints":{"allow":["GET"]}}],"collection":[{"href":"https:\/\/yingmeipack.com\/fr\/wp-json\/wp\/v2\/product"}],"about":[{"href":"https:\/\/yingmeipack.com\/fr\/wp-json\/wp\/v2\/types\/product"}],"version-history":[{"count":3,"href":"https:\/\/yingmeipack.com\/fr\/wp-json\/wp\/v2\/product\/234\/revisions"}],"predecessor-version":[{"id":246,"href":"https:\/\/yingmeipack.com\/fr\/wp-json\/wp\/v2\/product\/234\/revisions\/246"}],"wp:featuredmedia":[{"embeddable":true,"href":"https:\/\/yingmeipack.com\/fr\/wp-json\/wp\/v2\/media\/235"}],"wp:attachment":[{"href":"https:\/\/yingmeipack.com\/fr\/wp-json\/wp\/v2\/media?parent=234"}],"wp:term":[{"taxonomy":"product_brand","embeddable":true,"href":"https:\/\/yingmeipack.com\/fr\/wp-json\/wp\/v2\/product_brand?post=234"},{"taxonomy":"product_cat","embeddable":true,"href":"https:\/\/yingmeipack.com\/fr\/wp-json\/wp\/v2\/product_cat?post=234"},{"taxonomy":"product_tag","embeddable":true,"href":"https:\/\/yingmeipack.com\/fr\/wp-json\/wp\/v2\/product_tag?post=234"}],"curies":[{"name":"wp","href":"https:\/\/api.w.org\/{rel}","templated":true}]}}