{"id":2327,"date":"2025-06-16T03:10:31","date_gmt":"2025-06-16T03:10:31","guid":{"rendered":"https:\/\/yingmeipack.com\/?post_type=product&#038;p=2327"},"modified":"2025-07-19T02:36:51","modified_gmt":"2025-07-19T02:36:51","slug":"100ml-gold-tea-print-round-metal-container-aluminum-can","status":"publish","type":"product","link":"https:\/\/yingmeipack.com\/fr\/product\/100ml-gold-tea-print-round-metal-container-aluminum-can\/","title":{"rendered":"100ml gold embossed metal container aluminum can tea jar"},"content":{"rendered":"","protected":false},"excerpt":{"rendered":"<p>Capacity of each: 100ml. Each tins measures 80mm dia. x 26mm height;<\/p>\n<p>Mat\u00e9riau alimentaire - Ces bo\u00eetes en fer blanc avec couvercles sont fabriqu\u00e9es en fer blanc sans BPA avec une belle surface bross\u00e9e, l\u00e9g\u00e8re mais durable, pouvant entrer en contact direct avec le th\u00e9 ou les aliments. Ne pas utiliser au four.<br \/>\nRemplissage et acc\u00e8s faciles - La grande ouverture facilite le remplissage et le pr\u00e9l\u00e8vement dans ces bo\u00eetes de conserve. Les couvercles ne se vissent pas et s'ouvrent facilement d'une seule main.<br \/>\nR\u00e9cipients de conservation polyvalents - Les r\u00e9cipients de conservation en fer blanc Tosnail sont parfaits pour conserver le th\u00e9, les \u00e9pices, les biscuits, le caf\u00e9, les bonbons, les bougies, les perles, les boutons et tout autre aliment ou objet d'artisanat. Ils peuvent \u00e9galement \u00eatre utilis\u00e9s comme bo\u00eetes-cadeaux pour les f\u00eates, les mariages, les f\u00eates de mariage, les entreprises, No\u00ebl ou d'autres festivals.<\/p>","protected":false},"featured_media":2321,"template":"","meta":{"_kad_post_transparent":"default","_kad_post_title":"","_kad_post_layout":"default","_kad_post_sidebar_id":"","_kad_post_content_style":"default","_kad_post_vertical_padding":"default","_kad_post_feature":"","_kad_post_feature_position":"","_kad_post_header":false,"_kad_post_footer":false,"jetpack_publicize_message":"","jetpack_publicize_feature_enabled":true,"jetpack_social_post_already_shared":false,"jetpack_social_options":{"image_generator_settings":{"template":"highway","default_image_id":0,"enabled":false},"version":2}},"product_brand":[],"product_cat":[28,24,27],"product_tag":[282,252,281,64],"class_list":{"0":"post-2327","1":"product","2":"type-product","3":"status-publish","4":"has-post-thumbnail","6":"product_cat-aluminum-jars","7":"product_cat-jars","8":"product_cat-metal-jars","9":"product_tag-aluminum-jar","10":"product_tag-aluminum-round-tin","11":"product_tag-empty-metal-cans","12":"product_tag-gold-aluminum-jar","14":"first","15":"instock","16":"shipping-taxable","17":"purchasable","18":"product-type-simple","19":"entry","20":"content-bg","21":"loop-entry"},"aioseo_notices":[],"jetpack_publicize_connections":[],"jetpack_sharing_enabled":true,"_links":{"self":[{"href":"https:\/\/yingmeipack.com\/fr\/wp-json\/wp\/v2\/product\/2327","targetHints":{"allow":["GET"]}}],"collection":[{"href":"https:\/\/yingmeipack.com\/fr\/wp-json\/wp\/v2\/product"}],"about":[{"href":"https:\/\/yingmeipack.com\/fr\/wp-json\/wp\/v2\/types\/product"}],"version-history":[{"count":2,"href":"https:\/\/yingmeipack.com\/fr\/wp-json\/wp\/v2\/product\/2327\/revisions"}],"predecessor-version":[{"id":3018,"href":"https:\/\/yingmeipack.com\/fr\/wp-json\/wp\/v2\/product\/2327\/revisions\/3018"}],"wp:featuredmedia":[{"embeddable":true,"href":"https:\/\/yingmeipack.com\/fr\/wp-json\/wp\/v2\/media\/2321"}],"wp:attachment":[{"href":"https:\/\/yingmeipack.com\/fr\/wp-json\/wp\/v2\/media?parent=2327"}],"wp:term":[{"taxonomy":"product_brand","embeddable":true,"href":"https:\/\/yingmeipack.com\/fr\/wp-json\/wp\/v2\/product_brand?post=2327"},{"taxonomy":"product_cat","embeddable":true,"href":"https:\/\/yingmeipack.com\/fr\/wp-json\/wp\/v2\/product_cat?post=2327"},{"taxonomy":"product_tag","embeddable":true,"href":"https:\/\/yingmeipack.com\/fr\/wp-json\/wp\/v2\/product_tag?post=2327"}],"curies":[{"name":"wp","href":"https:\/\/api.w.org\/{rel}","templated":true}]}}