{"id":226,"date":"2022-11-15T02:39:08","date_gmt":"2022-11-15T02:39:08","guid":{"rendered":"https:\/\/yingmeipack.com\/?post_type=product&#038;p=226"},"modified":"2022-11-16T13:21:41","modified_gmt":"2022-11-16T13:21:41","slug":"luxury-sterile-airless-frosted-bottle-with-matt-silver-pump","status":"publish","type":"product","link":"https:\/\/yingmeipack.com\/fr\/product\/luxury-sterile-airless-frosted-bottle-with-matt-silver-pump\/","title":{"rendered":"Bouteille de luxe st\u00e9rile Airless givr\u00e9e avec pompe en argent mat"},"content":{"rendered":"","protected":false},"excerpt":{"rendered":"<p>Ce flacon st\u00e9rile sans air est fabriqu\u00e9 en verre d\u00e9poli, en alliage d'aluminium et en plastique, qui r\u00e9pondent \u00e0 des normes de qualit\u00e9 \u00e9lev\u00e9es pour l'emballage des produits de soins de la peau, sans odeur et sans BPA. Il est s\u00fbr et sain, beau et d\u00e9licat, et convient \u00e0 diverses occasions. Le corps du flacon airless est translucide. La t\u00eate de pompe est fabriqu\u00e9e en alliage d'aluminium et en plastique, ce qui la diff\u00e9rencie des autres flacons de lotion ordinaires et lui conf\u00e8re un aspect unique et magnifique. Ce flacon airless convient au stockage de lotions, fonds de teint, s\u00e9rums, cr\u00e8mes, cr\u00e8mes hydratantes, shampoings, gels douche, lotions pour le corps, apr\u00e8s-shampoings ou produits cosm\u00e9tiques de bricolage et autres articles de toilette. Les clients peuvent personnaliser tous les d\u00e9tails comme ils le souhaitent.<\/p>\n<div style=\"width: 1290px;\" class=\"wp-video\"><!--[if lt IE 9]><script>document.createElement('video');<\/script><![endif]--><br \/>\n<video class=\"wp-video-shortcode\" id=\"video-226-1\" width=\"1290\" height=\"726\" loop autoplay preload=\"auto\" controls=\"controls\"><source type=\"video\/mp4\" src=\"http:\/\/yingmeipack.com\/wp-content\/uploads\/2022\/11\/Airless-Bottles.mp4?_=1\" \/><a href=\"http:\/\/yingmeipack.com\/wp-content\/uploads\/2022\/11\/Airless-Bottles.mp4\">http:\/\/yingmeipack.com\/wp-content\/uploads\/2022\/11\/Airless-Bottles.mp4<\/a><\/video><\/div>","protected":false},"featured_media":227,"template":"","meta":{"_kad_post_transparent":"default","_kad_post_title":"","_kad_post_layout":"default","_kad_post_sidebar_id":"","_kad_post_content_style":"default","_kad_post_vertical_padding":"default","_kad_post_feature":"","_kad_post_feature_position":"","_kad_post_header":false,"_kad_post_footer":false,"jetpack_publicize_message":"","jetpack_publicize_feature_enabled":true,"jetpack_social_post_already_shared":false,"jetpack_social_options":{"image_generator_settings":{"template":"highway","default_image_id":0,"enabled":false},"version":2}},"product_brand":[],"product_cat":[36],"product_tag":[75,74,77,76],"class_list":{"0":"post-226","1":"product","2":"type-product","3":"status-publish","4":"has-post-thumbnail","6":"product_cat-airless-bottles","7":"product_tag-airless-bottle","8":"product_tag-airless-frosted-bottle","9":"product_tag-luxury-airless-bottle","10":"product_tag-sterile-airless-bottle","12":"first","13":"instock","14":"shipping-taxable","15":"product-type-simple","16":"entry","17":"content-bg","18":"loop-entry"},"aioseo_notices":[],"jetpack_publicize_connections":[],"jetpack_sharing_enabled":true,"_links":{"self":[{"href":"https:\/\/yingmeipack.com\/fr\/wp-json\/wp\/v2\/product\/226","targetHints":{"allow":["GET"]}}],"collection":[{"href":"https:\/\/yingmeipack.com\/fr\/wp-json\/wp\/v2\/product"}],"about":[{"href":"https:\/\/yingmeipack.com\/fr\/wp-json\/wp\/v2\/types\/product"}],"version-history":[{"count":1,"href":"https:\/\/yingmeipack.com\/fr\/wp-json\/wp\/v2\/product\/226\/revisions"}],"predecessor-version":[{"id":233,"href":"https:\/\/yingmeipack.com\/fr\/wp-json\/wp\/v2\/product\/226\/revisions\/233"}],"wp:featuredmedia":[{"embeddable":true,"href":"https:\/\/yingmeipack.com\/fr\/wp-json\/wp\/v2\/media\/227"}],"wp:attachment":[{"href":"https:\/\/yingmeipack.com\/fr\/wp-json\/wp\/v2\/media?parent=226"}],"wp:term":[{"taxonomy":"product_brand","embeddable":true,"href":"https:\/\/yingmeipack.com\/fr\/wp-json\/wp\/v2\/product_brand?post=226"},{"taxonomy":"product_cat","embeddable":true,"href":"https:\/\/yingmeipack.com\/fr\/wp-json\/wp\/v2\/product_cat?post=226"},{"taxonomy":"product_tag","embeddable":true,"href":"https:\/\/yingmeipack.com\/fr\/wp-json\/wp\/v2\/product_tag?post=226"}],"curies":[{"name":"wp","href":"https:\/\/api.w.org\/{rel}","templated":true}]}}