{"id":2093,"date":"2025-06-07T07:39:15","date_gmt":"2025-06-07T07:39:15","guid":{"rendered":"https:\/\/yingmeipack.com\/?post_type=product&#038;p=2093"},"modified":"2025-06-13T00:54:26","modified_gmt":"2025-06-13T00:54:26","slug":"20g-colorful-heart-shaped-aluminum-jar-for-gift-giving","status":"publish","type":"product","link":"https:\/\/yingmeipack.com\/fr\/product\/20g-colorful-heart-shaped-aluminum-jar-for-gift-giving\/","title":{"rendered":"Bocal en aluminium de 20g en forme de c\u0153ur color\u00e9 pour offrir en cadeau"},"content":{"rendered":"","protected":false},"excerpt":{"rendered":"<p>La taille de ce pot en aluminium est de 52*45*20 mm ; Capacit\u00e9 : 20ml ;<\/p>\n<p>Les bo\u00eetes en aluminium en forme de c\u0153ur sont le moyen id\u00e9al d'ajouter une touche de commodit\u00e9 et de style \u00e0 vos emballages. Ces bo\u00eetes \u00e9l\u00e9gantes sont disponibles dans une vari\u00e9t\u00e9 de tailles, avec des charni\u00e8res pour une ouverture et une fermeture faciles. Elles sont parfaites pour les cadeaux, les bougies, les cosm\u00e9tiques, le th\u00e9, les \u00e9pices, etc. Elles sont totalement personnalisables, ce qui vous permet d'y ajouter vos propres impressions et motifs.<\/p>\n<p>Jarre en aluminium durable - Elle est difficile \u00e0 plier \u00e0 la main et sa surface argent\u00e9e lui conf\u00e8re une allure \u00e9l\u00e9gante.<br \/>\nPas de bords tranchants - Nos pots en m\u00e9tal vides en aluminium sont con\u00e7us avec des bords ronds et lisses, ce qui r\u00e9duit le risque de dommages caus\u00e9s par les bords m\u00e9talliques tranchants et permet une utilisation quotidienne en toute s\u00e9curit\u00e9.<br \/>\nApplications multiples - Nos pots en aluminium argent\u00e9 sont parfaits pour les projets de bricolage, la fabrication de bougies sans fuite, les faveurs de mariage, les bonbons, les bijoux, les bo\u00eetes \u00e0 tr\u00e9sors, les fournitures de bureau ou les cadeaux.<\/p>\n<p>&nbsp;<\/p>","protected":false},"featured_media":2094,"template":"","meta":{"_kad_post_transparent":"default","_kad_post_title":"","_kad_post_layout":"default","_kad_post_sidebar_id":"","_kad_post_content_style":"default","_kad_post_vertical_padding":"default","_kad_post_feature":"","_kad_post_feature_position":"","_kad_post_header":false,"_kad_post_footer":false,"jetpack_publicize_message":"","jetpack_publicize_feature_enabled":true,"jetpack_social_post_already_shared":false,"jetpack_social_options":{"image_generator_settings":{"template":"highway","default_image_id":0,"enabled":false},"version":2}},"product_brand":[],"product_cat":[28,24,27],"product_tag":[282,329,330,331],"class_list":{"0":"post-2093","1":"product","2":"type-product","3":"status-publish","4":"has-post-thumbnail","6":"product_cat-aluminum-jars","7":"product_cat-jars","8":"product_cat-metal-jars","9":"product_tag-aluminum-jar","10":"product_tag-colorful-aluminum-jar","11":"product_tag-different-shape-boxes","12":"product_tag-heart-shaped","14":"first","15":"instock","16":"shipping-taxable","17":"purchasable","18":"product-type-simple","19":"entry","20":"content-bg","21":"loop-entry"},"aioseo_notices":[],"jetpack_publicize_connections":[],"jetpack_sharing_enabled":true,"_links":{"self":[{"href":"https:\/\/yingmeipack.com\/fr\/wp-json\/wp\/v2\/product\/2093","targetHints":{"allow":["GET"]}}],"collection":[{"href":"https:\/\/yingmeipack.com\/fr\/wp-json\/wp\/v2\/product"}],"about":[{"href":"https:\/\/yingmeipack.com\/fr\/wp-json\/wp\/v2\/types\/product"}],"version-history":[{"count":2,"href":"https:\/\/yingmeipack.com\/fr\/wp-json\/wp\/v2\/product\/2093\/revisions"}],"predecessor-version":[{"id":2101,"href":"https:\/\/yingmeipack.com\/fr\/wp-json\/wp\/v2\/product\/2093\/revisions\/2101"}],"wp:featuredmedia":[{"embeddable":true,"href":"https:\/\/yingmeipack.com\/fr\/wp-json\/wp\/v2\/media\/2094"}],"wp:attachment":[{"href":"https:\/\/yingmeipack.com\/fr\/wp-json\/wp\/v2\/media?parent=2093"}],"wp:term":[{"taxonomy":"product_brand","embeddable":true,"href":"https:\/\/yingmeipack.com\/fr\/wp-json\/wp\/v2\/product_brand?post=2093"},{"taxonomy":"product_cat","embeddable":true,"href":"https:\/\/yingmeipack.com\/fr\/wp-json\/wp\/v2\/product_cat?post=2093"},{"taxonomy":"product_tag","embeddable":true,"href":"https:\/\/yingmeipack.com\/fr\/wp-json\/wp\/v2\/product_tag?post=2093"}],"curies":[{"name":"wp","href":"https:\/\/api.w.org\/{rel}","templated":true}]}}