{"id":207,"date":"2022-11-14T01:37:49","date_gmt":"2022-11-14T01:37:49","guid":{"rendered":"https:\/\/yingmeipack.com\/?post_type=product&#038;p=207"},"modified":"2022-11-16T13:20:50","modified_gmt":"2022-11-16T13:20:50","slug":"custom-gold-aluminum-jar-metal-storage-tin-with-screw-lid","status":"publish","type":"product","link":"https:\/\/yingmeipack.com\/fr\/product\/custom-gold-aluminum-jar-metal-storage-tin-with-screw-lid\/","title":{"rendered":"Bo\u00eete de conservation en m\u00e9tal avec couvercle \u00e0 vis en aluminium dor\u00e9 personnalis\u00e9"},"content":{"rendered":"","protected":false},"excerpt":{"rendered":"<p>Nos pots en aluminium de qualit\u00e9 alimentaire sont des r\u00e9cipients de stockage dynamiques, le choix id\u00e9al pour stocker une grande vari\u00e9t\u00e9 d'articles tels que des objets d'artisanat, des baumes \u00e0 l\u00e8vres, des gloss, des mini-bougies, des cosm\u00e9tiques, des pots d'\u00e9chantillons, des herbes, des lotions faites \u00e0 la main, des cr\u00e8mes, des pommades, des baumes et bien d'autres choses encore. Prot\u00e8ge vos produits de la surexposition \u00e0 la lumi\u00e8re, des temp\u00e9ratures \u00e9lev\u00e9es et de la chaleur corporelle lorsqu'ils sont rang\u00e9s dans la poche de votre pantalon lors de vos d\u00e9placements. Les couvercles \u00e0 vis permettent de serrer facilement le couvercle et d'\u00e9viter les fuites de contenu. 1,57\"\/ 4 cm de diam\u00e8tre ext\u00e9rieur et 0,67\"\/ 1,7 cm de profondeur ext\u00e9rieure ; Capacit\u00e9 : 0,5 once \/ 15ml. Les clients peuvent personnaliser les d\u00e9tails en fonction de leurs propres demandes.<\/p>\n<div style=\"width: 720px;\" class=\"wp-video\"><!--[if lt IE 9]><script>document.createElement('video');<\/script><![endif]--><br \/>\n<video class=\"wp-video-shortcode\" id=\"video-207-1\" width=\"720\" height=\"720\" loop autoplay preload=\"metadata\" controls=\"controls\"><source type=\"video\/mp4\" src=\"http:\/\/yingmeipack.com\/wp-content\/uploads\/2022\/11\/Gold-Aluminum-Jar.mp4?_=1\" \/><a href=\"http:\/\/yingmeipack.com\/wp-content\/uploads\/2022\/11\/Gold-Aluminum-Jar.mp4\">http:\/\/yingmeipack.com\/wp-content\/uploads\/2022\/11\/Gold-Aluminum-Jar.mp4<\/a><\/video><\/div>","protected":false},"featured_media":208,"template":"","meta":{"_kad_post_transparent":"default","_kad_post_title":"","_kad_post_layout":"default","_kad_post_sidebar_id":"","_kad_post_content_style":"default","_kad_post_vertical_padding":"default","_kad_post_feature":"","_kad_post_feature_position":"","_kad_post_header":false,"_kad_post_footer":false,"jetpack_publicize_message":"","jetpack_publicize_feature_enabled":true,"jetpack_social_post_already_shared":false,"jetpack_social_options":{"image_generator_settings":{"template":"highway","default_image_id":0,"enabled":false},"version":2}},"product_brand":[],"product_cat":[28,24,27],"product_tag":[65,66,64,67],"class_list":{"0":"post-207","1":"product","2":"type-product","3":"status-publish","4":"has-post-thumbnail","6":"product_cat-aluminum-jars","7":"product_cat-jars","8":"product_cat-metal-jars","9":"product_tag-custom-aluminum-jar","10":"product_tag-custom-metal-storage-tin","11":"product_tag-gold-aluminum-jar","12":"product_tag-gold-aluminum-tin","14":"first","15":"instock","16":"shipping-taxable","17":"product-type-simple","18":"entry","19":"content-bg","20":"loop-entry"},"aioseo_notices":[],"jetpack_publicize_connections":[],"jetpack_sharing_enabled":true,"_links":{"self":[{"href":"https:\/\/yingmeipack.com\/fr\/wp-json\/wp\/v2\/product\/207","targetHints":{"allow":["GET"]}}],"collection":[{"href":"https:\/\/yingmeipack.com\/fr\/wp-json\/wp\/v2\/product"}],"about":[{"href":"https:\/\/yingmeipack.com\/fr\/wp-json\/wp\/v2\/types\/product"}],"version-history":[{"count":1,"href":"https:\/\/yingmeipack.com\/fr\/wp-json\/wp\/v2\/product\/207\/revisions"}],"predecessor-version":[{"id":214,"href":"https:\/\/yingmeipack.com\/fr\/wp-json\/wp\/v2\/product\/207\/revisions\/214"}],"wp:featuredmedia":[{"embeddable":true,"href":"https:\/\/yingmeipack.com\/fr\/wp-json\/wp\/v2\/media\/208"}],"wp:attachment":[{"href":"https:\/\/yingmeipack.com\/fr\/wp-json\/wp\/v2\/media?parent=207"}],"wp:term":[{"taxonomy":"product_brand","embeddable":true,"href":"https:\/\/yingmeipack.com\/fr\/wp-json\/wp\/v2\/product_brand?post=207"},{"taxonomy":"product_cat","embeddable":true,"href":"https:\/\/yingmeipack.com\/fr\/wp-json\/wp\/v2\/product_cat?post=207"},{"taxonomy":"product_tag","embeddable":true,"href":"https:\/\/yingmeipack.com\/fr\/wp-json\/wp\/v2\/product_tag?post=207"}],"curies":[{"name":"wp","href":"https:\/\/api.w.org\/{rel}","templated":true}]}}