{"id":1919,"date":"2023-09-13T03:12:08","date_gmt":"2023-09-13T03:12:08","guid":{"rendered":"https:\/\/yingmeipack.com\/?post_type=product&#038;p=1919"},"modified":"2023-09-13T04:58:40","modified_gmt":"2023-09-13T04:58:40","slug":"custom-empty-transparent-square-lip-gloss-tube-with-lid-plug-brush","status":"publish","type":"product","link":"https:\/\/yingmeipack.com\/fr\/product\/custom-empty-transparent-square-lip-gloss-tube-with-lid-plug-brush\/","title":{"rendered":"Tube de brillant \u00e0 l\u00e8vres carr\u00e9 transparent vide avec couvercle Pinceau \u00e0 bouchon personnalis\u00e9"},"content":{"rendered":"","protected":false},"excerpt":{"rendered":"<p>Nous pouvons fournir une gamme de contenants vides pour gloss \u00e0 l\u00e8vres, de baguettes et de brosses de formes, de couleurs, de mat\u00e9riaux et de profils diff\u00e9rents. Nos contenants vides pour gloss \u00e0 l\u00e8vres sont fabriqu\u00e9s \u00e0 partir de mat\u00e9riaux de haute qualit\u00e9, notamment l'AS, l'ABS, le PETG et le PCTG. Chaque article est con\u00e7u pour \u00eatre utilis\u00e9 avec du maquillage pour l'industrie de la beaut\u00e9 et des cosm\u00e9tiques. Les contenants pour gloss \u00e0 l\u00e8vres que nous fabriquons et fournissons sont garantis d'une excellente qualit\u00e9 de finition et d'un prix comp\u00e9titif. Notre \u00e9quipe s'enorgueillit d'un calendrier de livraison \"\u00e0 temps\" pour respecter les d\u00e9lais de livraison de vos produits. Les clients peuvent en outre personnaliser tous les d\u00e9tails en fonction de leurs propres exigences en mati\u00e8re de cr\u00e9ation de marque.<\/p>","protected":false},"featured_media":1904,"template":"","meta":{"_kad_post_transparent":"default","_kad_post_title":"","_kad_post_layout":"default","_kad_post_sidebar_id":"","_kad_post_content_style":"default","_kad_post_vertical_padding":"default","_kad_post_feature":"","_kad_post_feature_position":"","_kad_post_header":false,"_kad_post_footer":false,"jetpack_publicize_message":"","jetpack_publicize_feature_enabled":true,"jetpack_social_post_already_shared":false,"jetpack_social_options":{"image_generator_settings":{"template":"highway","default_image_id":0,"enabled":false},"version":2}},"product_brand":[],"product_cat":[43,35],"product_tag":[310,311,309,312],"class_list":{"0":"post-1919","1":"product","2":"type-product","3":"status-publish","4":"has-post-thumbnail","6":"product_cat-lip-gloss","7":"product_cat-tubes","8":"product_tag-empty-lip-gloss-bottle","9":"product_tag-empty-lip-gloss-container","10":"product_tag-empty-lip-gloss-tube","11":"product_tag-lip-gloss-tube-with-gloss-wand","13":"first","14":"instock","15":"shipping-taxable","16":"product-type-simple","17":"entry","18":"content-bg","19":"loop-entry"},"aioseo_notices":[],"jetpack_publicize_connections":[],"jetpack_sharing_enabled":true,"_links":{"self":[{"href":"https:\/\/yingmeipack.com\/fr\/wp-json\/wp\/v2\/product\/1919","targetHints":{"allow":["GET"]}}],"collection":[{"href":"https:\/\/yingmeipack.com\/fr\/wp-json\/wp\/v2\/product"}],"about":[{"href":"https:\/\/yingmeipack.com\/fr\/wp-json\/wp\/v2\/types\/product"}],"version-history":[{"count":4,"href":"https:\/\/yingmeipack.com\/fr\/wp-json\/wp\/v2\/product\/1919\/revisions"}],"predecessor-version":[{"id":1923,"href":"https:\/\/yingmeipack.com\/fr\/wp-json\/wp\/v2\/product\/1919\/revisions\/1923"}],"wp:featuredmedia":[{"embeddable":true,"href":"https:\/\/yingmeipack.com\/fr\/wp-json\/wp\/v2\/media\/1904"}],"wp:attachment":[{"href":"https:\/\/yingmeipack.com\/fr\/wp-json\/wp\/v2\/media?parent=1919"}],"wp:term":[{"taxonomy":"product_brand","embeddable":true,"href":"https:\/\/yingmeipack.com\/fr\/wp-json\/wp\/v2\/product_brand?post=1919"},{"taxonomy":"product_cat","embeddable":true,"href":"https:\/\/yingmeipack.com\/fr\/wp-json\/wp\/v2\/product_cat?post=1919"},{"taxonomy":"product_tag","embeddable":true,"href":"https:\/\/yingmeipack.com\/fr\/wp-json\/wp\/v2\/product_tag?post=1919"}],"curies":[{"name":"wp","href":"https:\/\/api.w.org\/{rel}","templated":true}]}}