{"id":1888,"date":"2023-09-04T12:02:18","date_gmt":"2023-09-04T12:02:18","guid":{"rendered":"https:\/\/yingmeipack.com\/?post_type=product&#038;p=1888"},"modified":"2023-09-04T12:02:18","modified_gmt":"2023-09-04T12:02:18","slug":"1-oz-aluminum-high-tin-jar-with-screw-lid-30-ml","status":"publish","type":"product","link":"https:\/\/yingmeipack.com\/fr\/product\/1-oz-aluminum-high-tin-jar-with-screw-lid-30-ml\/","title":{"rendered":"1 oz Aluminium High Tin Jar with Screw Lid 30 ml"},"content":{"rendered":"<p>Fabriqu\u00e9s en aluminium de haute qualit\u00e9, les r\u00e9cipients en fer blanc ont une forme \u00e9l\u00e9gante, sont l\u00e9gers mais durables, non toxiques, sans odeur et sans danger pour les aliments.<\/p>\n<p>Couvercles \u00e0 vis pour une ouverture et une fermeture faciles : les couvercles \u00e0 vis sont faciles \u00e0 ouvrir et \u00e0 fermer, assurez-vous que les couvercles sont bien serr\u00e9s sans que le contenu ne s'\u00e9coule. Les bo\u00eetes en m\u00e9tal ne pr\u00e9sentent pas d'ar\u00eates vives qui pourraient blesser vos doigts.<\/p>\n<p>R\u00e9cipient en m\u00e9tal avec couvercle \u00e0 vis : Chaque bo\u00eete vide est assortie d'un couvercle \u00e0 vis, ce qui permet d'\u00e9viter efficacement les fuites. Fabriqu\u00e9e en aluminium de haute qualit\u00e9, elle est durable et l\u00e9g\u00e8re.<\/p>\n<p>Chaque bo\u00eete de conserve a une taille ext\u00e9rieure de 40 mm*50 mm*0,3 mm, ce qui lui permet d'\u00eatre utilis\u00e9e \u00e0 de multiples fins.<\/p>\n<p>Largement utilis\u00e9 pour les produits faits \u00e0 la main : Peut \u00eatre utilis\u00e9 pour les baumes \u00e0 l\u00e8vres, les gloss, les cr\u00e8mes, les cosm\u00e9tiques, les bougies, les savons, les pommades, les bonbons, les pi\u00e8ces de monnaie, les \u00e9chantillons, les herbes et les \u00e9pices, etc.<\/p>","protected":false},"excerpt":{"rendered":"<ul class=\"a-unordered-list a-vertical a-spacing-mini\">\n<li><span class=\"a-list-item\">Capacit\u00e9 : 30ml, 40mm<\/span><span class=\"a-list-item\">\"de diam\u00e8tre x 50 mm de hauteur.<\/span><\/li>\n<li><span class=\"a-list-item\">Scoop pour produits secs - Les bords lisses ne blessent pas les mains et sont faciles \u00e0 entretenir. Vous pouvez l'utiliser sans crainte.<\/span><\/li>\n<li><span class=\"a-list-item\">Cuill\u00e8re \u00e0 glace en m\u00e9tal - Fabriqu\u00e9e en plastique transparent, elle est durable et s\u00fbre. Partagez-la avec votre famille et vos amis car elle est pratique.<\/span><\/li>\n<li><span class=\"a-list-item\">Scoop \u00e0 bonbons - Les bords lisses ne blessent pas les mains. Id\u00e9al pour les \u00e9v\u00e9nements sp\u00e9ciaux ou pour un usage quotidien.<\/span><\/li>\n<li><span class=\"a-list-item\">Cuill\u00e8res de bain - Tenir la cuill\u00e8re dans votre main vous procurera une exp\u00e9rience confortable. Elle vous apportera \u00e9galement beaucoup de commodit\u00e9.<\/span><span class=\"a-list-item\">100% Garantie de satisfaction : Pour vous assurer une exp\u00e9rience d'achat satisfaisante, n'h\u00e9sitez pas \u00e0 nous contacter si vous avez des questions ou des pr\u00e9occupations.<\/span><\/li>\n<\/ul>","protected":false},"featured_media":1889,"template":"","meta":{"_kad_post_transparent":"default","_kad_post_title":"","_kad_post_layout":"default","_kad_post_sidebar_id":"","_kad_post_content_style":"default","_kad_post_vertical_padding":"default","_kad_post_feature":"","_kad_post_feature_position":"","_kad_post_header":false,"_kad_post_footer":false,"jetpack_publicize_message":"","jetpack_publicize_feature_enabled":true,"jetpack_social_post_already_shared":false,"jetpack_social_options":{"image_generator_settings":{"template":"highway","default_image_id":0,"enabled":false},"version":2}},"product_brand":[],"product_cat":[28],"product_tag":[],"class_list":{"0":"post-1888","1":"product","2":"type-product","3":"status-publish","4":"has-post-thumbnail","6":"product_cat-aluminum-jars","8":"first","9":"instock","10":"shipping-taxable","11":"purchasable","12":"product-type-simple","13":"entry","14":"content-bg","15":"loop-entry"},"aioseo_notices":[],"jetpack_publicize_connections":[],"jetpack_sharing_enabled":true,"_links":{"self":[{"href":"https:\/\/yingmeipack.com\/fr\/wp-json\/wp\/v2\/product\/1888","targetHints":{"allow":["GET"]}}],"collection":[{"href":"https:\/\/yingmeipack.com\/fr\/wp-json\/wp\/v2\/product"}],"about":[{"href":"https:\/\/yingmeipack.com\/fr\/wp-json\/wp\/v2\/types\/product"}],"version-history":[{"count":3,"href":"https:\/\/yingmeipack.com\/fr\/wp-json\/wp\/v2\/product\/1888\/revisions"}],"predecessor-version":[{"id":1898,"href":"https:\/\/yingmeipack.com\/fr\/wp-json\/wp\/v2\/product\/1888\/revisions\/1898"}],"wp:featuredmedia":[{"embeddable":true,"href":"https:\/\/yingmeipack.com\/fr\/wp-json\/wp\/v2\/media\/1889"}],"wp:attachment":[{"href":"https:\/\/yingmeipack.com\/fr\/wp-json\/wp\/v2\/media?parent=1888"}],"wp:term":[{"taxonomy":"product_brand","embeddable":true,"href":"https:\/\/yingmeipack.com\/fr\/wp-json\/wp\/v2\/product_brand?post=1888"},{"taxonomy":"product_cat","embeddable":true,"href":"https:\/\/yingmeipack.com\/fr\/wp-json\/wp\/v2\/product_cat?post=1888"},{"taxonomy":"product_tag","embeddable":true,"href":"https:\/\/yingmeipack.com\/fr\/wp-json\/wp\/v2\/product_tag?post=1888"}],"curies":[{"name":"wp","href":"https:\/\/api.w.org\/{rel}","templated":true}]}}