{"id":1811,"date":"2023-05-09T06:51:00","date_gmt":"2023-05-09T06:51:00","guid":{"rendered":"https:\/\/yingmeipack.com\/?post_type=product&#038;p=1811"},"modified":"2025-06-04T06:22:31","modified_gmt":"2025-06-04T06:22:31","slug":"small-round-box-candle-tin-with-lid-aluminium-container-empty-metal-can","status":"publish","type":"product","link":"https:\/\/yingmeipack.com\/fr\/product\/small-round-box-candle-tin-with-lid-aluminium-container-empty-metal-can\/","title":{"rendered":"Petite Bo\u00eete Ronde Bo\u00eete \u00e0 Bougie Avec Couvercle R\u00e9cipient Aluminium Bo\u00eete M\u00e9tallique Vide"},"content":{"rendered":"","protected":false},"excerpt":{"rendered":"<p>CANDLE MAKING SEALED TINS&#8211; The tin can is an empty container with round edges design, which can reduce the risk of peaked hurting people, easy and safe to open and close.<\/p>\n<p>With the screw- top lid structure, the tin can effectively avoid leakage, and the tin can has no-.<\/p>\n<p>ROUND METAL TINS&#8211; With the screw-top lid structure, the tin can effectively avoid leakage, and the tin can has no -edges.<\/p>\n<p>TEA STORAGE CONTAINERS&#8211; Can be to store a wide variety of items lip balms, cosmetics, sample pots, lip gloss and other art supplies.<br \/>\nA good container for storing craft supplies and small items such as candles, makeup cream, candy,<\/p>\n<p>&nbsp;<\/p>","protected":false},"featured_media":1812,"template":"","meta":{"_kad_post_transparent":"default","_kad_post_title":"","_kad_post_layout":"default","_kad_post_sidebar_id":"","_kad_post_content_style":"default","_kad_post_vertical_padding":"default","_kad_post_feature":"","_kad_post_feature_position":"","_kad_post_header":false,"_kad_post_footer":false,"jetpack_publicize_message":"","jetpack_publicize_feature_enabled":true,"jetpack_social_post_already_shared":false,"jetpack_social_options":{"image_generator_settings":{"template":"highway","default_image_id":0,"enabled":false},"version":2}},"product_brand":[],"product_cat":[28,24,27],"product_tag":[101,107,106,108],"class_list":{"0":"post-1811","1":"product","2":"type-product","3":"status-publish","4":"has-post-thumbnail","6":"product_cat-aluminum-jars","7":"product_cat-jars","8":"product_cat-metal-jars","9":"product_tag-aluminum-jar-with-screw-lid","10":"product_tag-aluminum-tin-with-screw-lid","11":"product_tag-rose-gold-aluminum-jar","12":"product_tag-rose-gold-aluminum-tin","14":"first","15":"instock","16":"shipping-taxable","17":"purchasable","18":"product-type-simple","19":"entry","20":"content-bg","21":"loop-entry"},"aioseo_notices":[],"jetpack_publicize_connections":[],"jetpack_sharing_enabled":true,"_links":{"self":[{"href":"https:\/\/yingmeipack.com\/fr\/wp-json\/wp\/v2\/product\/1811","targetHints":{"allow":["GET"]}}],"collection":[{"href":"https:\/\/yingmeipack.com\/fr\/wp-json\/wp\/v2\/product"}],"about":[{"href":"https:\/\/yingmeipack.com\/fr\/wp-json\/wp\/v2\/types\/product"}],"version-history":[{"count":1,"href":"https:\/\/yingmeipack.com\/fr\/wp-json\/wp\/v2\/product\/1811\/revisions"}],"predecessor-version":[{"id":1817,"href":"https:\/\/yingmeipack.com\/fr\/wp-json\/wp\/v2\/product\/1811\/revisions\/1817"}],"wp:featuredmedia":[{"embeddable":true,"href":"https:\/\/yingmeipack.com\/fr\/wp-json\/wp\/v2\/media\/1812"}],"wp:attachment":[{"href":"https:\/\/yingmeipack.com\/fr\/wp-json\/wp\/v2\/media?parent=1811"}],"wp:term":[{"taxonomy":"product_brand","embeddable":true,"href":"https:\/\/yingmeipack.com\/fr\/wp-json\/wp\/v2\/product_brand?post=1811"},{"taxonomy":"product_cat","embeddable":true,"href":"https:\/\/yingmeipack.com\/fr\/wp-json\/wp\/v2\/product_cat?post=1811"},{"taxonomy":"product_tag","embeddable":true,"href":"https:\/\/yingmeipack.com\/fr\/wp-json\/wp\/v2\/product_tag?post=1811"}],"curies":[{"name":"wp","href":"https:\/\/api.w.org\/{rel}","templated":true}]}}