{"id":1674,"date":"2023-04-25T07:41:04","date_gmt":"2023-04-25T07:41:04","guid":{"rendered":"https:\/\/yingmeipack.com\/?post_type=product&#038;p=1674"},"modified":"2025-06-05T03:01:43","modified_gmt":"2025-06-05T03:01:43","slug":"high-quality-heart-shaped-candy-box-wholesale-wedding-gift-tin-box","status":"publish","type":"product","link":"https:\/\/yingmeipack.com\/fr\/product\/high-quality-heart-shaped-candy-box-wholesale-wedding-gift-tin-box\/","title":{"rendered":"Bo\u00eete \u00e0 bonbons en forme de coeur de haute qualit\u00e9 bo\u00eete en fer blanc pour cadeaux de mariage en gros"},"content":{"rendered":"","protected":false},"excerpt":{"rendered":"<p>Les bo\u00eetes en fer blanc en forme de c\u0153ur sont le moyen id\u00e9al d'ajouter une touche de commodit\u00e9 et de style \u00e0 vos emballages. Ces bo\u00eetes \u00e9l\u00e9gantes sont disponibles dans une vari\u00e9t\u00e9 de tailles, avec des charni\u00e8res pour une ouverture et une fermeture faciles. Elles sont parfaites pour les cadeaux, les bougies, les cosm\u00e9tiques, le th\u00e9, les \u00e9pices, etc. Elles sont totalement personnalisables, ce qui vous permet d'y ajouter vos propres impressions et motifs.<\/p>\n<p>Mat\u00e9riau en fer-blanc durable - Les bo\u00eetes en fer-blanc vides de Dicunoy sont fabriqu\u00e9es en fer-blanc de haute qualit\u00e9, elles sont difficiles \u00e0 plier \u00e0 la main et sont \u00e9l\u00e9gantes gr\u00e2ce \u00e0 leur surface argent\u00e9e.<br \/>\nPas de bords tranchants - Nos bo\u00eetes m\u00e9talliques vides sont con\u00e7ues avec des bords ronds et lisses, ce qui r\u00e9duit le risque de dommages caus\u00e9s par les bords m\u00e9talliques tranchants et permet une utilisation quotidienne en toute s\u00e9curit\u00e9.<br \/>\nApplications multiples - Nos bo\u00eetes en fer blanc argent\u00e9es sont id\u00e9ales pour les projets de bricolage, la fabrication de bougies sans fuite, les faveurs de mariage, les bonbons, les bijoux, les bo\u00eetes \u00e0 tr\u00e9sors, les fournitures de bureau ou les cadeaux.<\/p>\n<p>&nbsp;<\/p>","protected":false},"featured_media":1675,"template":"","meta":{"_kad_post_transparent":"default","_kad_post_title":"","_kad_post_layout":"default","_kad_post_sidebar_id":"","_kad_post_content_style":"default","_kad_post_vertical_padding":"default","_kad_post_feature":"","_kad_post_feature_position":"","_kad_post_header":false,"_kad_post_footer":false,"jetpack_publicize_message":"","jetpack_publicize_feature_enabled":true,"jetpack_social_post_already_shared":false,"jetpack_social_options":{"image_generator_settings":{"template":"highway","default_image_id":0,"enabled":false},"version":2}},"product_brand":[],"product_cat":[48,24,27,29],"product_tag":[114,116,117,115],"class_list":{"0":"post-1674","1":"product","2":"type-product","3":"status-publish","4":"has-post-thumbnail","6":"product_cat-box","7":"product_cat-jars","8":"product_cat-metal-jars","9":"product_cat-tinplate-jars","10":"product_tag-custom-tin-boxes","11":"product_tag-lightweight-tin-boxes","12":"product_tag-metal-tin-box","13":"product_tag-square-tin-boxes","15":"first","16":"instock","17":"shipping-taxable","18":"purchasable","19":"product-type-simple","20":"entry","21":"content-bg","22":"loop-entry"},"aioseo_notices":[],"jetpack_publicize_connections":[],"jetpack_sharing_enabled":true,"_links":{"self":[{"href":"https:\/\/yingmeipack.com\/fr\/wp-json\/wp\/v2\/product\/1674","targetHints":{"allow":["GET"]}}],"collection":[{"href":"https:\/\/yingmeipack.com\/fr\/wp-json\/wp\/v2\/product"}],"about":[{"href":"https:\/\/yingmeipack.com\/fr\/wp-json\/wp\/v2\/types\/product"}],"version-history":[{"count":1,"href":"https:\/\/yingmeipack.com\/fr\/wp-json\/wp\/v2\/product\/1674\/revisions"}],"predecessor-version":[{"id":1681,"href":"https:\/\/yingmeipack.com\/fr\/wp-json\/wp\/v2\/product\/1674\/revisions\/1681"}],"wp:featuredmedia":[{"embeddable":true,"href":"https:\/\/yingmeipack.com\/fr\/wp-json\/wp\/v2\/media\/1675"}],"wp:attachment":[{"href":"https:\/\/yingmeipack.com\/fr\/wp-json\/wp\/v2\/media?parent=1674"}],"wp:term":[{"taxonomy":"product_brand","embeddable":true,"href":"https:\/\/yingmeipack.com\/fr\/wp-json\/wp\/v2\/product_brand?post=1674"},{"taxonomy":"product_cat","embeddable":true,"href":"https:\/\/yingmeipack.com\/fr\/wp-json\/wp\/v2\/product_cat?post=1674"},{"taxonomy":"product_tag","embeddable":true,"href":"https:\/\/yingmeipack.com\/fr\/wp-json\/wp\/v2\/product_tag?post=1674"}],"curies":[{"name":"wp","href":"https:\/\/api.w.org\/{rel}","templated":true}]}}