{"id":1659,"date":"2023-04-25T03:06:15","date_gmt":"2023-04-25T03:06:15","guid":{"rendered":"https:\/\/yingmeipack.com\/?post_type=product&#038;p=1659"},"modified":"2025-06-04T09:22:38","modified_gmt":"2025-06-04T09:22:38","slug":"empty-refillable-metal-containers-aluminum-storage-jar-with-plastic-window-100ml","status":"publish","type":"product","link":"https:\/\/yingmeipack.com\/fr\/product\/empty-refillable-metal-containers-aluminum-storage-jar-with-plastic-window-100ml\/","title":{"rendered":"R\u00e9cipients m\u00e9talliques rechargeables vides Jarre de stockage en aluminium avec fen\u00eatre en plastique 100ml"},"content":{"rendered":"","protected":false},"excerpt":{"rendered":"<p>La taille de ce pot en aluminium vert est de 83*28 mm. Il est fabriqu\u00e9 en aluminium de premi\u00e8re qualit\u00e9, l\u00e9ger mais durable, facile \u00e0 transporter en voyage. Le couvercle \u00e0 vis herm\u00e9tiquement ferm\u00e9 et l'insert int\u00e9rieur en mousse \u00e9liminent tout risque de fuite ou de fonte et prot\u00e8gent vos produits de l'exposition \u00e0 la lumi\u00e8re et aux temp\u00e9ratures \u00e9lev\u00e9es. Tous les bords sont arrondis et parfaitement form\u00e9s. Id\u00e9al pour les baumes \u00e0 l\u00e8vres, les d\u00e9odorants, les comprim\u00e9s de dentifrice, les pilules, les pi\u00e8ces de monnaie, les herbes et bien plus encore. Les clients peuvent personnaliser tous les d\u00e9tails en fonction de leurs propres besoins.<\/p>\n<p>&nbsp;<\/p>","protected":false},"featured_media":1660,"template":"","meta":{"_kad_post_transparent":"default","_kad_post_title":"","_kad_post_layout":"default","_kad_post_sidebar_id":"","_kad_post_content_style":"default","_kad_post_vertical_padding":"default","_kad_post_feature":"","_kad_post_feature_position":"","_kad_post_header":false,"_kad_post_footer":false,"jetpack_publicize_message":"","jetpack_publicize_feature_enabled":true,"jetpack_social_post_already_shared":false,"jetpack_social_options":{"image_generator_settings":{"template":"highway","default_image_id":0,"enabled":false},"version":2}},"product_brand":[],"product_cat":[28,24,27],"product_tag":[101,107,106,108],"class_list":{"0":"post-1659","1":"product","2":"type-product","3":"status-publish","4":"has-post-thumbnail","6":"product_cat-aluminum-jars","7":"product_cat-jars","8":"product_cat-metal-jars","9":"product_tag-aluminum-jar-with-screw-lid","10":"product_tag-aluminum-tin-with-screw-lid","11":"product_tag-rose-gold-aluminum-jar","12":"product_tag-rose-gold-aluminum-tin","14":"first","15":"instock","16":"shipping-taxable","17":"purchasable","18":"product-type-simple","19":"entry","20":"content-bg","21":"loop-entry"},"aioseo_notices":[],"jetpack_publicize_connections":[],"jetpack_sharing_enabled":true,"_links":{"self":[{"href":"https:\/\/yingmeipack.com\/fr\/wp-json\/wp\/v2\/product\/1659","targetHints":{"allow":["GET"]}}],"collection":[{"href":"https:\/\/yingmeipack.com\/fr\/wp-json\/wp\/v2\/product"}],"about":[{"href":"https:\/\/yingmeipack.com\/fr\/wp-json\/wp\/v2\/types\/product"}],"version-history":[{"count":1,"href":"https:\/\/yingmeipack.com\/fr\/wp-json\/wp\/v2\/product\/1659\/revisions"}],"predecessor-version":[{"id":1665,"href":"https:\/\/yingmeipack.com\/fr\/wp-json\/wp\/v2\/product\/1659\/revisions\/1665"}],"wp:featuredmedia":[{"embeddable":true,"href":"https:\/\/yingmeipack.com\/fr\/wp-json\/wp\/v2\/media\/1660"}],"wp:attachment":[{"href":"https:\/\/yingmeipack.com\/fr\/wp-json\/wp\/v2\/media?parent=1659"}],"wp:term":[{"taxonomy":"product_brand","embeddable":true,"href":"https:\/\/yingmeipack.com\/fr\/wp-json\/wp\/v2\/product_brand?post=1659"},{"taxonomy":"product_cat","embeddable":true,"href":"https:\/\/yingmeipack.com\/fr\/wp-json\/wp\/v2\/product_cat?post=1659"},{"taxonomy":"product_tag","embeddable":true,"href":"https:\/\/yingmeipack.com\/fr\/wp-json\/wp\/v2\/product_tag?post=1659"}],"curies":[{"name":"wp","href":"https:\/\/api.w.org\/{rel}","templated":true}]}}