{"id":1650,"date":"2023-04-25T02:09:04","date_gmt":"2023-04-25T02:09:04","guid":{"rendered":"https:\/\/yingmeipack.com\/?post_type=product&#038;p=1650"},"modified":"2025-06-04T09:19:00","modified_gmt":"2025-06-04T09:19:00","slug":"custom-aluminum-jar-box-loaded-hair-wax-eye-face-cream-candle-80g","status":"publish","type":"product","link":"https:\/\/yingmeipack.com\/fr\/product\/custom-aluminum-jar-box-loaded-hair-wax-eye-face-cream-candle-80g\/","title":{"rendered":"Bo\u00eete en aluminium personnalis\u00e9e avec cire pour les cheveux, les yeux et le visage bougie 80g"},"content":{"rendered":"","protected":false},"excerpt":{"rendered":"<p>Matieral: Aluminium, Size: dia68mm x h35mm, Capacity: 2.7 Ounce \/ 80 ml.<br \/>\nDIY Aluminum Containers: These aluminum containers can be applied on weddings, anniversary, New Year and more parties to store items, are perfect for candle making, DIY balm, cosmetic packaging storage, and so on.<br \/>\nConception \u00e0 vis : Les couvercles \u00e0 vis permettent de serrer facilement le couvercle et de ne pas laisser le contenu s'\u00e9chapper. Ces couvercles \u00e0 vis n'ont pas d'ar\u00eates vives, tous les bords sont arrondis pour \u00e9viter de rayer votre main.<br \/>\nLarge application : Nos r\u00e9cipients en aluminium de qualit\u00e9 alimentaire permettent de conserver une grande vari\u00e9t\u00e9 d'articles tels que les baumes \u00e0 l\u00e8vres, les gloss, les mini-bougies, les cosm\u00e9tiques, les pots d'\u00e9chantillons, les herbes, les lotions artisanales, les cr\u00e8mes, les pommades, les baumes et bien d'autres choses encore.<\/p>","protected":false},"featured_media":1651,"template":"","meta":{"_kad_post_transparent":"default","_kad_post_title":"","_kad_post_layout":"default","_kad_post_sidebar_id":"","_kad_post_content_style":"default","_kad_post_vertical_padding":"default","_kad_post_feature":"","_kad_post_feature_position":"","_kad_post_header":false,"_kad_post_footer":false,"jetpack_publicize_message":"","jetpack_publicize_feature_enabled":true,"jetpack_social_post_already_shared":false,"jetpack_social_options":{"image_generator_settings":{"template":"highway","default_image_id":0,"enabled":false},"version":2}},"product_brand":[],"product_cat":[28,24,27],"product_tag":[282,283,281],"class_list":{"0":"post-1650","1":"product","2":"type-product","3":"status-publish","4":"has-post-thumbnail","6":"product_cat-aluminum-jars","7":"product_cat-jars","8":"product_cat-metal-jars","9":"product_tag-aluminum-jar","10":"product_tag-aluminum-wax-tins","11":"product_tag-empty-metal-cans","13":"first","14":"instock","15":"shipping-taxable","16":"purchasable","17":"product-type-simple","18":"entry","19":"content-bg","20":"loop-entry"},"aioseo_notices":[],"jetpack_publicize_connections":[],"jetpack_sharing_enabled":true,"_links":{"self":[{"href":"https:\/\/yingmeipack.com\/fr\/wp-json\/wp\/v2\/product\/1650","targetHints":{"allow":["GET"]}}],"collection":[{"href":"https:\/\/yingmeipack.com\/fr\/wp-json\/wp\/v2\/product"}],"about":[{"href":"https:\/\/yingmeipack.com\/fr\/wp-json\/wp\/v2\/types\/product"}],"version-history":[{"count":2,"href":"https:\/\/yingmeipack.com\/fr\/wp-json\/wp\/v2\/product\/1650\/revisions"}],"predecessor-version":[{"id":1658,"href":"https:\/\/yingmeipack.com\/fr\/wp-json\/wp\/v2\/product\/1650\/revisions\/1658"}],"wp:featuredmedia":[{"embeddable":true,"href":"https:\/\/yingmeipack.com\/fr\/wp-json\/wp\/v2\/media\/1651"}],"wp:attachment":[{"href":"https:\/\/yingmeipack.com\/fr\/wp-json\/wp\/v2\/media?parent=1650"}],"wp:term":[{"taxonomy":"product_brand","embeddable":true,"href":"https:\/\/yingmeipack.com\/fr\/wp-json\/wp\/v2\/product_brand?post=1650"},{"taxonomy":"product_cat","embeddable":true,"href":"https:\/\/yingmeipack.com\/fr\/wp-json\/wp\/v2\/product_cat?post=1650"},{"taxonomy":"product_tag","embeddable":true,"href":"https:\/\/yingmeipack.com\/fr\/wp-json\/wp\/v2\/product_tag?post=1650"}],"curies":[{"name":"wp","href":"https:\/\/api.w.org\/{rel}","templated":true}]}}