{"id":1574,"date":"2023-04-19T08:04:07","date_gmt":"2023-04-19T08:04:07","guid":{"rendered":"https:\/\/yingmeipack.com\/?post_type=product&#038;p=1574"},"modified":"2025-06-05T03:08:02","modified_gmt":"2025-06-05T03:08:02","slug":"120g-round-matte-black-aluminum-tin-metal-jar","status":"publish","type":"product","link":"https:\/\/yingmeipack.com\/fr\/product\/120g-round-matte-black-aluminum-tin-metal-jar\/","title":{"rendered":"Bocal rond en m\u00e9tal aluminium noir mat de 120g"},"content":{"rendered":"","protected":false},"excerpt":{"rendered":"<p>\u2714Haute qualit\u00e9 : Les bo\u00eetes de conserve rondes de 4,2 oz sont fabriqu\u00e9es en aluminium durable avec un couvercle viss\u00e9 s\u00e9curis\u00e9 pour prot\u00e9ger vos produits et \u00e9viter les fuites. Ces bo\u00eetes sont fabriqu\u00e9es pour \u00eatre solides et durables, n'ont pas d'ar\u00eates vives et sont r\u00e9utilisables, ce qui les rend \u00e9cologiques et s\u00fbres pour stocker des articles.<br \/>\nBords lisses : 120ML bo\u00eetes de conserve, n'ont pas de bords tranchants, ces bo\u00eetes \u00e0 vis sont s\u00fbrs pour ouvrir et fermer.Facile et pratique \u00e0 transporter, assez pour stocker diff\u00e9rents petits objets pour un acc\u00e8s rapide et pratiquebien pour les voyages et les voyages d'affaires.<br \/>\n\u2714Multipurpose : Id\u00e9al pour vos baumes pour les l\u00e8vres et le corps, cr\u00e8mes pour les mains et pommades, huiles essentielles, onguents, herbes m\u00e9dicinales et cires, \u00e9pices et assaisonnements, bougies \u00e0 th\u00e9, poudres, th\u00e9s en feuilles, paillettes, pot-pourri, boucles d'oreilles et autres petits bijouxr.<br \/>\nLes bo\u00eetes vides ont de multiples usages en mati\u00e8re de bricolage : elles sont parfaites pour les baumes \u00e0 l\u00e8vres, les pilules, les faveurs de f\u00eate, les bonbons, les menthes, les vitamines ou pour inclure dans les cadeaux. Les bo\u00eetes vides ont de multiples utilisations en bricolage. Faciles \u00e0 transporter et \u00e0 utiliser.<br \/>\n\u2714Great pour vos faveurs de f\u00eate sp\u00e9ciale.Utilisez-les \u00e0 votre mariage, anniversaire, douche de b\u00e9b\u00e9 comme le parfait petit contenant de cadeau pour vos bonbons, menthes, ou chocolats faits maison.Aussi peut \u00eatre une d\u00e9coration pour votre chambre et bureau.Convient pour l'utilisation professionnelle ou personnelle.<\/p>","protected":false},"featured_media":1575,"template":"","meta":{"_kad_post_transparent":"default","_kad_post_title":"","_kad_post_layout":"default","_kad_post_sidebar_id":"","_kad_post_content_style":"default","_kad_post_vertical_padding":"default","_kad_post_feature":"","_kad_post_feature_position":"","_kad_post_header":false,"_kad_post_footer":false,"jetpack_publicize_message":"","jetpack_publicize_feature_enabled":true,"jetpack_social_post_already_shared":false,"jetpack_social_options":{"image_generator_settings":{"template":"highway","default_image_id":0,"enabled":false},"version":2}},"product_brand":[],"product_cat":[28,24,27],"product_tag":[282,285,304],"class_list":{"0":"post-1574","1":"product","2":"type-product","3":"status-publish","4":"has-post-thumbnail","6":"product_cat-aluminum-jars","7":"product_cat-jars","8":"product_cat-metal-jars","9":"product_tag-aluminum-jar","10":"product_tag-aluminum-tin-can-with-slip-lid","11":"product_tag-matte-black-aluminum-tin-metal-jar","13":"first","14":"instock","15":"shipping-taxable","16":"purchasable","17":"product-type-simple","18":"entry","19":"content-bg","20":"loop-entry"},"aioseo_notices":[],"jetpack_publicize_connections":[],"jetpack_sharing_enabled":true,"_links":{"self":[{"href":"https:\/\/yingmeipack.com\/fr\/wp-json\/wp\/v2\/product\/1574","targetHints":{"allow":["GET"]}}],"collection":[{"href":"https:\/\/yingmeipack.com\/fr\/wp-json\/wp\/v2\/product"}],"about":[{"href":"https:\/\/yingmeipack.com\/fr\/wp-json\/wp\/v2\/types\/product"}],"version-history":[{"count":1,"href":"https:\/\/yingmeipack.com\/fr\/wp-json\/wp\/v2\/product\/1574\/revisions"}],"predecessor-version":[{"id":1581,"href":"https:\/\/yingmeipack.com\/fr\/wp-json\/wp\/v2\/product\/1574\/revisions\/1581"}],"wp:featuredmedia":[{"embeddable":true,"href":"https:\/\/yingmeipack.com\/fr\/wp-json\/wp\/v2\/media\/1575"}],"wp:attachment":[{"href":"https:\/\/yingmeipack.com\/fr\/wp-json\/wp\/v2\/media?parent=1574"}],"wp:term":[{"taxonomy":"product_brand","embeddable":true,"href":"https:\/\/yingmeipack.com\/fr\/wp-json\/wp\/v2\/product_brand?post=1574"},{"taxonomy":"product_cat","embeddable":true,"href":"https:\/\/yingmeipack.com\/fr\/wp-json\/wp\/v2\/product_cat?post=1574"},{"taxonomy":"product_tag","embeddable":true,"href":"https:\/\/yingmeipack.com\/fr\/wp-json\/wp\/v2\/product_tag?post=1574"}],"curies":[{"name":"wp","href":"https:\/\/api.w.org\/{rel}","templated":true}]}}