{"id":1565,"date":"2023-04-19T07:15:48","date_gmt":"2023-04-19T07:15:48","guid":{"rendered":"https:\/\/yingmeipack.com\/?post_type=product&#038;p=1565"},"modified":"2025-06-05T08:16:49","modified_gmt":"2025-06-05T08:16:49","slug":"round-rose-gold-window-lid-5ml-metal-packaging-aluminum-can","status":"publish","type":"product","link":"https:\/\/yingmeipack.com\/fr\/product\/round-rose-gold-window-lid-5ml-metal-packaging-aluminum-can\/","title":{"rendered":"Couvercle rond en or rose avec fen\u00eatre 5ml emballage m\u00e9tallique bo\u00eete en aluminium"},"content":{"rendered":"","protected":false},"excerpt":{"rendered":"<p>Bo\u00eetes de conserve roses avec fen\u00eatre transparente, qui permettent de trouver plus facilement les articles dans la bo\u00eete.<br \/>\nR\u00e9f\u00e9rence de taille : Capacit\u00e9 - 5ml, D27MM*H14MM<br \/>\nHaute qualit\u00e9 : Fabriqu\u00e9 en aluminium de haute qualit\u00e9, il permet de ranger des objets en toute s\u00e9curit\u00e9 et peut \u00eatre recycl\u00e9 ou r\u00e9utilis\u00e9.<br \/>\nBords lisses : Ces bo\u00eetes \u00e0 vis n'ont pas d'ar\u00eates vives, elles sont faciles \u00e0 ouvrir et \u00e0 fermer, ce qui vous garantit une utilisation en toute s\u00e9curit\u00e9.<br \/>\nBo\u00eetes m\u00e9talliques polyvalentes : Le mat\u00e9riel de haute qualit\u00e9 est id\u00e9al pour ranger les lotions, les cr\u00e8mes, les pommades, les baumes, les pots d'\u00e9chantillons, les herbes, l'art de l'ongle, etc. \u00c9limine le risque de fonte ou de fuite. R\u00e9cipients peu profonds avec couvercle \u00e0 pression en acier \u00e9tam\u00e9 avec couvercles filet\u00e9s. Une fois appliqu\u00e9 \u00e0 la base de l'\u00e9tain, le plomb reste bien en place, \u00e9liminant ainsi tout risque de fuite au cours de vos nombreux voyages. Cet article est id\u00e9al pour les bagages \u00e0 main.<\/p>","protected":false},"featured_media":1566,"template":"","meta":{"_kad_post_transparent":"default","_kad_post_title":"","_kad_post_layout":"default","_kad_post_sidebar_id":"","_kad_post_content_style":"default","_kad_post_vertical_padding":"default","_kad_post_feature":"","_kad_post_feature_position":"","_kad_post_header":false,"_kad_post_footer":false,"jetpack_publicize_message":"","jetpack_publicize_feature_enabled":true,"jetpack_social_post_already_shared":false,"jetpack_social_options":{"image_generator_settings":{"template":"highway","default_image_id":0,"enabled":false},"version":2}},"product_brand":[],"product_cat":[28,24,27],"product_tag":[284,282,285],"class_list":{"0":"post-1565","1":"product","2":"type-product","3":"status-publish","4":"has-post-thumbnail","6":"product_cat-aluminum-jars","7":"product_cat-jars","8":"product_cat-metal-jars","9":"product_tag-10-aluminum-can","10":"product_tag-aluminum-jar","11":"product_tag-aluminum-tin-can-with-slip-lid","13":"first","14":"instock","15":"shipping-taxable","16":"purchasable","17":"product-type-simple","18":"entry","19":"content-bg","20":"loop-entry"},"aioseo_notices":[],"jetpack_publicize_connections":[],"jetpack_sharing_enabled":true,"_links":{"self":[{"href":"https:\/\/yingmeipack.com\/fr\/wp-json\/wp\/v2\/product\/1565","targetHints":{"allow":["GET"]}}],"collection":[{"href":"https:\/\/yingmeipack.com\/fr\/wp-json\/wp\/v2\/product"}],"about":[{"href":"https:\/\/yingmeipack.com\/fr\/wp-json\/wp\/v2\/types\/product"}],"version-history":[{"count":1,"href":"https:\/\/yingmeipack.com\/fr\/wp-json\/wp\/v2\/product\/1565\/revisions"}],"predecessor-version":[{"id":1573,"href":"https:\/\/yingmeipack.com\/fr\/wp-json\/wp\/v2\/product\/1565\/revisions\/1573"}],"wp:featuredmedia":[{"embeddable":true,"href":"https:\/\/yingmeipack.com\/fr\/wp-json\/wp\/v2\/media\/1566"}],"wp:attachment":[{"href":"https:\/\/yingmeipack.com\/fr\/wp-json\/wp\/v2\/media?parent=1565"}],"wp:term":[{"taxonomy":"product_brand","embeddable":true,"href":"https:\/\/yingmeipack.com\/fr\/wp-json\/wp\/v2\/product_brand?post=1565"},{"taxonomy":"product_cat","embeddable":true,"href":"https:\/\/yingmeipack.com\/fr\/wp-json\/wp\/v2\/product_cat?post=1565"},{"taxonomy":"product_tag","embeddable":true,"href":"https:\/\/yingmeipack.com\/fr\/wp-json\/wp\/v2\/product_tag?post=1565"}],"curies":[{"name":"wp","href":"https:\/\/api.w.org\/{rel}","templated":true}]}}