{"id":1492,"date":"2023-04-17T08:46:26","date_gmt":"2023-04-17T08:46:26","guid":{"rendered":"https:\/\/yingmeipack.com\/?post_type=product&#038;p=1492"},"modified":"2023-04-17T09:28:36","modified_gmt":"2023-04-17T09:28:36","slug":"aluminium-white-black-caps-clear-bottle-120ml-cosmetic-face-cream","status":"publish","type":"product","link":"https:\/\/yingmeipack.com\/fr\/product\/aluminium-white-black-caps-clear-bottle-120ml-cosmetic-face-cream\/","title":{"rendered":"Aluminium White Black Caps Clear Bottle 120ml Cosmetic Face Cream"},"content":{"rendered":"","protected":false},"excerpt":{"rendered":"<p>Taille : dia71mm*h51mm<\/p>\n<p>\u3010High Quality Material\u3011This plastic jars with lids are made of high quality food grade PET plastic,sturdy,durable,reusable,transparent and lightweight.You can safely use these empty jars to fill your food without worrying about the effects of the jars,these food jars will meet your needs for your food storage,just put your favourite food in it.<br \/>\n\u3010Leak Proof Design\u3011Les pots en plastique avec couvercles adoptent une conception \u00e9tanche, il y a un filetage \u00e0 vis et des joints d'\u00e9tanch\u00e9it\u00e9 sur le dessus du r\u00e9cipient de slime, poss\u00e9dant une bonne \u00e9tanch\u00e9it\u00e9 \u00e0 l'air peut efficacement emp\u00eacher les fuites et emp\u00eacher l'humidit\u00e9 dans les pots transparents d'entrer en contact avec l'air, ce qui entra\u00eene des articles secs et humides.<br \/>\n\u3010Width Use\u3011These food jars are very suitable for jam,dried-food,nuts,spices,flour,sugar and variety food storage,but also the ideal cosmetic container for scrubs,body butter,lotion,bath salt,perfect for you to make your own DIY body or hair care production.Of course you can use these slime containers to storage your slime or other small part like screw or nail,as a gift to a friend is also a good choice.<br \/>\n\u3010WORRY-FREE AFTER-SALES\u3011Si vous avez des probl\u00e8mes d'utilisation de nos pots avec couvercles qui ne peuvent pas \u00eatre r\u00e9solus, n'h\u00e9sitez pas \u00e0 nous contacter pour obtenir de l'aide.La satisfaction du client avec nos pots en plastique avec couvercles est la premi\u00e8re pour nous. Nous vous r\u00e9pondrons imm\u00e9diatement pour r\u00e9soudre votre probl\u00e8me et vous donner une r\u00e9ponse satisfaisante, afin de vous fournir un excellent service avec nos pots en plastique.<\/p>","protected":false},"featured_media":1493,"template":"","meta":{"_kad_post_transparent":"default","_kad_post_title":"","_kad_post_layout":"default","_kad_post_sidebar_id":"","_kad_post_content_style":"default","_kad_post_vertical_padding":"default","_kad_post_feature":"","_kad_post_feature_position":"","_kad_post_header":false,"_kad_post_footer":false,"jetpack_publicize_message":"","jetpack_publicize_feature_enabled":true,"jetpack_social_post_already_shared":false,"jetpack_social_options":{"image_generator_settings":{"template":"highway","default_image_id":0,"enabled":false},"version":2}},"product_brand":[],"product_cat":[19,24,20,25],"product_tag":[215,214,217,216],"class_list":{"0":"post-1492","1":"product","2":"type-product","3":"status-publish","4":"has-post-thumbnail","6":"product_cat-bottles","7":"product_cat-jars","8":"product_cat-plastic-bottles","9":"product_cat-plastic-jars","10":"product_tag-bpa-free-pet-plastic-jars","11":"product_tag-clear-pet-plastic-jars","12":"product_tag-plastic-jar-with-gold-lid","13":"product_tag-refillable-plastic-jar","15":"first","16":"instock","17":"shipping-taxable","18":"product-type-simple","19":"entry","20":"content-bg","21":"loop-entry"},"aioseo_notices":[],"jetpack_publicize_connections":[],"jetpack_sharing_enabled":true,"_links":{"self":[{"href":"https:\/\/yingmeipack.com\/fr\/wp-json\/wp\/v2\/product\/1492","targetHints":{"allow":["GET"]}}],"collection":[{"href":"https:\/\/yingmeipack.com\/fr\/wp-json\/wp\/v2\/product"}],"about":[{"href":"https:\/\/yingmeipack.com\/fr\/wp-json\/wp\/v2\/types\/product"}],"version-history":[{"count":1,"href":"https:\/\/yingmeipack.com\/fr\/wp-json\/wp\/v2\/product\/1492\/revisions"}],"predecessor-version":[{"id":1500,"href":"https:\/\/yingmeipack.com\/fr\/wp-json\/wp\/v2\/product\/1492\/revisions\/1500"}],"wp:featuredmedia":[{"embeddable":true,"href":"https:\/\/yingmeipack.com\/fr\/wp-json\/wp\/v2\/media\/1493"}],"wp:attachment":[{"href":"https:\/\/yingmeipack.com\/fr\/wp-json\/wp\/v2\/media?parent=1492"}],"wp:term":[{"taxonomy":"product_brand","embeddable":true,"href":"https:\/\/yingmeipack.com\/fr\/wp-json\/wp\/v2\/product_brand?post=1492"},{"taxonomy":"product_cat","embeddable":true,"href":"https:\/\/yingmeipack.com\/fr\/wp-json\/wp\/v2\/product_cat?post=1492"},{"taxonomy":"product_tag","embeddable":true,"href":"https:\/\/yingmeipack.com\/fr\/wp-json\/wp\/v2\/product_tag?post=1492"}],"curies":[{"name":"wp","href":"https:\/\/api.w.org\/{rel}","templated":true}]}}