{"id":1428,"date":"2023-04-17T02:23:17","date_gmt":"2023-04-17T02:23:17","guid":{"rendered":"https:\/\/yingmeipack.com\/?post_type=product&#038;p=1428"},"modified":"2023-04-17T03:22:52","modified_gmt":"2023-04-17T03:22:52","slug":"food-grade-pet-plastic-25ml-transparent-jar-with-black-lid","status":"publish","type":"product","link":"https:\/\/yingmeipack.com\/fr\/product\/food-grade-pet-plastic-25ml-transparent-jar-with-black-lid\/","title":{"rendered":"Pot transparent de 25ml en plastique PET de qualit\u00e9 alimentaire avec couvercle noir"},"content":{"rendered":"","protected":false},"excerpt":{"rendered":"<p>Mesures : Custoizable.<br \/>\nChaque pot est dot\u00e9 d'un magnifique couvercle en mousse dor\u00e9e qui garantit une fermeture herm\u00e9tique, \u00e0 l'\u00e9preuve des odeurs et de l'eau, afin d'\u00e9viter toute fuite ou d\u00e9versement.<br \/>\nLe grand pot \u00e0 bords droits facilite l'acc\u00e8s au contenu - id\u00e9al pour les lotions corporelles, les baumes, les beurres et les gommages.<br \/>\nNos pots en plastique PET sont r\u00e9sistants aux chocs, l\u00e9gers, polyvalents et id\u00e9aux pour une multitude d'utilisations dans les domaines de la beaut\u00e9, des soins de la peau, du m\u00e9nage, de la cuisine et des laboratoires scientifiques.<br \/>\nUn superbe pot pour vos produits maison, pour le comptoir de votre salle de bain, pour offrir en cadeau, et surtout parfait pour la revente.<\/p>","protected":false},"featured_media":1429,"template":"","meta":{"_kad_post_transparent":"default","_kad_post_title":"","_kad_post_layout":"default","_kad_post_sidebar_id":"","_kad_post_content_style":"default","_kad_post_vertical_padding":"default","_kad_post_feature":"","_kad_post_feature_position":"","_kad_post_header":false,"_kad_post_footer":false,"jetpack_publicize_message":"","jetpack_publicize_feature_enabled":true,"jetpack_social_post_already_shared":false,"jetpack_social_options":{"image_generator_settings":{"template":"highway","default_image_id":0,"enabled":false},"version":2}},"product_brand":[],"product_cat":[19,24,20,25],"product_tag":[215,214,217,216],"class_list":{"0":"post-1428","1":"product","2":"type-product","3":"status-publish","4":"has-post-thumbnail","6":"product_cat-bottles","7":"product_cat-jars","8":"product_cat-plastic-bottles","9":"product_cat-plastic-jars","10":"product_tag-bpa-free-pet-plastic-jars","11":"product_tag-clear-pet-plastic-jars","12":"product_tag-plastic-jar-with-gold-lid","13":"product_tag-refillable-plastic-jar","15":"first","16":"instock","17":"shipping-taxable","18":"product-type-simple","19":"entry","20":"content-bg","21":"loop-entry"},"aioseo_notices":[],"jetpack_publicize_connections":[],"jetpack_sharing_enabled":true,"_links":{"self":[{"href":"https:\/\/yingmeipack.com\/fr\/wp-json\/wp\/v2\/product\/1428","targetHints":{"allow":["GET"]}}],"collection":[{"href":"https:\/\/yingmeipack.com\/fr\/wp-json\/wp\/v2\/product"}],"about":[{"href":"https:\/\/yingmeipack.com\/fr\/wp-json\/wp\/v2\/types\/product"}],"version-history":[{"count":1,"href":"https:\/\/yingmeipack.com\/fr\/wp-json\/wp\/v2\/product\/1428\/revisions"}],"predecessor-version":[{"id":1436,"href":"https:\/\/yingmeipack.com\/fr\/wp-json\/wp\/v2\/product\/1428\/revisions\/1436"}],"wp:featuredmedia":[{"embeddable":true,"href":"https:\/\/yingmeipack.com\/fr\/wp-json\/wp\/v2\/media\/1429"}],"wp:attachment":[{"href":"https:\/\/yingmeipack.com\/fr\/wp-json\/wp\/v2\/media?parent=1428"}],"wp:term":[{"taxonomy":"product_brand","embeddable":true,"href":"https:\/\/yingmeipack.com\/fr\/wp-json\/wp\/v2\/product_brand?post=1428"},{"taxonomy":"product_cat","embeddable":true,"href":"https:\/\/yingmeipack.com\/fr\/wp-json\/wp\/v2\/product_cat?post=1428"},{"taxonomy":"product_tag","embeddable":true,"href":"https:\/\/yingmeipack.com\/fr\/wp-json\/wp\/v2\/product_tag?post=1428"}],"curies":[{"name":"wp","href":"https:\/\/api.w.org\/{rel}","templated":true}]}}