{"id":1414,"date":"2023-04-15T08:33:32","date_gmt":"2023-04-15T08:33:32","guid":{"rendered":"https:\/\/yingmeipack.com\/?post_type=product&#038;p=1414"},"modified":"2025-06-10T01:26:27","modified_gmt":"2025-06-10T01:26:27","slug":"empty-tin-jars-aluminum-cans-round-containers-for-candle","status":"publish","type":"product","link":"https:\/\/yingmeipack.com\/fr\/product\/empty-tin-jars-aluminum-cans-round-containers-for-candle\/","title":{"rendered":"Petites jarres vides en fer blanc pour bougies"},"content":{"rendered":"<p>&nbsp;<\/p>\n<p>&nbsp;<\/p>\n<p>&nbsp;<\/p>\n<p>&nbsp;<\/p>\n<p>&nbsp;<\/p>","protected":false},"excerpt":{"rendered":"<p>taille : dia3.8 inches \/80mm* h2.1 inches\/54mm, l\u00e9ger et pratique, Mini round can, peut stocker de petits objets, boucles d'oreilles, etc., peut mettre des bijoux de bonbons \u00e0 l'int\u00e9rieur comme un cadeau, proche Les gens qui viennent au cadeau vont certainement l'aimer.<\/p>\n<p>Bo\u00eete ronde multifonctionnelle : Cette belle petite bo\u00eete \u00e0 bougies peut \u00eatre utilis\u00e9e pour stocker de nombreuses choses, id\u00e9ale pour les bougies de bricolage, les biscuits, les bonbons, les pi\u00e8ces de monnaie, les bagues et les petits objets. Elle peut \u00e9galement \u00eatre utilis\u00e9e comme un cadeau parfait pour votre famille ou vos amis avec du baume \u00e0 l\u00e8vres, de la cr\u00e8me d'herbe, de la cr\u00e8me de consoude et des contenants de stockage solides pour l'aromath\u00e9rapie.<br \/>\nMat\u00e9riaux de haute qualit\u00e9 : Ce photophore est fabriqu\u00e9 en fer blanc. Il est tr\u00e8s r\u00e9sistant et durable. La surface est lisse et respectueuse de l'environnement. Il est facile \u00e0 nettoyer. Il peut \u00eatre r\u00e9utilis\u00e9 plusieurs fois sans se d\u00e9former facilement. Le motif imprim\u00e9 chic ne s'estompe pas. Il ne sera pas \u00e9cras\u00e9.<\/p>","protected":false},"featured_media":2152,"template":"","meta":{"_kad_post_transparent":"default","_kad_post_title":"","_kad_post_layout":"default","_kad_post_sidebar_id":"","_kad_post_content_style":"default","_kad_post_vertical_padding":"default","_kad_post_feature":"","_kad_post_feature_position":"","_kad_post_header":false,"_kad_post_footer":false,"jetpack_publicize_message":"","jetpack_publicize_feature_enabled":true,"jetpack_social_post_already_shared":false,"jetpack_social_options":{"image_generator_settings":{"template":"highway","default_image_id":0,"enabled":false},"version":2}},"product_brand":[],"product_cat":[28,48,24,27,29],"product_tag":[298,301,303,302],"class_list":{"0":"post-1414","1":"product","2":"type-product","3":"status-publish","4":"has-post-thumbnail","6":"product_cat-aluminum-jars","7":"product_cat-box","8":"product_cat-jars","9":"product_cat-metal-jars","10":"product_cat-tinplate-jars","11":"product_tag-candle-jars","12":"product_tag-empty-candle-tin","13":"product_tag-metal-jar-containers","14":"product_tag-tinplate-can","16":"first","17":"instock","18":"shipping-taxable","19":"purchasable","20":"product-type-simple","21":"entry","22":"content-bg","23":"loop-entry"},"aioseo_notices":[],"jetpack_publicize_connections":[],"jetpack_sharing_enabled":true,"_links":{"self":[{"href":"https:\/\/yingmeipack.com\/fr\/wp-json\/wp\/v2\/product\/1414","targetHints":{"allow":["GET"]}}],"collection":[{"href":"https:\/\/yingmeipack.com\/fr\/wp-json\/wp\/v2\/product"}],"about":[{"href":"https:\/\/yingmeipack.com\/fr\/wp-json\/wp\/v2\/types\/product"}],"version-history":[{"count":4,"href":"https:\/\/yingmeipack.com\/fr\/wp-json\/wp\/v2\/product\/1414\/revisions"}],"predecessor-version":[{"id":2153,"href":"https:\/\/yingmeipack.com\/fr\/wp-json\/wp\/v2\/product\/1414\/revisions\/2153"}],"wp:featuredmedia":[{"embeddable":true,"href":"https:\/\/yingmeipack.com\/fr\/wp-json\/wp\/v2\/media\/2152"}],"wp:attachment":[{"href":"https:\/\/yingmeipack.com\/fr\/wp-json\/wp\/v2\/media?parent=1414"}],"wp:term":[{"taxonomy":"product_brand","embeddable":true,"href":"https:\/\/yingmeipack.com\/fr\/wp-json\/wp\/v2\/product_brand?post=1414"},{"taxonomy":"product_cat","embeddable":true,"href":"https:\/\/yingmeipack.com\/fr\/wp-json\/wp\/v2\/product_cat?post=1414"},{"taxonomy":"product_tag","embeddable":true,"href":"https:\/\/yingmeipack.com\/fr\/wp-json\/wp\/v2\/product_tag?post=1414"}],"curies":[{"name":"wp","href":"https:\/\/api.w.org\/{rel}","templated":true}]}}