{"id":1407,"date":"2023-04-15T08:12:05","date_gmt":"2023-04-15T08:12:05","guid":{"rendered":"https:\/\/yingmeipack.com\/?post_type=product&#038;p=1407"},"modified":"2023-04-15T08:32:48","modified_gmt":"2023-04-15T08:32:48","slug":"biscuit-cake-tins-boxes-with-handle-for-gifts-tin-containers","status":"publish","type":"product","link":"https:\/\/yingmeipack.com\/fr\/product\/biscuit-cake-tins-boxes-with-handle-for-gifts-tin-containers\/","title":{"rendered":"Bo\u00eetes \u00e0 biscuits Bo\u00eetes \u00e0 g\u00e2teaux Bo\u00eetes avec poign\u00e9e pour cadeaux Bo\u00eetes en fer blanc"},"content":{"rendered":"","protected":false},"excerpt":{"rendered":"<p>Notre technologie de surface permet de r\u00e9aliser des s\u00e9rigraphies, des impressions en couleur, des gaufrages, des \u00e9videments, des ouvertures de fen\u00eatres et d'autres processus, et la couleur et la taille peuvent \u00eatre personnalis\u00e9es.<\/p>\n<ul class=\"a-unordered-list a-vertical a-spacing-mini\">\n<li>Parfaites pour No\u00ebl, les mariages, les fian\u00e7ailles, les baby showers, les f\u00eates d'anniversaire et bien d'autres c\u00e9l\u00e9brations ou collections. Les bo\u00eetes de conservation vides pour biscuits sont fabriqu\u00e9es en fer-blanc de haute qualit\u00e9, avec des motifs de No\u00ebl qui soulignent l'atmosph\u00e8re festive.<br \/>\nBo\u00eete \u00e0 bonbons carr\u00e9e \u00e0 la mode et d\u00e9licate avec motif de No\u00ebl, convient parfaitement \u00e0 No\u00ebl. Adorable bonbonni\u00e8re pour les enfants, \u00e9galement pour les vacances, No\u00ebl, Cadeaux.<br \/>\nJarre multi-bonbons qui peut \u00eatre remplie de cadeaux, de bonbons, de feuilles de th\u00e9, etc. Peut \u00eatre utilis\u00e9 comme r\u00e9serve alimentaire (biscuits, bonbons, biscuits, bonbons), r\u00e9serve de fournitures d'artisanat (artisanat), cadeaux de No\u00ebl pour les biscuits.<br \/>\nAdopte un mat\u00e9riau en fer blanc \u00e9pais, applique une technologie de pointe, la fabrication est excellente. Parfaites pour les cadeaux, les biscuits faits maison et les friandises pendant les f\u00eates, ou \u00e0 tout moment de l'ann\u00e9e ! Bo\u00eetes de No\u00ebl pour biscuits, bonbons ou autres cadeaux<br \/>\nConvient pour contenir des petits cadeaux, de l'artisanat, du chocolat, des bonbons, etc. Et cr\u00e9ez une surprise m\u00e9morable pour vos invit\u00e9s. Convient pour No\u00ebl, le Nouvel An, les boutiques, les grands magasins, les magasins d'alimentation et toutes sortes de cadeaux, etc.<\/li>\n<\/ul>","protected":false},"featured_media":1408,"template":"","meta":{"_kad_post_transparent":"default","_kad_post_title":"","_kad_post_layout":"default","_kad_post_sidebar_id":"","_kad_post_content_style":"default","_kad_post_vertical_padding":"default","_kad_post_feature":"","_kad_post_feature_position":"","_kad_post_header":false,"_kad_post_footer":false,"jetpack_publicize_message":"","jetpack_publicize_feature_enabled":true,"jetpack_social_post_already_shared":false,"jetpack_social_options":{"image_generator_settings":{"template":"highway","default_image_id":0,"enabled":false},"version":2}},"product_brand":[],"product_cat":[28,48,24,27,29],"product_tag":[297,295,296],"class_list":{"0":"post-1407","1":"product","2":"type-product","3":"status-publish","4":"has-post-thumbnail","6":"product_cat-aluminum-jars","7":"product_cat-box","8":"product_cat-jars","9":"product_cat-metal-jars","10":"product_cat-tinplate-jars","11":"product_tag-container-canister-empty-bakery-treat-boxes","12":"product_tag-cookie-gift-tins-jars","13":"product_tag-tinplate-candy-box","15":"first","16":"instock","17":"shipping-taxable","18":"product-type-simple","19":"entry","20":"content-bg","21":"loop-entry"},"aioseo_notices":[],"jetpack_publicize_connections":[],"jetpack_sharing_enabled":true,"_links":{"self":[{"href":"https:\/\/yingmeipack.com\/fr\/wp-json\/wp\/v2\/product\/1407","targetHints":{"allow":["GET"]}}],"collection":[{"href":"https:\/\/yingmeipack.com\/fr\/wp-json\/wp\/v2\/product"}],"about":[{"href":"https:\/\/yingmeipack.com\/fr\/wp-json\/wp\/v2\/types\/product"}],"version-history":[{"count":1,"href":"https:\/\/yingmeipack.com\/fr\/wp-json\/wp\/v2\/product\/1407\/revisions"}],"predecessor-version":[{"id":1412,"href":"https:\/\/yingmeipack.com\/fr\/wp-json\/wp\/v2\/product\/1407\/revisions\/1412"}],"wp:featuredmedia":[{"embeddable":true,"href":"https:\/\/yingmeipack.com\/fr\/wp-json\/wp\/v2\/media\/1408"}],"wp:attachment":[{"href":"https:\/\/yingmeipack.com\/fr\/wp-json\/wp\/v2\/media?parent=1407"}],"wp:term":[{"taxonomy":"product_brand","embeddable":true,"href":"https:\/\/yingmeipack.com\/fr\/wp-json\/wp\/v2\/product_brand?post=1407"},{"taxonomy":"product_cat","embeddable":true,"href":"https:\/\/yingmeipack.com\/fr\/wp-json\/wp\/v2\/product_cat?post=1407"},{"taxonomy":"product_tag","embeddable":true,"href":"https:\/\/yingmeipack.com\/fr\/wp-json\/wp\/v2\/product_tag?post=1407"}],"curies":[{"name":"wp","href":"https:\/\/api.w.org\/{rel}","templated":true}]}}