{"id":1258,"date":"2023-04-12T08:20:59","date_gmt":"2023-04-12T08:20:59","guid":{"rendered":"https:\/\/yingmeipack.com\/?post_type=product&#038;p=1258"},"modified":"2025-06-05T08:41:20","modified_gmt":"2025-06-05T08:41:20","slug":"1-oz-aluminum-tin-jar-with-screw-lid-30-ml","status":"publish","type":"product","link":"https:\/\/yingmeipack.com\/fr\/product\/1-oz-aluminum-tin-jar-with-screw-lid-30-ml\/","title":{"rendered":"Pot en aluminium de 1 oz avec couvercle \u00e0 vis 30 ml"},"content":{"rendered":"","protected":false},"excerpt":{"rendered":"<p>&nbsp;<\/p>\n<ul class=\"a-unordered-list a-vertical a-spacing-mini\">\n<li><span class=\"a-list-item\">Capacit\u00e9 : 30ml, 52mm<\/span><span class=\"a-list-item\">\"de diam\u00e8tre x 22 mm de hauteur.<\/span><\/li>\n<li><span class=\"a-list-item\">Scoop pour produits secs - Les bords lisses ne blessent pas les mains et sont faciles \u00e0 entretenir. Vous pouvez l'utiliser sans crainte.<\/span><\/li>\n<li><span class=\"a-list-item\">Cuill\u00e8re \u00e0 glace en m\u00e9tal - Fabriqu\u00e9e en plastique transparent, elle est durable et s\u00fbre. Partagez-la avec votre famille et vos amis car elle est pratique.<\/span><\/li>\n<li><span class=\"a-list-item\">Scoop \u00e0 bonbons - Les bords lisses ne blessent pas les mains. Id\u00e9al pour les \u00e9v\u00e9nements sp\u00e9ciaux ou pour un usage quotidien.<\/span><\/li>\n<li><span class=\"a-list-item\">Cuill\u00e8res de bain - Tenir la cuill\u00e8re dans votre main vous procurera une exp\u00e9rience confortable. Elle vous apportera \u00e9galement beaucoup de commodit\u00e9.<\/span><\/li>\n<li><span class=\"a-list-item\">100% Garantie de satisfaction : Pour vous assurer une exp\u00e9rience d'achat satisfaisante, n'h\u00e9sitez pas \u00e0 nous contacter si vous avez des questions ou des pr\u00e9occupations.<\/span><\/li>\n<\/ul>","protected":false},"featured_media":1259,"template":"","meta":{"_kad_post_transparent":"default","_kad_post_title":"","_kad_post_layout":"default","_kad_post_sidebar_id":"","_kad_post_content_style":"default","_kad_post_vertical_padding":"default","_kad_post_feature":"","_kad_post_feature_position":"","_kad_post_header":false,"_kad_post_footer":false,"jetpack_publicize_message":"","jetpack_publicize_feature_enabled":true,"jetpack_social_post_already_shared":false,"jetpack_social_options":{"image_generator_settings":{"template":"highway","default_image_id":0,"enabled":false},"version":2}},"product_brand":[],"product_cat":[28,24,27],"product_tag":[282,283,281],"class_list":{"0":"post-1258","1":"product","2":"type-product","3":"status-publish","4":"has-post-thumbnail","6":"product_cat-aluminum-jars","7":"product_cat-jars","8":"product_cat-metal-jars","9":"product_tag-aluminum-jar","10":"product_tag-aluminum-wax-tins","11":"product_tag-empty-metal-cans","13":"first","14":"instock","15":"shipping-taxable","16":"purchasable","17":"product-type-simple","18":"entry","19":"content-bg","20":"loop-entry"},"aioseo_notices":[],"jetpack_publicize_connections":[],"jetpack_sharing_enabled":true,"_links":{"self":[{"href":"https:\/\/yingmeipack.com\/fr\/wp-json\/wp\/v2\/product\/1258","targetHints":{"allow":["GET"]}}],"collection":[{"href":"https:\/\/yingmeipack.com\/fr\/wp-json\/wp\/v2\/product"}],"about":[{"href":"https:\/\/yingmeipack.com\/fr\/wp-json\/wp\/v2\/types\/product"}],"version-history":[{"count":1,"href":"https:\/\/yingmeipack.com\/fr\/wp-json\/wp\/v2\/product\/1258\/revisions"}],"predecessor-version":[{"id":1266,"href":"https:\/\/yingmeipack.com\/fr\/wp-json\/wp\/v2\/product\/1258\/revisions\/1266"}],"wp:featuredmedia":[{"embeddable":true,"href":"https:\/\/yingmeipack.com\/fr\/wp-json\/wp\/v2\/media\/1259"}],"wp:attachment":[{"href":"https:\/\/yingmeipack.com\/fr\/wp-json\/wp\/v2\/media?parent=1258"}],"wp:term":[{"taxonomy":"product_brand","embeddable":true,"href":"https:\/\/yingmeipack.com\/fr\/wp-json\/wp\/v2\/product_brand?post=1258"},{"taxonomy":"product_cat","embeddable":true,"href":"https:\/\/yingmeipack.com\/fr\/wp-json\/wp\/v2\/product_cat?post=1258"},{"taxonomy":"product_tag","embeddable":true,"href":"https:\/\/yingmeipack.com\/fr\/wp-json\/wp\/v2\/product_tag?post=1258"}],"curies":[{"name":"wp","href":"https:\/\/api.w.org\/{rel}","templated":true}]}}