{"id":1196,"date":"2023-04-12T02:59:06","date_gmt":"2023-04-12T02:59:06","guid":{"rendered":"https:\/\/yingmeipack.com\/?post_type=product&#038;p=1196"},"modified":"2025-06-05T08:47:26","modified_gmt":"2025-06-05T08:47:26","slug":"3oz-cosmetic-aluminum-tin-beard-oil-hair-wax-skin-care-cream","status":"publish","type":"product","link":"https:\/\/yingmeipack.com\/fr\/product\/3oz-cosmetic-aluminum-tin-beard-oil-hair-wax-skin-care-cream\/","title":{"rendered":"3oz Cosmetic Aluminum Tin beard oil hair wax skin care cream"},"content":{"rendered":"","protected":false},"excerpt":{"rendered":"<ul class=\"a-unordered-list a-vertical a-spacing-mini\">\n<li><span class=\"a-list-item\">Le paquet contient : 90 bo\u00eetes de conserve en aluminium avec couvercles viss\u00e9s.<\/span><\/li>\n<li><span class=\"a-list-item\">Capacit\u00e9 : 3oz\/90ml, 68mm<\/span><span class=\"a-list-item\">\"de diam\u00e8tre x 42 mm de hauteur.<\/span><\/li>\n<li><span class=\"a-list-item\">Mat\u00e9riau : Fabriqu\u00e9e en m\u00e9tal aluminium de haute qualit\u00e9, la bo\u00eete de conserve a une belle forme, un poids l\u00e9ger mais durable, elle est non toxique, sans odeur particuli\u00e8re et peut entrer en contact avec les aliments.<\/span><\/li>\n<li><span class=\"a-list-item\">Conception \u00e9tanche \u00e0 l'air : Les bo\u00eetes de conserve en m\u00e9tal et en aluminium sont dot\u00e9es d'un couvercle \u00e0 vis herm\u00e9tiquement ferm\u00e9, ce qui permet d'\u00e9viter efficacement les fuites. Vous pouvez les utiliser pour tous les types de stockage sans vous soucier des fuites.<\/span><\/li>\n<li><span class=\"a-list-item\">Applications multiples : Ces bo\u00eetes de conserve en aluminium vides peuvent \u00eatre largement utilis\u00e9es pour fabriquer des bougies ou stocker des pommades, des b\u00e2tons de lotion, des cr\u00e8mes, des pommades, des baumes \u00e0 barbe, des baumes, des \u00e9chantillons, des feuilles de th\u00e9, des bougies, des perles, etc. pour r\u00e9pondre \u00e0 vos diff\u00e9rents besoins. Ces petites bo\u00eetes de conserve sont \u00e9galement indispensables pour les voyages.<\/span><\/li>\n<\/ul>","protected":false},"featured_media":1197,"template":"","meta":{"_kad_post_transparent":"default","_kad_post_title":"","_kad_post_layout":"default","_kad_post_sidebar_id":"","_kad_post_content_style":"default","_kad_post_vertical_padding":"default","_kad_post_feature":"","_kad_post_feature_position":"","_kad_post_header":false,"_kad_post_footer":false,"jetpack_publicize_message":"","jetpack_publicize_feature_enabled":true,"jetpack_social_post_already_shared":false,"jetpack_social_options":{"image_generator_settings":{"template":"highway","default_image_id":0,"enabled":false},"version":2}},"product_brand":[],"product_cat":[28,24,27],"product_tag":[282,283,281],"class_list":{"0":"post-1196","1":"product","2":"type-product","3":"status-publish","4":"has-post-thumbnail","6":"product_cat-aluminum-jars","7":"product_cat-jars","8":"product_cat-metal-jars","9":"product_tag-aluminum-jar","10":"product_tag-aluminum-wax-tins","11":"product_tag-empty-metal-cans","13":"first","14":"instock","15":"shipping-taxable","16":"purchasable","17":"product-type-simple","18":"entry","19":"content-bg","20":"loop-entry"},"aioseo_notices":[],"jetpack_publicize_connections":[],"jetpack_sharing_enabled":true,"_links":{"self":[{"href":"https:\/\/yingmeipack.com\/fr\/wp-json\/wp\/v2\/product\/1196","targetHints":{"allow":["GET"]}}],"collection":[{"href":"https:\/\/yingmeipack.com\/fr\/wp-json\/wp\/v2\/product"}],"about":[{"href":"https:\/\/yingmeipack.com\/fr\/wp-json\/wp\/v2\/types\/product"}],"version-history":[{"count":1,"href":"https:\/\/yingmeipack.com\/fr\/wp-json\/wp\/v2\/product\/1196\/revisions"}],"predecessor-version":[{"id":1202,"href":"https:\/\/yingmeipack.com\/fr\/wp-json\/wp\/v2\/product\/1196\/revisions\/1202"}],"wp:featuredmedia":[{"embeddable":true,"href":"https:\/\/yingmeipack.com\/fr\/wp-json\/wp\/v2\/media\/1197"}],"wp:attachment":[{"href":"https:\/\/yingmeipack.com\/fr\/wp-json\/wp\/v2\/media?parent=1196"}],"wp:term":[{"taxonomy":"product_brand","embeddable":true,"href":"https:\/\/yingmeipack.com\/fr\/wp-json\/wp\/v2\/product_brand?post=1196"},{"taxonomy":"product_cat","embeddable":true,"href":"https:\/\/yingmeipack.com\/fr\/wp-json\/wp\/v2\/product_cat?post=1196"},{"taxonomy":"product_tag","embeddable":true,"href":"https:\/\/yingmeipack.com\/fr\/wp-json\/wp\/v2\/product_tag?post=1196"}],"curies":[{"name":"wp","href":"https:\/\/api.w.org\/{rel}","templated":true}]}}