{"id":1145,"date":"2023-04-11T03:49:14","date_gmt":"2023-04-11T03:49:14","guid":{"rendered":"https:\/\/yingmeipack.com\/?post_type=product&#038;p=1145"},"modified":"2025-06-05T08:54:39","modified_gmt":"2025-06-05T08:54:39","slug":"1-oz-aluminum-tin-cans-containers-with-screw-lid-for-balms","status":"publish","type":"product","link":"https:\/\/yingmeipack.com\/fr\/product\/1-oz-aluminum-tin-cans-containers-with-screw-lid-for-balms\/","title":{"rendered":"1 Oz Aluminium Tin Cans Containers with Screw Lid for Balms (bo\u00eetes en aluminium avec couvercle \u00e0 vis pour les baumes)"},"content":{"rendered":"","protected":false},"excerpt":{"rendered":"<ul class=\"a-unordered-list a-vertical a-spacing-mini\">\n<li><span class=\"a-list-item\">Bo\u00eete \u00e0 cr\u00e8me de maquillage : Ces bo\u00eetes cadeaux sont durables, r\u00e9sistantes \u00e0 l'usure et aux chutes. Une bo\u00eete d'emballage pour No\u00ebl, anniversaire, mariage,<\/span><\/li>\n<li><span class=\"a-list-item\">Bo\u00eete ronde en aluminium pour bougies : La bo\u00eete en fer blanc est un r\u00e9cipient vide de forme ronde, ce qui r\u00e9duit le risque de blesser les gens avec les bougies. Elle est facile \u00e0 ouvrir et \u00e0 fermer en toute s\u00e9curit\u00e9.<\/span><\/li>\n<li><span class=\"a-list-item\">Bo\u00eetes rondes en m\u00e9tal : Elles peuvent servir \u00e0 emballer des bo\u00eetes telles que des bo\u00eetes \u00e0 th\u00e9, des bo\u00eetes \u00e0 bonbons, des bo\u00eetes \u00e0 bijoux,<\/span><\/li>\n<li><span class=\"a-list-item\">Bo\u00eetes de feuilles de th\u00e9 : Fabriqu\u00e9es en aluminium, elles ne se cassent pas facilement et vous serviront pendant longtemps. Elles ont une surface lisse et peuvent \u00eatre plac\u00e9es les unes \u00e0 c\u00f4t\u00e9 des autres pour une utilisation pratique.<\/span><\/li>\n<li><span class=\"a-list-item\">R\u00e9cipients pour \u00e9chantillons de produits cosm\u00e9tiques : Construction sans couture, durable, facile \u00e0 transporter et \u00e0 utiliser. Projets de fabrication de bougies.<\/span><\/li>\n<\/ul>\n<ul class=\"a-unordered-list a-vertical a-spacing-mini\">\n<li><span class=\"a-list-item\">Pots en aluminium pour baume \u00e0 l\u00e8vres, pilules, bonbons, menthes, vitamines, soins de la peau, \u00e9chantillons de maquillage ou th\u00e9s en vrac, herbes, m\u00e9dicaments, etc.<\/span><\/li>\n<li><span class=\"a-list-item\">Couvercle \u00e0 vis pour pot rond Fabriqu\u00e9 en aluminium durable avec couvercle \u00e0 vis s\u00e9curis\u00e9 pour prot\u00e9ger vos produits et \u00e9viter les fuites.<\/span><\/li>\n<li><span class=\"a-list-item\">Ces couvercles de r\u00e9cipients \u00e0 vis n'ont pas d'ar\u00eates vives, tous les bords sont arrondis pour \u00e9viter de rayer votre main.<\/span><\/li>\n<li><span class=\"a-list-item\">Bo\u00eetes de 1 oz\/30ml avec couvercles L\u00e9g\u00e8res et petites, parfaites pour les voyages !<\/span><\/li>\n<\/ul>","protected":false},"featured_media":1146,"template":"","meta":{"_kad_post_transparent":"default","_kad_post_title":"","_kad_post_layout":"default","_kad_post_sidebar_id":"","_kad_post_content_style":"default","_kad_post_vertical_padding":"default","_kad_post_feature":"","_kad_post_feature_position":"","_kad_post_header":false,"_kad_post_footer":false,"jetpack_publicize_message":"","jetpack_publicize_feature_enabled":true,"jetpack_social_post_already_shared":false,"jetpack_social_options":{"image_generator_settings":{"template":"highway","default_image_id":0,"enabled":false},"version":2}},"product_brand":[],"product_cat":[28,24,27],"product_tag":[292,282,283,281],"class_list":{"0":"post-1145","1":"product","2":"type-product","3":"status-publish","4":"has-post-thumbnail","6":"product_cat-aluminum-jars","7":"product_cat-jars","8":"product_cat-metal-jars","9":"product_tag-25ml-aluminum-tin-jar","10":"product_tag-aluminum-jar","11":"product_tag-aluminum-wax-tins","12":"product_tag-empty-metal-cans","14":"first","15":"instock","16":"shipping-taxable","17":"purchasable","18":"product-type-simple","19":"entry","20":"content-bg","21":"loop-entry"},"aioseo_notices":[],"jetpack_publicize_connections":[],"jetpack_sharing_enabled":true,"_links":{"self":[{"href":"https:\/\/yingmeipack.com\/fr\/wp-json\/wp\/v2\/product\/1145","targetHints":{"allow":["GET"]}}],"collection":[{"href":"https:\/\/yingmeipack.com\/fr\/wp-json\/wp\/v2\/product"}],"about":[{"href":"https:\/\/yingmeipack.com\/fr\/wp-json\/wp\/v2\/types\/product"}],"version-history":[{"count":1,"href":"https:\/\/yingmeipack.com\/fr\/wp-json\/wp\/v2\/product\/1145\/revisions"}],"predecessor-version":[{"id":1153,"href":"https:\/\/yingmeipack.com\/fr\/wp-json\/wp\/v2\/product\/1145\/revisions\/1153"}],"wp:featuredmedia":[{"embeddable":true,"href":"https:\/\/yingmeipack.com\/fr\/wp-json\/wp\/v2\/media\/1146"}],"wp:attachment":[{"href":"https:\/\/yingmeipack.com\/fr\/wp-json\/wp\/v2\/media?parent=1145"}],"wp:term":[{"taxonomy":"product_brand","embeddable":true,"href":"https:\/\/yingmeipack.com\/fr\/wp-json\/wp\/v2\/product_brand?post=1145"},{"taxonomy":"product_cat","embeddable":true,"href":"https:\/\/yingmeipack.com\/fr\/wp-json\/wp\/v2\/product_cat?post=1145"},{"taxonomy":"product_tag","embeddable":true,"href":"https:\/\/yingmeipack.com\/fr\/wp-json\/wp\/v2\/product_tag?post=1145"}],"curies":[{"name":"wp","href":"https:\/\/api.w.org\/{rel}","templated":true}]}}